{"id":998,"date":"2018-10-16T20:23:55","date_gmt":"2018-10-16T20:23:55","guid":{"rendered":"http:\/\/mpet.ifam.edu.br\/wp_seta\/?page_id=998"},"modified":"2018-10-16T20:23:55","modified_gmt":"2018-10-16T20:23:55","slug":"seta-2018","status":"publish","type":"page","link":"https:\/\/ppget.ifam.edu.br\/w_seta_novo\/index.php\/seta-2018\/","title":{"rendered":"SETA 2018"},"content":{"rendered":"<h3><strong>Hist\u00f3rico do SETA 2018<\/strong><\/h3>\n<p>Nos dias 27 e 28 de setembro foi realizado o IV Simp\u00f3sio em Ensino Tecnol\u00f3gico do Amazonas (SETA 2018). A\u00e7\u00e3o promovida pelo Curso de Mestrado Profissional em Ensino Tecnol\u00f3gico (MPET) do Instituto Federal de Educa\u00e7\u00e3o, Ci\u00eancia e Tecnologia do Amazonas (IFAM) e organizado pela turma de mestrado 2017, sob a coordena\u00e7\u00e3o das Professoras Dra. Rosa Oliveira Marins Azevedo e Dra. Lucilene da Silva Paes, com a importante contribui\u00e7\u00e3o da profa. Dra. Andr\u00e9a Pereira Mendonca, coordenadora do MPET, professores do curso, secretaria, alunos das licenciaturas e volunt\u00e1rios.<\/p>\n<p>Nessa edi\u00e7\u00e3o, que ocorreu em dois dias e teve como tema \u201cEnsino Tecnol\u00f3gico: desafios da pesquisa e do trabalho docente\u201d, foram apresentadas algumas novidades na programa\u00e7\u00e3o e uma nova forma de organiza\u00e7\u00e3o.<\/p>\n<p>No primeiro dia iniciamos com o Teacher Talks, uma proposta de promover uma conversa sobre Educa\u00e7\u00e3o e TIC, com a presen\u00e7a de Karen Koga Prestes, coordenadora de tecnologias do n\u00facleo de EaD da Universidade Nilton Lins, educadora de inform\u00e1tica e rob\u00f3tica educacional com certifica\u00e7\u00e3o educacional Lego Education; Vallace Herran, coordenador Geral do N\u00facleo de Educa\u00e7\u00e3o a Dist\u00e2ncia da Universidade Nilton Lins e coordenador do Curso de Pedagogia da mesma institui\u00e7\u00e3o; Reinier Alex, um dos l\u00edderes da comunidade GEG Manaus (Grupo de Educadores Google). A conversa foi mediada pela Profa. Dra. Andr\u00e9a Pereira Mendon\u00e7a. Em seguida, foi realizado o Caf\u00e9 Criativo, onde os mestrandos da turma de 2018 tiveram a oportunidade de mostrar e conversar sobre seus projetos com os participantes do simp\u00f3sio, durante um coffeebreak.<\/p>\n<p>No segundo dia foram realizadas atividades pela manh\u00e3 e \u00e0 tarde.<\/p>\n<p>Pela manha foram realizadas cinco oficinas: 1) Produ\u00e7\u00e3o de games para o ensino, ministrante: Aust\u00f4nio Q. dos Santos; 2) Ensino da leitura atrav\u00e9s de v\u00eddeos e anima\u00e7\u00f5es com o aplicativo PIC PAC, ministrantes: Leida Givane C. Ribeiro e Neudmar Ferreira Pacheco; 3) Aprendizagem Criativa \u2013 Integrando Scratch e Arduino, ministrantes: Luciana Muniz de Souza, Jo\u00e3o Paulo F. Lima e Silva, Luiz Felipe Duarte Alves, Natan Ferreira Valente, Luiz Kevin de Souza Rios, J\u00e9ssica Souza de Lima e Luca Teixeira Nascimento; 4) Aprendizagem baseada em problemas: uma abordagem interdisciplinar de ensino utilizando recursos tecnol\u00f3gicos, ministrante: George Souza; 5) Cria\u00e7\u00e3o e divulga\u00e7\u00e3o de produtos educacionais: ferramentas e t\u00e9cnicas, ministrante: Amarinildo O. de Souza.<\/p>\n<p>As atividades da tarde foram iniciadas com as apresenta\u00e7\u00f5es dos trabalhos aceitos para o Simp\u00f3sio e que ir\u00e3o compor os Anais do evento. No total foram recebidos 50 artigos e 24 relatos de experi\u00eancia, sendo aprovados 38 artigos (em quatro eixos tem\u00e1ticos: Forma\u00e7\u00e3o de Professores, Recursos Pedag\u00f3gicos, Ci\u00eancia, Tecnologia e Sociedade, Educa\u00e7\u00e3o Inclusiva e Ensino) e 22 relatos de experi\u00eancia, com tem\u00e1ticas relacionadas \u00e0 \u201cMinha Pr\u00e1tica em Aula\u201d. Em continuidade, ocorreu uma Mostra de Produtos Educacionais com a participa\u00e7\u00e3o de egressos do curso, que interagiram com os participantes do evento e divulgando os produtos de suas pesquisas. No fim da tarde, o Prof. Dr. J\u00falio Em\u00edlio Diniz-Pereira palestrou sobre o tema &#8220;O que sabemos e n\u00e3o sabemos sobre formar professores&#8221;, havendo ao final um momento importante de participa\u00e7\u00e3o do p\u00fablico com perguntas. O momento contou com sorteios e foi finalizado com os agradecimentos das Professoras Dra. Rosa Oliveira Marins Azevedo e Dra. Lucilene da Silva Paes aos participantes do SETA 2018. O Caf\u00e9 ComCi\u00eancia encerrou o evento, com o lan\u00e7amento de quatro obras: 1) Avalia\u00e7\u00e3o da Aprendizagem nas Representa\u00e7\u00f5es de Professores Ind\u00edgenas, da autora<br \/>\nJosiani Mendes Silva; 2) Forma\u00e7\u00e3o de Professores e Estrat\u00e9gias de Ensino: perspectivas te\u00f3rico-Pr\u00e1ticas, organizado por Ana Cl\u00e1udia Ribeiro de Souza, Iandra Maria Weirich da Silva Coelho, Jo\u00e3o dos Santos Cabral Neto e Rosa Oliveira Marins Azevedo; 3) Guia Did\u00e1tico: origem, forma\u00e7\u00e3o e eros\u00e3o do solo, dos autores Juvenal Severino Botelho e Jean Dalmo de Oliveira Marques; 4) Cartilha: amigos do solo, dos autores Alexandre Nicolette S. Oliveira e Jean Dalmo de Oliveira Marques. Durante o lan\u00e7amento das obras houve o oferecimento de um coffeebreak, m\u00fasica ao vivo, com o cantor James Baloeiro Saraiva, e<br \/>\nconversa com os autores dos livros.<\/p>\n<p>Registro fotogr\u00e1fico dos momentos do Evento: <a href=\"https:\/\/www.flickr.com\/photos\/157119120@N05\/\" target=\"_blank\" rel=\"noopener noreferrer\">FOTOS<\/a><\/p>\n<p>&nbsp;<\/p>\n<p>&nbsp;<\/p>\n","protected":false},"excerpt":{"rendered":"<p>Hist\u00f3rico do SETA 2018 Nos dias 27 e 28 de setembro foi realizado o IV Simp\u00f3sio em Ensino Tecnol\u00f3gico do Amazonas (SETA 2018). A\u00e7\u00e3o promovida pelo Curso de Mestrado Profissional &#8230;<\/p>\n","protected":false},"author":1,"featured_media":0,"parent":0,"menu_order":0,"comment_status":"closed","ping_status":"closed","template":"","meta":{"_uag_custom_page_level_css":"","footnotes":""},"class_list":["post-998","page","type-page","status-publish","hentry"],"uagb_featured_image_src":{"full":false,"thumbnail":false,"medium":false,"medium_large":false,"large":false,"1536x1536":false,"2048x2048":false,"onepress-blog-small":false,"onepress-small":false,"onepress-medium":false},"uagb_author_info":{"display_name":"ppget_admin","author_link":"https:\/\/ppget.ifam.edu.br\/w_seta_novo\/index.php\/author\/ppget_admin\/"},"uagb_comment_info":0,"uagb_excerpt":"Hist\u00f3rico do SETA 2018 Nos dias 27 e 28 de setembro foi realizado o IV Simp\u00f3sio em Ensino Tecnol\u00f3gico do Amazonas (SETA 2018). A\u00e7\u00e3o promovida pelo Curso de Mestrado Profissional ...","_links":{"self":[{"href":"https:\/\/ppget.ifam.edu.br\/w_seta_novo\/index.php\/wp-json\/wp\/v2\/pages\/998","targetHints":{"allow":["GET"]}}],"collection":[{"href":"https:\/\/ppget.ifam.edu.br\/w_seta_novo\/index.php\/wp-json\/wp\/v2\/pages"}],"about":[{"href":"https:\/\/ppget.ifam.edu.br\/w_seta_novo\/index.php\/wp-json\/wp\/v2\/types\/page"}],"author":[{"embeddable":true,"href":"https:\/\/ppget.ifam.edu.br\/w_seta_novo\/index.php\/wp-json\/wp\/v2\/users\/1"}],"replies":[{"embeddable":true,"href":"https:\/\/ppget.ifam.edu.br\/w_seta_novo\/index.php\/wp-json\/wp\/v2\/comments?post=998"}],"version-history":[{"count":0,"href":"https:\/\/ppget.ifam.edu.br\/w_seta_novo\/index.php\/wp-json\/wp\/v2\/pages\/998\/revisions"}],"wp:attachment":[{"href":"https:\/\/ppget.ifam.edu.br\/w_seta_novo\/index.php\/wp-json\/wp\/v2\/media?parent=998"}],"curies":[{"name":"wp","href":"https:\/\/api.w.org\/{rel}","templated":true}]}}