{"id":856,"date":"2018-05-25T23:08:42","date_gmt":"2018-05-25T23:08:42","guid":{"rendered":"http:\/\/mpet.ifam.edu.br\/wp_seta\/?page_id=856"},"modified":"2018-05-25T23:08:42","modified_gmt":"2018-05-25T23:08:42","slug":"seta-2017","status":"publish","type":"page","link":"https:\/\/ppget.ifam.edu.br\/w_seta_novo\/index.php\/seta-2017\/","title":{"rendered":"SETA 2017"},"content":{"rendered":"<h3><strong>Hist\u00f3rico do SETA 2017<\/strong><\/h3>\n<p>A terceira edi\u00e7\u00e3o do Simp\u00f3sio em Ensino Tecnol\u00f3gico no Amazonas (SETA 2017) foi realizada em Manaus, no Instituto Federal de Educa\u00e7\u00e3o, Ci\u00eancia e Tecnologia do Amazonas (IFAM), campus Manaus Centro, nos dias 28 e 29 de setembro de 2017. O evento \u00e9 promovido pelo Curso de Mestrado Profissional em Ensino Tecnol\u00f3gico (MPET) do Instituto Federal de Educa\u00e7\u00e3o, Ci\u00eancia e Tecnologia do Amazonas (IFAM) e reuniu cerca de 250 inscritos, entre eles pesquisadores e professores de diferentes n\u00edveis de ensino, assim como estudantes de gradua\u00e7\u00e3o e p\u00f3s-gradua\u00e7\u00e3o.<\/p>\n<p>O evento sob a tem\u00e1tica \u201cForma\u00e7\u00e3o de Professores: tend\u00eancias e articula\u00e7\u00f5es no ensino tecnol\u00f3gico\u201d procurou divulgar a pesquisa cient\u00edfica e tecnol\u00f3gica, promover a integra\u00e7\u00e3o cient\u00edfica e tecnol\u00f3gica entre os diferentes grupos de pesquisa e divulgar relatos de experi\u00eancias da educa\u00e7\u00e3o b\u00e1sica, t\u00e9cnica e tecnol\u00f3gica. Dessa forma, o evento promoveu in\u00fameras discuss\u00f5es sobre a forma\u00e7\u00e3o de professores, inclusive possibilitando a forma\u00e7\u00e3o de redes de contato e novas produ\u00e7\u00f5es.<\/p>\n<p>A programa\u00e7\u00e3o iniciou na quinta-feira (28), pela manh\u00e3, com a cerim\u00f4nia de abertura que contou com a presen\u00e7a de convidados, entre eles: Prof\u00aa. Maria Stela Vasconcelos Nunes de Mello (Diretora do Campus Manaus Centro), Prof\u00aa. Dra. Sandra Magni Darwich (Pr\u00f3-Reitoria de Extens\u00e3o \u2013 PROEX, representando o Magn\u00edfico Reitor do Instituto Federal do Amazonas, Prof. Ant\u00f4nio Ven\u00e2ncio Castelo Branco), Prof. Dr. Jos\u00e9 Pinheiro de Queiroz Neto (Pr\u00f3-Reitor de Pesquisa, P\u00f3s-Gradua\u00e7\u00e3o e Inova\u00e7\u00e3o), Prof. Dr. Amarildo Menezes Gonzaga (Diretor da Diretoria de Pesquisa e P\u00f3s-Gradua\u00e7\u00e3o do Campus Manaus Centro) e Profa. Dra. Rosa Oliveira Marins Azevedo (Coordenadora do Mestrado Profissional em Ensino Tecnol\u00f3gico).<\/p>\n<p>No segundo dia de evento, no per\u00edodo da manh\u00e3, ocorreu a Oficina \u201cFerramentas Google para educa\u00e7\u00e3o\u201d, realizada pela aluna do MPET Aldemira de Ara\u00fajo C\u00e2mara e por Lana Cristina Fernandes Pinto, da Ger\u00eancia de Tecnologia Educacional \u2013 SEMED\/AM. Concomitante \u00e0 oficina, ocorreu a exibi\u00e7\u00e3o do filme \u00c1gora, comentado pelo Prof. Dr. Jo\u00e3o Neto e a pela mestranda Darl\u00e9a Ara\u00fajo de Souza.<\/p>\n<p>Ainda no segundo dia do evento, no per\u00edodo vespertino, o Prof. Dr. Rochel Monteiro Lago (UFMG) proferiu a palestra intitulada \u201cEnsino, Pesquisa, Inova\u00e7\u00e3o e Responsabilidade Social\u201d. Ap\u00f3s a palestra, foram realizadas as apresenta\u00e7\u00f5es dos artigos aprovados para o SETA 2016. As apresenta\u00e7\u00f5es foram organizadas em salas tem\u00e1ticas no hor\u00e1rio de 16h \u00e0s 17:30 horas: na Sala 1 \u2013 Forma\u00e7\u00e3o de professores, mediada pela Profa. Dra. Ana Cl\u00e1udia Ribeiro, Prof. Dr. Davi Avelino Leal e Prof. Dr. Amarildo Menezes Gonzaga; na Sala 2 \u2013 Recursos Pedag\u00f3gicos e experi\u00eancias em Ensino, mediada pela Profa. Dra. Lucilene da Silva Paes, Prof. Dr. Jean Dalmo Marques e Prof. Dr. Edson Chaves Valente; na Sala 3 \u2013 Ci\u00eancia, Tecnologia e Sociedade no contexto educacional, com os professores mediadores: Prof. Dr. Jo\u00e3o dos Santos Cabral Neto; Profa. Dra. Andrea P. Mendon\u00e7a; Prof. Dr. Jos\u00e9 Anglada Rivera e Profa. Dra. Iandra W. Coelho; na Sala 4 \u2013 Educa\u00e7\u00e3o Inclusiva e Ensino, com os professores mediadores Profa. Dra. Elaine Maria Bessa R. Guerreiro, Profa. Dra. Rosa Azevedo e Prof. Dr. Nilton Ponciano.<\/p>\n<p>A cerim\u00f4nia iniciou com a apresenta\u00e7\u00e3o dos alunos da Escola Municipal de Educa\u00e7\u00e3o Especial \u201cAndr\u00e9 Vidal de Ara\u00fajo\u201d (EMEE), sob coordena\u00e7\u00e3o do Prof. Helivan Dantas \u2013 Diretor do EMEE. Os alunos animaram o p\u00fablico com uma coreografia dan\u00e7ante ao som de cl\u00e1ssicos do sertanejo e trouxeram uma mensagem de supera\u00e7\u00e3o e otimismo para os presentes.<\/p>\n<p>Dando continuidade aos trabalhos, aconteceu a palestra do professor e fil\u00f3sofo Evandro Ghedin, doutor em Educa\u00e7\u00e3o pela Universidade de S\u00e3o Paulo e importante pesquisador nas \u00e1reas de Ci\u00eancias Humanas e Educa\u00e7\u00e3o. O tema abordado pelo palestrante foi: \u201cBases epistemol\u00f3gicas da forma\u00e7\u00e3o docente suas tend\u00eancias e dimens\u00f5es\u201d. No encerramento da palestra houve um momento, mediado pela Profa. Dra. Cinara Calvi Anic, para perguntas e respostas.<\/p>\n<p>Na tarde do dia 28, foram realizadas as apresenta\u00e7\u00f5es dos trabalhos aceitos para o Simp\u00f3sio e que ir\u00e3o compor os Anais desta edi\u00e7\u00e3o. De quarenta e sete (47) artigos completos submetidos para o evento, vinte e dois (22) foram aceitos para publica\u00e7\u00e3o e apresentados durante o evento em quatro eixos tem\u00e1ticos: Forma\u00e7\u00e3o de Professores, Recursos Pedag\u00f3gicos, Ci\u00eancia, Tecnologia e Sociedade, Educa\u00e7\u00e3o Inclusiva e Ensino; e 17 relatos de experi\u00eancia, com tem\u00e1ticas relacionadas \u00e0 \u201cMinha Pr\u00e1tica em Aula\u201d.<\/p>\n<p>No segundo dia (29), pela manh\u00e3, foram realizadas quatro oficinais e uma sess\u00e3o interativa. Oficinas: 1) Realidade Virtual Aplicada ao Ensino ministrada pelos mestrandos Henrique Oliveira Lima, Janny Christiny Fernandes Lima e M\u00e1rcio Silveira Nascimento; 2) Stop Motion e Aplica\u00e7\u00f5es na Educa\u00e7\u00e3o, ministrada pelo egresso do MPET Almir de Oliveira Costa j\u00fanior; 3) Programa\u00e7\u00e3o com Scratch para Aprender Matem\u00e1tica, ministrada pelas egressas do MPET Adriana Nogueira Tavares, Danielle Cristina Oliveira Ferreira, Cynara Benarr\u00f3s e Helen Rocha; 4) O Ensino por Meio da Literatura de Cordel Ministrantes, ministrada pelos egressos do MPET Alzanira de Souza Santos, Juvenal Severino Botelho, Let\u00edcia Silva e Nelma Loureiro. Sess\u00e3o Interativa: Minha Pr\u00e1tica na Escola, ministradas pelos mestrandos Augusto Jos\u00e9 Savedra Lima, Suelem Maquin\u00e9 Rodrigues, Heliamara Paix\u00e3o de Souza e Edson Castelo Branco Feitosa J\u00fanior.<\/p>\n<p>Para a palestra de encerramento, \u00e0 tarde, o tema abordado foi: \u201cO professor no s\u00e9culo XXI\u201d, com a participa\u00e7\u00e3o da jornalista Anna Penido, diretora do Instituto Inspirare, que busca difundir pol\u00edticas, programas e investimentos que ampliem a qualidade da educa\u00e7\u00e3o no Brasil. Na sequ\u00eancia, tamb\u00e9m houve um momento para perguntas e respostas, desta vez, mediado pelo Prof. Dr. Jo\u00e3o dos Santos Cabral Neto. A cerim\u00f4nia encerrou com a apresenta\u00e7\u00e3o da Banda Marcial do Servi\u00e7o Social do Com\u00e9rcio (Sesc), que tocou cl\u00e1ssicos do jazz e da MPB.<\/p>\n<p>&nbsp;<\/p>\n","protected":false},"excerpt":{"rendered":"<p>Hist\u00f3rico do SETA 2017 A terceira edi\u00e7\u00e3o do Simp\u00f3sio em Ensino Tecnol\u00f3gico no Amazonas (SETA 2017) foi realizada em Manaus, no Instituto Federal de Educa\u00e7\u00e3o, Ci\u00eancia e Tecnologia do Amazonas &#8230;<\/p>\n","protected":false},"author":1,"featured_media":0,"parent":0,"menu_order":0,"comment_status":"closed","ping_status":"closed","template":"","meta":{"_uag_custom_page_level_css":"","footnotes":""},"class_list":["post-856","page","type-page","status-publish","hentry"],"uagb_featured_image_src":{"full":false,"thumbnail":false,"medium":false,"medium_large":false,"large":false,"1536x1536":false,"2048x2048":false,"onepress-blog-small":false,"onepress-small":false,"onepress-medium":false},"uagb_author_info":{"display_name":"ppget_admin","author_link":"https:\/\/ppget.ifam.edu.br\/w_seta_novo\/index.php\/author\/ppget_admin\/"},"uagb_comment_info":0,"uagb_excerpt":"Hist\u00f3rico do SETA 2017 A terceira edi\u00e7\u00e3o do Simp\u00f3sio em Ensino Tecnol\u00f3gico no Amazonas (SETA 2017) foi realizada em Manaus, no Instituto Federal de Educa\u00e7\u00e3o, Ci\u00eancia e Tecnologia do Amazonas ...","_links":{"self":[{"href":"https:\/\/ppget.ifam.edu.br\/w_seta_novo\/index.php\/wp-json\/wp\/v2\/pages\/856","targetHints":{"allow":["GET"]}}],"collection":[{"href":"https:\/\/ppget.ifam.edu.br\/w_seta_novo\/index.php\/wp-json\/wp\/v2\/pages"}],"about":[{"href":"https:\/\/ppget.ifam.edu.br\/w_seta_novo\/index.php\/wp-json\/wp\/v2\/types\/page"}],"author":[{"embeddable":true,"href":"https:\/\/ppget.ifam.edu.br\/w_seta_novo\/index.php\/wp-json\/wp\/v2\/users\/1"}],"replies":[{"embeddable":true,"href":"https:\/\/ppget.ifam.edu.br\/w_seta_novo\/index.php\/wp-json\/wp\/v2\/comments?post=856"}],"version-history":[{"count":0,"href":"https:\/\/ppget.ifam.edu.br\/w_seta_novo\/index.php\/wp-json\/wp\/v2\/pages\/856\/revisions"}],"wp:attachment":[{"href":"https:\/\/ppget.ifam.edu.br\/w_seta_novo\/index.php\/wp-json\/wp\/v2\/media?parent=856"}],"curies":[{"name":"wp","href":"https:\/\/api.w.org\/{rel}","templated":true}]}}