{"id":4173,"date":"2024-08-24T19:12:35","date_gmt":"2024-08-24T22:12:35","guid":{"rendered":"https:\/\/ppget.ifam.edu.br\/w_seta_novo\/?page_id=4173"},"modified":"2024-09-05T14:31:42","modified_gmt":"2024-09-05T17:31:42","slug":"identidade-visual-seta-2024","status":"publish","type":"page","link":"https:\/\/ppget.ifam.edu.br\/w_seta_novo\/index.php\/identidade-visual-seta-2024\/","title":{"rendered":"Identidade visual Seta 2024"},"content":{"rendered":"\t\t<div data-elementor-type=\"wp-page\" data-elementor-id=\"4173\" class=\"elementor elementor-4173\">\n\t\t\t\t\t\t<section class=\"elementor-section elementor-top-section elementor-element elementor-element-9877d11 elementor-section-boxed elementor-section-height-default elementor-section-height-default\" data-id=\"9877d11\" data-element_type=\"section\" data-e-type=\"section\">\n\t\t\t\t\t\t<div class=\"elementor-container elementor-column-gap-default\">\n\t\t\t\t\t<div class=\"elementor-column elementor-col-100 elementor-top-column elementor-element elementor-element-6c71cc8\" data-id=\"6c71cc8\" data-element_type=\"column\" data-e-type=\"column\">\n\t\t\t<div class=\"elementor-widget-wrap elementor-element-populated\">\n\t\t\t\t\t\t<div class=\"elementor-element elementor-element-aef77bc elementor-widget elementor-widget-text-editor\" data-id=\"aef77bc\" data-element_type=\"widget\" data-e-type=\"widget\" data-widget_type=\"text-editor.default\">\n\t\t\t\t<div class=\"elementor-widget-container\">\n\t\t\t\t\t\t\t\t\t<p style=\"text-align: justify;\">A <a href=\"https:\/\/heyzine.com\/flip-book\/908a4a01a6.html\">identidade visual <\/a>do 10\u00ba Seta \u00e9 inspirada nas paisagens deslumbrantes e na riqueza natural da floresta amaz\u00f4nica.<\/p><p style=\"text-align: justify;\">O objetivo \u00e9 exaltar as belezas \u00fanicas da regi\u00e3o amaz\u00f4nica, enquanto se associa essa biodiversidade com o avan\u00e7o tecnol\u00f3gico e educacional, criando um elo visual e conceitual entre o conhecimento moderno e a sustentabilidade natural da floresta.\u00a0<\/p><div id=\"acfifjfajpekbmhmjppnmmjgmhjkildl\" class=\"acfifjfajpekbmhmjppnmmjgmhjkildl\">\u00a0<\/div><div id=\"acfifjfajpekbmhmjppnmmjgmhjkildl\" class=\"acfifjfajpekbmhmjppnmmjgmhjkildl\">\u00a0<\/div><div id=\"acfifjfajpekbmhmjppnmmjgmhjkildl\" class=\"acfifjfajpekbmhmjppnmmjgmhjkildl\">\u00a0<\/div>\t\t\t\t\t\t\t\t<\/div>\n\t\t\t\t<\/div>\n\t\t\t\t\t<\/div>\n\t\t<\/div>\n\t\t\t\t\t<\/div>\n\t\t<\/section>\n\t\t\t\t<\/div>\n\t\t","protected":false},"excerpt":{"rendered":"<p>A identidade visual do 10\u00ba Seta \u00e9 inspirada nas paisagens deslumbrantes e na riqueza natural da floresta amaz\u00f4nica. O objetivo \u00e9 exaltar as belezas \u00fanicas da regi\u00e3o amaz\u00f4nica, enquanto se &#8230;<\/p>\n","protected":false},"author":11,"featured_media":0,"parent":0,"menu_order":0,"comment_status":"closed","ping_status":"closed","template":"","meta":{"_uag_custom_page_level_css":"","footnotes":""},"class_list":["post-4173","page","type-page","status-publish","hentry"],"uagb_featured_image_src":{"full":false,"thumbnail":false,"medium":false,"medium_large":false,"large":false,"1536x1536":false,"2048x2048":false,"onepress-blog-small":false,"onepress-small":false,"onepress-medium":false},"uagb_author_info":{"display_name":"Virginia Albuquerque","author_link":"https:\/\/ppget.ifam.edu.br\/w_seta_novo\/index.php\/author\/seta2024\/"},"uagb_comment_info":0,"uagb_excerpt":"A identidade visual do 10\u00ba Seta \u00e9 inspirada nas paisagens deslumbrantes e na riqueza natural da floresta amaz\u00f4nica. O objetivo \u00e9 exaltar as belezas \u00fanicas da regi\u00e3o amaz\u00f4nica, enquanto se ...","_links":{"self":[{"href":"https:\/\/ppget.ifam.edu.br\/w_seta_novo\/index.php\/wp-json\/wp\/v2\/pages\/4173","targetHints":{"allow":["GET"]}}],"collection":[{"href":"https:\/\/ppget.ifam.edu.br\/w_seta_novo\/index.php\/wp-json\/wp\/v2\/pages"}],"about":[{"href":"https:\/\/ppget.ifam.edu.br\/w_seta_novo\/index.php\/wp-json\/wp\/v2\/types\/page"}],"author":[{"embeddable":true,"href":"https:\/\/ppget.ifam.edu.br\/w_seta_novo\/index.php\/wp-json\/wp\/v2\/users\/11"}],"replies":[{"embeddable":true,"href":"https:\/\/ppget.ifam.edu.br\/w_seta_novo\/index.php\/wp-json\/wp\/v2\/comments?post=4173"}],"version-history":[{"count":22,"href":"https:\/\/ppget.ifam.edu.br\/w_seta_novo\/index.php\/wp-json\/wp\/v2\/pages\/4173\/revisions"}],"predecessor-version":[{"id":4268,"href":"https:\/\/ppget.ifam.edu.br\/w_seta_novo\/index.php\/wp-json\/wp\/v2\/pages\/4173\/revisions\/4268"}],"wp:attachment":[{"href":"https:\/\/ppget.ifam.edu.br\/w_seta_novo\/index.php\/wp-json\/wp\/v2\/media?parent=4173"}],"curies":[{"name":"wp","href":"https:\/\/api.w.org\/{rel}","templated":true}]}}