{"id":3966,"date":"2023-11-16T13:03:49","date_gmt":"2023-11-16T16:03:49","guid":{"rendered":"http:\/\/ppget.ifam.edu.br\/w_seta_novo\/?page_id=3966"},"modified":"2024-08-24T19:32:20","modified_gmt":"2024-08-24T22:32:20","slug":"comunicacao-oral","status":"publish","type":"page","link":"https:\/\/ppget.ifam.edu.br\/w_seta_novo\/index.php\/comunicacao-oral\/","title":{"rendered":"Comunica\u00e7\u00e3o oral"},"content":{"rendered":"\t\t<div data-elementor-type=\"wp-page\" data-elementor-id=\"3966\" class=\"elementor elementor-3966\">\n\t\t\t\t\t\t<section class=\"elementor-section elementor-top-section elementor-element elementor-element-d10be08 elementor-section-boxed elementor-section-height-default elementor-section-height-default\" data-id=\"d10be08\" data-element_type=\"section\" data-e-type=\"section\">\n\t\t\t\t\t\t<div class=\"elementor-container elementor-column-gap-default\">\n\t\t\t\t\t<div class=\"elementor-column elementor-col-100 elementor-top-column elementor-element elementor-element-e224eef\" data-id=\"e224eef\" data-element_type=\"column\" data-e-type=\"column\">\n\t\t\t<div class=\"elementor-widget-wrap elementor-element-populated\">\n\t\t\t\t\t\t<div class=\"elementor-element elementor-element-cc4c9c3 elementor-widget elementor-widget-heading\" data-id=\"cc4c9c3\" data-element_type=\"widget\" data-e-type=\"widget\" data-widget_type=\"heading.default\">\n\t\t\t\t<div class=\"elementor-widget-container\">\n\t\t\t\t\t<h4 class=\"elementor-heading-title elementor-size-default\">Trabalhos aprovados e selecionados para Comunica\u00e7\u00e3o Oral no SETA 2024<\/h4>\t\t\t\t<\/div>\n\t\t\t\t<\/div>\n\t\t\t\t\t<\/div>\n\t\t<\/div>\n\t\t\t\t\t<\/div>\n\t\t<\/section>\n\t\t\t\t<section class=\"elementor-section elementor-top-section elementor-element elementor-element-d952064 elementor-section-boxed elementor-section-height-default elementor-section-height-default\" data-id=\"d952064\" data-element_type=\"section\" data-e-type=\"section\">\n\t\t\t\t\t\t<div class=\"elementor-container elementor-column-gap-default\">\n\t\t\t\t\t<div class=\"elementor-column elementor-col-100 elementor-top-column elementor-element elementor-element-e48d8b5\" data-id=\"e48d8b5\" data-element_type=\"column\" data-e-type=\"column\">\n\t\t\t<div class=\"elementor-widget-wrap elementor-element-populated\">\n\t\t\t\t\t\t<div class=\"elementor-element elementor-element-a7dbce1 elementor-widget elementor-widget-text-editor\" data-id=\"a7dbce1\" data-element_type=\"widget\" data-e-type=\"widget\" data-widget_type=\"text-editor.default\">\n\t\t\t\t<div class=\"elementor-widget-container\">\n\t\t\t\t\t\t\t\t\t<p style=\"text-align: justify;\">Conforme orienta\u00e7\u00f5es para submiss\u00e3o de trabalhos no SETA 2024 disponibilizadas no site (<a href=\"http:\/\/ppget.ifam.edu.br\/w_seta_novo\/index.php\/orientacoes-para-submissao\/\" target=\"_blank\" rel=\"noopener\">http:\/\/ppget.ifam.edu.br\/w_seta_novo\/index.php\/orientacoes-para-submissao\/<\/a>), divulgaremos nesta p\u00e1gina os trabalhos selecionados para a Comunica\u00e7\u00e3o oral de forma presencial no IFAM, Campus Manaus Centro.&nbsp;&nbsp;<\/p>\n<p style=\"text-align: justify;\">As Comunica\u00e7\u00f5es orais dos artigos e relatos ser\u00e3o realizadas no dia <strong>28\/11\/2024<\/strong> de <strong>8h \u00e0s 12h<\/strong> e <strong>14h \u00e0s 17h<\/strong> nas Salas Tem\u00e1ticas designadas pela Comiss\u00e3o de Submiss\u00e3o de Trabalhos.&nbsp; Encaminharemos informa\u00e7\u00f5es e orienta\u00e7\u00f5es por e-mail aos trabalhos aprovados e selecionados para Comunica\u00e7\u00e3o Oral do SETA 2024.&nbsp;&nbsp;<\/p>\n<p><i>Template<\/i> para utilizar na Comunica\u00e7\u00e3o Oral do artigo e do relato no SETA 2024V(Ser\u00e1 enviado juntamente com orienta\u00e7\u00f5es por e-mails).&nbsp; Disponibilizaremos os <i>templates<\/i> em breve aqui por meio de link.<\/p>\t\t\t\t\t\t\t\t<\/div>\n\t\t\t\t<\/div>\n\t\t\t\t\t<\/div>\n\t\t<\/div>\n\t\t\t\t\t<\/div>\n\t\t<\/section>\n\t\t\t\t<\/div>\n\t\t","protected":false},"excerpt":{"rendered":"<p>Trabalhos aprovados e selecionados para Comunica\u00e7\u00e3o Oral no SETA 2024 Conforme orienta\u00e7\u00f5es para submiss\u00e3o de trabalhos no SETA 2024 disponibilizadas no site (http:\/\/ppget.ifam.edu.br\/w_seta_novo\/index.php\/orientacoes-para-submissao\/), divulgaremos nesta p\u00e1gina os trabalhos selecionados para &#8230;<\/p>\n","protected":false},"author":4,"featured_media":0,"parent":0,"menu_order":0,"comment_status":"closed","ping_status":"closed","template":"","meta":{"_uag_custom_page_level_css":"","footnotes":""},"class_list":["post-3966","page","type-page","status-publish","hentry"],"uagb_featured_image_src":{"full":false,"thumbnail":false,"medium":false,"medium_large":false,"large":false,"1536x1536":false,"2048x2048":false,"onepress-blog-small":false,"onepress-small":false,"onepress-medium":false},"uagb_author_info":{"display_name":"Gilmara Maquine","author_link":"https:\/\/ppget.ifam.edu.br\/w_seta_novo\/index.php\/author\/gilmara\/"},"uagb_comment_info":0,"uagb_excerpt":"Trabalhos aprovados e selecionados para Comunica\u00e7\u00e3o Oral no SETA 2024 Conforme orienta\u00e7\u00f5es para submiss\u00e3o de trabalhos no SETA 2024 disponibilizadas no site (http:\/\/ppget.ifam.edu.br\/w_seta_novo\/index.php\/orientacoes-para-submissao\/), divulgaremos nesta p\u00e1gina os trabalhos selecionados para ...","_links":{"self":[{"href":"https:\/\/ppget.ifam.edu.br\/w_seta_novo\/index.php\/wp-json\/wp\/v2\/pages\/3966","targetHints":{"allow":["GET"]}}],"collection":[{"href":"https:\/\/ppget.ifam.edu.br\/w_seta_novo\/index.php\/wp-json\/wp\/v2\/pages"}],"about":[{"href":"https:\/\/ppget.ifam.edu.br\/w_seta_novo\/index.php\/wp-json\/wp\/v2\/types\/page"}],"author":[{"embeddable":true,"href":"https:\/\/ppget.ifam.edu.br\/w_seta_novo\/index.php\/wp-json\/wp\/v2\/users\/4"}],"replies":[{"embeddable":true,"href":"https:\/\/ppget.ifam.edu.br\/w_seta_novo\/index.php\/wp-json\/wp\/v2\/comments?post=3966"}],"version-history":[{"count":10,"href":"https:\/\/ppget.ifam.edu.br\/w_seta_novo\/index.php\/wp-json\/wp\/v2\/pages\/3966\/revisions"}],"predecessor-version":[{"id":4186,"href":"https:\/\/ppget.ifam.edu.br\/w_seta_novo\/index.php\/wp-json\/wp\/v2\/pages\/3966\/revisions\/4186"}],"wp:attachment":[{"href":"https:\/\/ppget.ifam.edu.br\/w_seta_novo\/index.php\/wp-json\/wp\/v2\/media?parent=3966"}],"curies":[{"name":"wp","href":"https:\/\/api.w.org\/{rel}","templated":true}]}}