{"id":369,"date":"2017-05-02T19:19:26","date_gmt":"2017-05-02T19:19:26","guid":{"rendered":"http:\/\/mpet.ifam.edu.br\/wp_seta\/?page_id=369"},"modified":"2017-05-02T19:19:26","modified_gmt":"2017-05-02T19:19:26","slug":"2016-2","status":"publish","type":"page","link":"https:\/\/ppget.ifam.edu.br\/w_seta_novo\/index.php\/2016-2\/","title":{"rendered":"SETA 2016"},"content":{"rendered":"<h3>Hist\u00f3rico SETA 2016<\/h3>\n<p>A segunda edi\u00e7\u00e3o do Simp\u00f3sio em Ensino Tecnol\u00f3gico no Amazonas (SETA 2016) foi realizada em Manaus, no Instituto Federal de Educa\u00e7\u00e3o, Ci\u00eancia e Tecnologia do Amazonas (IFAM), campus Manaus Centro, no per\u00edodo de 14 a 16 de setembro de 2016.<\/p>\n<p>Neste ano, a tem\u00e1tica do evento foi \u201cCi\u00eancia, Tecnologia e Sociedade no Contexto do Ensino Tecnol\u00f3gico\u201d e teve por objetivo ampliar a reflex\u00e3o e discuss\u00e3o sobre como promover um ensino que forme cidad\u00e3os atentos aos problemas sociais e sens\u00edveis para a busca de solu\u00e7\u00f5es que tragam progresso tecnol\u00f3gico e inova\u00e7\u00e3o, aliados ao desenvolvimento e bem-estar social.<\/p>\n<p>A palestra de abertura intitulada \u201cProdutos da Pesquisa em ensino: cen\u00e1rio atual, desafios e perspectivas\u201d foi proferida pela Profa. Dra. Giselle R\u00f4\u00e7as de Souza Fonseca (IFRJ).<\/p>\n<p>O segundo dia de evento, no per\u00edodo da manh\u00e3, ocorreu a realiza\u00e7\u00e3o da Oficina &#8220;Ferramentas Google para educa\u00e7\u00e3o&#8221;, que teve por objetivo apresentar as ferramentas e recursos de compartilhamento de arquivos no Google Drive; Formul\u00e1rio do Google Drive para coleta de dados e avalia\u00e7\u00f5es; Gerenciamento, compartilhamento e permiss\u00f5es de atividades profissionais na agenda; Recursos do Google Docs. A oficina foi ministrada pelas instrutoras Aldemira de Ara\u00fajo C\u00e2mara e Lana Cristina Fernandes Pinto, ambas da Ger\u00eancia de Tecnologia Educacional \u2013 SEMED. Concomitante com a oficina, ocorreu a exibi\u00e7\u00e3o comentada do filme \u00c1gora. Os comentadores foram o Prof. Dr. Jo\u00e3o Neto e a Mestranda Darl\u00e9a Ara\u00fajo de Souza.<\/p>\n<p>Ainda no segundo dia do evento, no per\u00edodo vespertino, o Prof. Dr. Rochel Monteiro Lago (UFMG) proferiu a palestra intitulada &#8220;Ensino, Pesquisa, Inova\u00e7\u00e3o e Responsabilidade Social&#8221;. Ap\u00f3s a palestra, foram realizadas as apresenta\u00e7\u00f5es dos artigos aprovados para o SETA 2016. As apresenta\u00e7\u00f5es foram organizadas em salas tem\u00e1ticas no hor\u00e1rio de 16h \u00e0s 17:30 horas: na Sala 1 \u2013 Forma\u00e7\u00e3o de professores, mediada pela Profa. Dra. Ana Cl\u00e1udia Ribeiro, Prof. Dr. Davi Avelino Leal e Prof. Dr. Amarildo Menezes Gonzaga; na Sala 2 \u2013 Recursos Pedag\u00f3gicos e experi\u00eancias em Ensino, mediada pela Profa. Dra. Lucilene da Silva Paes, Prof. Dr. Jean Dalmo Marques e Prof. Dr. Edson Chaves Valente; na Sala 3 \u2013 Ci\u00eancia, Tecnologia e Sociedade no contexto educacional, com os professores mediadores: Prof. Dr. Jo\u00e3o dos Santos Cabral Neto; Profa. Dra. Andrea P. Mendon\u00e7a; Prof. Dr. Jos\u00e9 Anglada Rivera e Profa. Dra. Iandra W. Coelho; na Sala 4 \u2013 Educa\u00e7\u00e3o Inclusiva e Ensino, com os professores mediadores Profa. Dra. Elaine Maria Bessa R. Guerreiro, Profa. Dra. Rosa Azevedo e Prof. Dr. Nilton Ponciano.<\/p>\n<p>No terceiro e \u00faltimo dia de evento, no turno matutino, foram realizados os relatos de experi\u00eancia \u201cMinha pr\u00e1tica em aula: relato de experi\u00eancia de professores da educa\u00e7\u00e3o b\u00e1sica, t\u00e9cnica e\/ou tecnol\u00f3gica\u201d. Em paralelo, ocorreu a segunda oficina do SETA, ministrada pelo Prof. Dr. Rochel Monteiro Lago (UFMG), intitulada \u201cComunicando sua ideia de neg\u00f3cio com investidores e parceiros\u201d e teve como objetivo trabalhar a comunica\u00e7\u00e3o eficiente com investidores e parceiros para poss\u00edveis neg\u00f3cios em educa\u00e7\u00e3o.<\/p>\n<p>O per\u00edodo vespertino foi marcado pelo Momento Cultural com a apresenta\u00e7\u00e3o da Orquestra Filarm\u00f4nica do Amazonas, seguida pela palestra de encerramento intitulada \u201cCi\u00eancia, Tecnologia, Sociedade e Forma\u00e7\u00e3o de Professores em uma Perspectiva Inovadora\u201d proferida pelo Prof. Dr. Walter Bazzo (UFSC). Para celebrar o trabalho desenvolvido e confraternizar com os participantes foi realizado um coffee break no encerramento.<\/p>\n<p>&nbsp;<\/p>\n<p>&nbsp;<\/p>\n","protected":false},"excerpt":{"rendered":"<p>Hist\u00f3rico SETA 2016 A segunda edi\u00e7\u00e3o do Simp\u00f3sio em Ensino Tecnol\u00f3gico no Amazonas (SETA 2016) foi realizada em Manaus, no Instituto Federal de Educa\u00e7\u00e3o, Ci\u00eancia e Tecnologia do Amazonas (IFAM), &#8230;<\/p>\n","protected":false},"author":1,"featured_media":0,"parent":0,"menu_order":0,"comment_status":"closed","ping_status":"closed","template":"","meta":{"_uag_custom_page_level_css":"","footnotes":""},"class_list":["post-369","page","type-page","status-publish","hentry"],"uagb_featured_image_src":{"full":false,"thumbnail":false,"medium":false,"medium_large":false,"large":false,"1536x1536":false,"2048x2048":false,"onepress-blog-small":false,"onepress-small":false,"onepress-medium":false},"uagb_author_info":{"display_name":"ppget_admin","author_link":"https:\/\/ppget.ifam.edu.br\/w_seta_novo\/index.php\/author\/ppget_admin\/"},"uagb_comment_info":0,"uagb_excerpt":"Hist\u00f3rico SETA 2016 A segunda edi\u00e7\u00e3o do Simp\u00f3sio em Ensino Tecnol\u00f3gico no Amazonas (SETA 2016) foi realizada em Manaus, no Instituto Federal de Educa\u00e7\u00e3o, Ci\u00eancia e Tecnologia do Amazonas (IFAM), ...","_links":{"self":[{"href":"https:\/\/ppget.ifam.edu.br\/w_seta_novo\/index.php\/wp-json\/wp\/v2\/pages\/369","targetHints":{"allow":["GET"]}}],"collection":[{"href":"https:\/\/ppget.ifam.edu.br\/w_seta_novo\/index.php\/wp-json\/wp\/v2\/pages"}],"about":[{"href":"https:\/\/ppget.ifam.edu.br\/w_seta_novo\/index.php\/wp-json\/wp\/v2\/types\/page"}],"author":[{"embeddable":true,"href":"https:\/\/ppget.ifam.edu.br\/w_seta_novo\/index.php\/wp-json\/wp\/v2\/users\/1"}],"replies":[{"embeddable":true,"href":"https:\/\/ppget.ifam.edu.br\/w_seta_novo\/index.php\/wp-json\/wp\/v2\/comments?post=369"}],"version-history":[{"count":0,"href":"https:\/\/ppget.ifam.edu.br\/w_seta_novo\/index.php\/wp-json\/wp\/v2\/pages\/369\/revisions"}],"wp:attachment":[{"href":"https:\/\/ppget.ifam.edu.br\/w_seta_novo\/index.php\/wp-json\/wp\/v2\/media?parent=369"}],"curies":[{"name":"wp","href":"https:\/\/api.w.org\/{rel}","templated":true}]}}