{"id":367,"date":"2017-05-02T19:18:54","date_gmt":"2017-05-02T19:18:54","guid":{"rendered":"http:\/\/mpet.ifam.edu.br\/wp_seta\/?page_id=367"},"modified":"2017-05-02T19:18:54","modified_gmt":"2017-05-02T19:18:54","slug":"2015-2","status":"publish","type":"page","link":"https:\/\/ppget.ifam.edu.br\/w_seta_novo\/index.php\/2015-2\/","title":{"rendered":"SETA 2015"},"content":{"rendered":"<h3>Hist\u00f3rico SETA 2015<\/h3>\n<p style=\"text-align: justify;\">A primeira edi\u00e7\u00e3o do Simp\u00f3sio em Ensino Tecnol\u00f3gico no Amazonas (SETA 2015) foi realizada em Manaus, no Instituto Federal de Educa\u00e7\u00e3o, Ci\u00eancia e Tecnologia do Amazonas (IFAM), campus Manaus Centro, no per\u00edodo de 13 a 15 de maio de 2015.<\/p>\n<p>Neste ano, a tem\u00e1tica do evento foi \u201cDesafios e possibilidades: Perspectivas investigativas na forma\u00e7\u00e3o e utiliza\u00e7\u00e3o de recursos pedag\u00f3gico\u201d. A palestra de abertura teve como tema &#8220;A forma\u00e7\u00e3o de professores em institui\u00e7\u00f5es de Ensino Tecnol\u00f3gico: Por qu\u00ea? Para qu\u00ea? Para quem?&#8221; proferida pelo Prof. Dr. Henrique Dante Moura (IFRN). Ao final da abertura, houve o lan\u00e7amento de dois livros: \u201cForma\u00e7\u00e3o de professores no Ensino Tecnol\u00f3gico: fundamentos e desafios\u201d do organizador Prof. Dr. Amarildo Menezes Gonzaga e \u201cTend\u00eancias e Inova\u00e7\u00f5es no Ensino\u201d, organizado pela Profa. Dra. Andr\u00e9a Pereira Mendon\u00e7a.<\/p>\n<p>Na tarde do segundo dia, o evento contou com a palestra do Prof. Dr. Ronaldo Nagem (CEFET\/MG), intitulada &#8220;Meios e Recursos para o ensino e para a aprendizagem tecnol\u00f3gica: alguns caminhos&#8221;. Na sequ\u00eancia, foram realizadas as apresenta\u00e7\u00f5es de artigos aceitos para o SETA 2015. As apresenta\u00e7\u00f5es foram realizadas em salas tem\u00e1ticas: Sala 1 &#8211; Forma\u00e7\u00e3o de professores, mediada pelos professores Dr\u00aa. Ana Cl\u00e1udia Ribeiro e Dr. Davi Avelino Leal; Sala 2 &#8211; Recursos Did\u00e1ticos para o Ensino Tecnol\u00f3gico, mediada pelos professores Dr\u00aa. Lucilene da Silva Paes, Dr. Jean Dalmo Marques e Dr. Jos\u00e9 Anglada Rivera; Sala 3 &#8211; Avalia\u00e7\u00e3o de aprendizagem mediada pelas professoras Dr\u00aa. Rosa Azevedo e Dr\u00aa. Andr\u00e9a Mendon\u00e7a; Sala 4 &#8211; Ensino Tecnol\u00f3gico e Interdisciplinaridade, mediada pelo Prof. Dr. Amarildo Menezes Gonzaga; Sala 5 &#8211; Educa\u00e7\u00e3o Inclusiva e Ensino Tecnol\u00f3gico, mediada pelos professores Dr\u00aa. Elaine Maria Bessa R. Guerreiro, Dr. Edson Chaves Valente e Dr. Jo\u00e3o dos Santos Cabral Neto.<\/p>\n<p>No \u00faltimo dia de evento, ocorreu a apresenta\u00e7\u00e3o de p\u00f4steres e o Momento Cultural com Magda Loiana. Ap\u00f3s o momento cultural, ocorreu a palestra do Prof. Dr. Wagner Rodrigues Valente, da Universidade Federal de S\u00e3o Paulo, que tratou sobre o tema \u201cA Pesquisa no Ensino: Desafios e Possibilidades\u201d.<\/p>\n","protected":false},"excerpt":{"rendered":"<p>Hist\u00f3rico SETA 2015 A primeira edi\u00e7\u00e3o do Simp\u00f3sio em Ensino Tecnol\u00f3gico no Amazonas (SETA 2015) foi realizada em Manaus, no Instituto Federal de Educa\u00e7\u00e3o, Ci\u00eancia e Tecnologia do Amazonas (IFAM), &#8230;<\/p>\n","protected":false},"author":1,"featured_media":0,"parent":0,"menu_order":0,"comment_status":"closed","ping_status":"closed","template":"","meta":{"_uag_custom_page_level_css":"","footnotes":""},"class_list":["post-367","page","type-page","status-publish","hentry"],"uagb_featured_image_src":{"full":false,"thumbnail":false,"medium":false,"medium_large":false,"large":false,"1536x1536":false,"2048x2048":false,"onepress-blog-small":false,"onepress-small":false,"onepress-medium":false},"uagb_author_info":{"display_name":"ppget_admin","author_link":"https:\/\/ppget.ifam.edu.br\/w_seta_novo\/index.php\/author\/ppget_admin\/"},"uagb_comment_info":0,"uagb_excerpt":"Hist\u00f3rico SETA 2015 A primeira edi\u00e7\u00e3o do Simp\u00f3sio em Ensino Tecnol\u00f3gico no Amazonas (SETA 2015) foi realizada em Manaus, no Instituto Federal de Educa\u00e7\u00e3o, Ci\u00eancia e Tecnologia do Amazonas (IFAM), ...","_links":{"self":[{"href":"https:\/\/ppget.ifam.edu.br\/w_seta_novo\/index.php\/wp-json\/wp\/v2\/pages\/367","targetHints":{"allow":["GET"]}}],"collection":[{"href":"https:\/\/ppget.ifam.edu.br\/w_seta_novo\/index.php\/wp-json\/wp\/v2\/pages"}],"about":[{"href":"https:\/\/ppget.ifam.edu.br\/w_seta_novo\/index.php\/wp-json\/wp\/v2\/types\/page"}],"author":[{"embeddable":true,"href":"https:\/\/ppget.ifam.edu.br\/w_seta_novo\/index.php\/wp-json\/wp\/v2\/users\/1"}],"replies":[{"embeddable":true,"href":"https:\/\/ppget.ifam.edu.br\/w_seta_novo\/index.php\/wp-json\/wp\/v2\/comments?post=367"}],"version-history":[{"count":0,"href":"https:\/\/ppget.ifam.edu.br\/w_seta_novo\/index.php\/wp-json\/wp\/v2\/pages\/367\/revisions"}],"wp:attachment":[{"href":"https:\/\/ppget.ifam.edu.br\/w_seta_novo\/index.php\/wp-json\/wp\/v2\/media?parent=367"}],"curies":[{"name":"wp","href":"https:\/\/api.w.org\/{rel}","templated":true}]}}