{"id":36,"date":"2016-04-08T18:32:33","date_gmt":"2016-04-08T18:32:33","guid":{"rendered":"http:\/\/200.129.168.193\/wp_seta\/?page_id=36"},"modified":"2016-04-08T18:32:33","modified_gmt":"2016-04-08T18:32:33","slug":"inscricoes","status":"publish","type":"page","link":"https:\/\/ppget.ifam.edu.br\/w_seta_novo\/index.php\/inscricoes\/","title":{"rendered":"Inscri\u00e7\u00f5es"},"content":{"rendered":"<p><strong>NORMAS PARA INSCRI\u00c7\u00c3O, CREDENCIAMENTO E CERTIFICA\u00c7\u00c3O DO SETA 2019<\/strong><\/p>\n<p style=\"text-align: justify;\">Todas as pessoas que desejarem participar do V Simp\u00f3sio em Ensino Tecnol\u00f3gico no Amazonas dever\u00e3o realizar suas inscri\u00e7\u00f5es, gratuitamente, no per\u00edodo de <strong>10\/06 a 10\/09\/19<\/strong>. A inscri\u00e7\u00e3o para o SETA 2019 \u00e9 pessoal e intransfer\u00edvel.<\/p>\n<p style=\"text-align: justify;\">A submiss\u00e3o de Artigos Cient\u00edficos e Relatos de Experi\u00eancia, bem como a inscri\u00e7\u00e3o para a participa\u00e7\u00e3o em Oficinas e Minicursos, estar\u00e3o dispon\u00edveis no per\u00edodo de <strong>10\/06 a 10\/07\/19<\/strong>.<\/p>\n<p style=\"text-align: justify;\">A inscri\u00e7\u00e3o e a presen\u00e7a \u00e9 obrigat\u00f3ria para autores que tiverem seus trabalhos aceitos no evento. Nos casos de co-autoria, ao menos um dos autores dever\u00e1 estar, obrigatoriamente, inscrito e presente ao evento.<\/p>\n<p style=\"text-align: justify;\">Caso algum participante inscreva-se mais de uma vez, ser\u00e3o considerados apenas os dados da primeira inscri\u00e7\u00e3o, sendo descartadas todas as demais.<\/p>\n<p style=\"text-align: justify;\">Se houver a necessidade de retificar alguma das informa\u00e7\u00f5es fornecidas, o candidato dever\u00e1 entrar em contato com a organiza\u00e7\u00e3o do SETA 2019 pelo e-mail <strong>inscricao-seta.cmc@ifam.edu.br<\/strong>.<\/p>\n<p style=\"text-align: justify;\">O SETA 2019 ocorrer\u00e1 no Instituto Federal de Educa\u00e7\u00e3o, Ci\u00eancia e Tecnologia do Amazonas (IFAM), Campus Manaus Centro (CMC), localizado na Av. Sete de Setembro n\u00ba 1975 \u2013 Centro, nos dias 26 a 28 de setembro de 2019.<\/p>\n<p>&nbsp;<\/p>\n<p><strong>COMO REALIZAR A INSCRI\u00c7\u00c3O?<\/strong><\/p>\n<p><strong>1\u00ba Passo \u2013 Preencher o formul\u00e1rio de inscri\u00e7\u00e3o:<\/strong><\/p>\n<p style=\"text-align: justify;\">O participante dever\u00e1 acessar e preencher o formul\u00e1rio de inscri\u00e7\u00e3o que est\u00e1 dispon\u00edvel. (Prazo de inscri\u00e7\u00e3o encerrado!)<\/p>\n<p style=\"text-align: justify;\">A responsabilidade pela corre\u00e7\u00e3o dos dados informados \u00e9 do participante.<\/p>\n<p style=\"text-align: justify;\">A inscri\u00e7\u00e3o \u00e9 gratuita e, por esse motivo, n\u00e3o inclui as despesas (entrada, alimenta\u00e7\u00e3o e transporte) do \u00faltimo dia de evento (28\/09), que ocorrer\u00e1 no Parque Municipal do Mind\u00fa.<\/p>\n<p><strong>2\u00ba Passo \u2013 Confirma\u00e7\u00e3o da inscri\u00e7\u00e3o:<\/strong><\/p>\n<p style=\"text-align: justify;\">Ap\u00f3s o envio do formul\u00e1rio, est\u00e1 automaticamente confirmada a inscri\u00e7\u00e3o do participante como ouvinte no V Simp\u00f3sio em Ensino Tecnol\u00f3gico no Amazonas.<\/p>\n<p style=\"text-align: justify;\">Aqueles inscritos que manifestaram interesse em participar das <a href=\"http:\/\/mpet.ifam.edu.br\/wp_seta\/index.php\/oficinas\/\" target=\"_blank\" rel=\"noopener noreferrer\">Oficinas<\/a> dever\u00e3o aguardar o recebimento do e-mail de confirma\u00e7\u00e3o da inscri\u00e7\u00e3o. Essa confirma\u00e7\u00e3o estar\u00e1 condicionada ao n\u00famero de vagas dispon\u00edveis em cada atividade.<\/p>\n<p>Quaisquer d\u00favidas sobre o processo de inscri\u00e7\u00e3o, entre em contato atrav\u00e9s do e-mail:\u00a0<strong>inscricao-seta.cmc@ifam.edu.br<\/strong><\/p>\n<p>&nbsp;<\/p>\n<p><strong>CREDENCIAMENTO<\/strong><\/p>\n<p style=\"text-align: justify;\">O credenciamento ocorrer\u00e1 no Instituto Federal de Educa\u00e7\u00e3o, Ci\u00eancia e Tecnologia do Amazonas &#8211; Campus Manaus Centro, localizado na Av. Sete de Setembro, 1975 \u2013 Centro, no dia 26 de setembro de 2019 das 10h00 \u00e0s 13h30.<\/p>\n<p>&nbsp;<\/p>\n<p><strong>CERTIFICA\u00c7\u00c3O<\/strong><\/p>\n<p style=\"text-align: justify;\">Os certificados de participa\u00e7\u00e3o no evento, bem como de apresenta\u00e7\u00e3o de trabalhos, ser\u00e3o enviados em formato digital para o endere\u00e7o de e-mail informado pelo participante.<\/p>\n","protected":false},"excerpt":{"rendered":"<p>NORMAS PARA INSCRI\u00c7\u00c3O, CREDENCIAMENTO E CERTIFICA\u00c7\u00c3O DO SETA 2019 Todas as pessoas que desejarem participar do V Simp\u00f3sio em Ensino Tecnol\u00f3gico no Amazonas dever\u00e3o realizar suas inscri\u00e7\u00f5es, gratuitamente, no per\u00edodo &#8230;<\/p>\n","protected":false},"author":1,"featured_media":0,"parent":0,"menu_order":0,"comment_status":"closed","ping_status":"closed","template":"","meta":{"_uag_custom_page_level_css":"","footnotes":""},"class_list":["post-36","page","type-page","status-publish","hentry"],"uagb_featured_image_src":{"full":false,"thumbnail":false,"medium":false,"medium_large":false,"large":false,"1536x1536":false,"2048x2048":false,"onepress-blog-small":false,"onepress-small":false,"onepress-medium":false},"uagb_author_info":{"display_name":"ppget_admin","author_link":"https:\/\/ppget.ifam.edu.br\/w_seta_novo\/index.php\/author\/ppget_admin\/"},"uagb_comment_info":0,"uagb_excerpt":"NORMAS PARA INSCRI\u00c7\u00c3O, CREDENCIAMENTO E CERTIFICA\u00c7\u00c3O DO SETA 2019 Todas as pessoas que desejarem participar do V Simp\u00f3sio em Ensino Tecnol\u00f3gico no Amazonas dever\u00e3o realizar suas inscri\u00e7\u00f5es, gratuitamente, no per\u00edodo ...","_links":{"self":[{"href":"https:\/\/ppget.ifam.edu.br\/w_seta_novo\/index.php\/wp-json\/wp\/v2\/pages\/36","targetHints":{"allow":["GET"]}}],"collection":[{"href":"https:\/\/ppget.ifam.edu.br\/w_seta_novo\/index.php\/wp-json\/wp\/v2\/pages"}],"about":[{"href":"https:\/\/ppget.ifam.edu.br\/w_seta_novo\/index.php\/wp-json\/wp\/v2\/types\/page"}],"author":[{"embeddable":true,"href":"https:\/\/ppget.ifam.edu.br\/w_seta_novo\/index.php\/wp-json\/wp\/v2\/users\/1"}],"replies":[{"embeddable":true,"href":"https:\/\/ppget.ifam.edu.br\/w_seta_novo\/index.php\/wp-json\/wp\/v2\/comments?post=36"}],"version-history":[{"count":0,"href":"https:\/\/ppget.ifam.edu.br\/w_seta_novo\/index.php\/wp-json\/wp\/v2\/pages\/36\/revisions"}],"wp:attachment":[{"href":"https:\/\/ppget.ifam.edu.br\/w_seta_novo\/index.php\/wp-json\/wp\/v2\/media?parent=36"}],"curies":[{"name":"wp","href":"https:\/\/api.w.org\/{rel}","templated":true}]}}