{"id":3591,"date":"2023-07-23T20:53:36","date_gmt":"2023-07-23T23:53:36","guid":{"rendered":"http:\/\/ppget.ifam.edu.br\/w_seta_novo\/?page_id=3591"},"modified":"2024-08-24T20:19:05","modified_gmt":"2024-08-24T23:19:05","slug":"inscricoes-2023","status":"publish","type":"page","link":"https:\/\/ppget.ifam.edu.br\/w_seta_novo\/index.php\/inscricoes-2023\/","title":{"rendered":"Inscri\u00e7\u00f5es 2024"},"content":{"rendered":"\t\t<div data-elementor-type=\"wp-page\" data-elementor-id=\"3591\" class=\"elementor elementor-3591\">\n\t\t\t\t\t\t<section class=\"elementor-section elementor-top-section elementor-element elementor-element-6814c66 elementor-section-boxed elementor-section-height-default elementor-section-height-default\" data-id=\"6814c66\" data-element_type=\"section\" data-e-type=\"section\">\n\t\t\t\t\t\t<div class=\"elementor-container elementor-column-gap-default\">\n\t\t\t\t\t<div class=\"elementor-column elementor-col-100 elementor-top-column elementor-element elementor-element-c6ae290\" data-id=\"c6ae290\" data-element_type=\"column\" data-e-type=\"column\">\n\t\t\t<div class=\"elementor-widget-wrap elementor-element-populated\">\n\t\t\t\t\t\t<div class=\"elementor-element elementor-element-7b30716 elementor-widget elementor-widget-text-editor\" data-id=\"7b30716\" data-element_type=\"widget\" data-e-type=\"widget\" data-widget_type=\"text-editor.default\">\n\t\t\t\t<div class=\"elementor-widget-container\">\n\t\t\t\t\t\t\t\t\t<p style=\"text-align: justify;\"><strong>NORMAS PARA INSCRI\u00c7\u00c3O E CERTIFICA\u00c7\u00c3O DO SETA 2024<\/strong><\/p><p style=\"text-align: justify;\">Todas as pessoas que desejarem participar do 10\u00ba Simp\u00f3sio em Ensino Tecnol\u00f3gico no Amazonas &#8211; Seta 2024 dever\u00e3o realizar suas inscri\u00e7\u00f5es, gratuitamente, no per\u00edodo de 26 de agosto a 20 de novembro de 2024. A inscri\u00e7\u00e3o para o Simp\u00f3sio \u00e9 pessoal e intransfer\u00edvel.<\/p><p style=\"text-align: justify;\">A organiza\u00e7\u00e3o do evento Seta 2024 n\u00e3o se responsabilizar\u00e1 por dados incorretos informados pelos autores e\/ou inscritos no evento.<\/p><p style=\"text-align: justify;\">O evento ocorrer\u00e1 em formato presencial. As informa\u00e7\u00f5es sobre o Seta 2024 estar\u00e3o dispon\u00edveis no site:\u00a0<a href=\"http:\/\/ppget.ifam.edu.br\/w_seta_novo\/\" target=\"_blank\" rel=\"noopener\">http:\/\/ppget.ifam.edu.br\/w_seta_novo\/<\/a><\/p><p style=\"text-align: justify;\">As inscri\u00e7\u00f5es no Seta 2024 podem ser feitas atrav\u00e9s deste link: <a href=\"https:\/\/www.even3.com.br\/x-simposio-em-ensino-tecnologico-do-amazonas-2024\/\" target=\"_blank\" rel=\"noopener\">https:\/\/www.even3.com.br\/x-simposio-em-ensino-tecnologico-do-amazonas-2024\/<\/a><\/p><p style=\"text-align: justify;\">A confirma\u00e7\u00e3o da inscri\u00e7\u00e3o no evento ser\u00e1 encaminhada ao e-mail informado pelo participante no ato da inscri\u00e7\u00e3o.<\/p><p style=\"text-align: justify;\">A organiza\u00e7\u00e3o do Seta 2024 ressalta que a inscri\u00e7\u00e3o, participa\u00e7\u00e3o nas atividades, submiss\u00e3o e apresenta\u00e7\u00e3o de trabalhos no evento \u00e9 TOTALMENTE GRATUITA!<\/p><p style=\"text-align: justify;\">N\u00e3o perca essa oportunidade! Inscreva-se no 10\u00ba Seta!<\/p><p>\u00a0<\/p><p style=\"text-align: justify;\"><strong>CERTIFICA\u00c7\u00c3O<\/strong><\/p><p style=\"text-align: justify;\">A certifica\u00e7\u00e3o\u00a0ser\u00e1 emitida de forma totalmente gratuita e enviada para o e-mail do participante. Ao final de cada atividade do evento, ser\u00e1 solicitado ao participante o preenchimento de um formul\u00e1rio para comprovar a participa\u00e7\u00e3o efetiva para fins de certifica\u00e7\u00e3o. Para receber o certificado de participa\u00e7\u00e3o \u201ccom \u00eaxito\u201d, o participante deve apresentar a carga hor\u00e1ria m\u00ednima de 75% de presen\u00e7a nas atividades do evento, caso n\u00e3o alcance esse percentual, receber\u00e1 certificado de cada atividade participada. Havendo d\u00favidas sobre a inscri\u00e7\u00e3o e certifica\u00e7\u00e3o, entre em contato conosco atrav\u00e9s deste e-mail: <a href=\"mailto:inscricao-seta.cmc@ifam.edu.br\">inscricao-seta.cmc@ifam.edu.br<\/a><\/p><div id=\"acfifjfajpekbmhmjppnmmjgmhjkildl\" class=\"acfifjfajpekbmhmjppnmmjgmhjkildl\" style=\"text-align: justify;\">\u00a0<\/div><div id=\"acfifjfajpekbmhmjppnmmjgmhjkildl\" class=\"acfifjfajpekbmhmjppnmmjgmhjkildl\" style=\"text-align: justify;\">\u00a0<\/div><div id=\"acfifjfajpekbmhmjppnmmjgmhjkildl\" class=\"acfifjfajpekbmhmjppnmmjgmhjkildl\">\u00a0<\/div>\t\t\t\t\t\t\t\t<\/div>\n\t\t\t\t<\/div>\n\t\t\t\t\t<\/div>\n\t\t<\/div>\n\t\t\t\t\t<\/div>\n\t\t<\/section>\n\t\t\t\t<\/div>\n\t\t","protected":false},"excerpt":{"rendered":"<p>NORMAS PARA INSCRI\u00c7\u00c3O E CERTIFICA\u00c7\u00c3O DO SETA 2024 Todas as pessoas que desejarem participar do 10\u00ba Simp\u00f3sio em Ensino Tecnol\u00f3gico no Amazonas &#8211; Seta 2024 dever\u00e3o realizar suas inscri\u00e7\u00f5es, gratuitamente, &#8230;<\/p>\n","protected":false},"author":4,"featured_media":0,"parent":0,"menu_order":0,"comment_status":"closed","ping_status":"closed","template":"","meta":{"_uag_custom_page_level_css":"","footnotes":""},"class_list":["post-3591","page","type-page","status-publish","hentry"],"uagb_featured_image_src":{"full":false,"thumbnail":false,"medium":false,"medium_large":false,"large":false,"1536x1536":false,"2048x2048":false,"onepress-blog-small":false,"onepress-small":false,"onepress-medium":false},"uagb_author_info":{"display_name":"Gilmara Maquine","author_link":"https:\/\/ppget.ifam.edu.br\/w_seta_novo\/index.php\/author\/gilmara\/"},"uagb_comment_info":0,"uagb_excerpt":"NORMAS PARA INSCRI\u00c7\u00c3O E CERTIFICA\u00c7\u00c3O DO SETA 2024 Todas as pessoas que desejarem participar do 10\u00ba Simp\u00f3sio em Ensino Tecnol\u00f3gico no Amazonas &#8211; Seta 2024 dever\u00e3o realizar suas inscri\u00e7\u00f5es, gratuitamente, ...","_links":{"self":[{"href":"https:\/\/ppget.ifam.edu.br\/w_seta_novo\/index.php\/wp-json\/wp\/v2\/pages\/3591","targetHints":{"allow":["GET"]}}],"collection":[{"href":"https:\/\/ppget.ifam.edu.br\/w_seta_novo\/index.php\/wp-json\/wp\/v2\/pages"}],"about":[{"href":"https:\/\/ppget.ifam.edu.br\/w_seta_novo\/index.php\/wp-json\/wp\/v2\/types\/page"}],"author":[{"embeddable":true,"href":"https:\/\/ppget.ifam.edu.br\/w_seta_novo\/index.php\/wp-json\/wp\/v2\/users\/4"}],"replies":[{"embeddable":true,"href":"https:\/\/ppget.ifam.edu.br\/w_seta_novo\/index.php\/wp-json\/wp\/v2\/comments?post=3591"}],"version-history":[{"count":35,"href":"https:\/\/ppget.ifam.edu.br\/w_seta_novo\/index.php\/wp-json\/wp\/v2\/pages\/3591\/revisions"}],"predecessor-version":[{"id":4247,"href":"https:\/\/ppget.ifam.edu.br\/w_seta_novo\/index.php\/wp-json\/wp\/v2\/pages\/3591\/revisions\/4247"}],"wp:attachment":[{"href":"https:\/\/ppget.ifam.edu.br\/w_seta_novo\/index.php\/wp-json\/wp\/v2\/media?parent=3591"}],"curies":[{"name":"wp","href":"https:\/\/api.w.org\/{rel}","templated":true}]}}