{"id":3498,"date":"2023-07-23T17:39:06","date_gmt":"2023-07-23T20:39:06","guid":{"rendered":"http:\/\/ppget.ifam.edu.br\/w_seta_novo\/?page_id=3498"},"modified":"2024-08-24T14:06:49","modified_gmt":"2024-08-24T17:06:49","slug":"comissao-organizadora-2023","status":"publish","type":"page","link":"https:\/\/ppget.ifam.edu.br\/w_seta_novo\/index.php\/comissao-organizadora-2023\/","title":{"rendered":"Comiss\u00e3o Organizadora 2024"},"content":{"rendered":"\t\t<div data-elementor-type=\"wp-page\" data-elementor-id=\"3498\" class=\"elementor elementor-3498\">\n\t\t\t\t\t\t<section class=\"elementor-section elementor-top-section elementor-element elementor-element-694b39b elementor-section-boxed elementor-section-height-default elementor-section-height-default\" data-id=\"694b39b\" data-element_type=\"section\" data-e-type=\"section\">\n\t\t\t\t\t\t<div class=\"elementor-container elementor-column-gap-default\">\n\t\t\t\t\t<div class=\"elementor-column elementor-col-100 elementor-top-column elementor-element elementor-element-57da1e2\" data-id=\"57da1e2\" data-element_type=\"column\" data-e-type=\"column\">\n\t\t\t<div class=\"elementor-widget-wrap elementor-element-populated\">\n\t\t\t\t\t\t<div class=\"elementor-element elementor-element-d6b252b elementor-widget elementor-widget-text-editor\" data-id=\"d6b252b\" data-element_type=\"widget\" data-e-type=\"widget\" data-widget_type=\"text-editor.default\">\n\t\t\t\t<div class=\"elementor-widget-container\">\n\t\t\t\t\t\t\t\t\t<h3 style=\"text-align: center;\"><span style=\"color: #0000ff;\"><strong>Presid\u00eancia do Evento<\/strong><\/span><\/h3><p><img fetchpriority=\"high\" decoding=\"async\" class=\"aligncenter\" src=\"http:\/\/ppget.ifam.edu.br\/w_seta_novo\/wp-content\/uploads\/2024\/08\/Professor-Joao-1-e1724518414610-300x213.png\" alt=\"\" width=\"300\" height=\"213\" \/><\/p><div style=\"text-align: center;\"><h3>Prof. Dr. Jo\u00e3o dos Santos Cabral Neto<\/h3><h3>(Contato: seta.cmc@ifam.edu.br)<\/h3><\/div>\t\t\t\t\t\t\t\t<\/div>\n\t\t\t\t<\/div>\n\t\t\t\t\t<\/div>\n\t\t<\/div>\n\t\t\t\t\t<\/div>\n\t\t<\/section>\n\t\t\t\t<section class=\"elementor-section elementor-top-section elementor-element elementor-element-0ceab2f elementor-section-boxed elementor-section-height-default elementor-section-height-default\" data-id=\"0ceab2f\" data-element_type=\"section\" data-e-type=\"section\">\n\t\t\t\t\t\t<div class=\"elementor-container elementor-column-gap-default\">\n\t\t\t\t\t<div class=\"elementor-column elementor-col-100 elementor-top-column elementor-element elementor-element-71439ed\" data-id=\"71439ed\" data-element_type=\"column\" data-e-type=\"column\">\n\t\t\t<div class=\"elementor-widget-wrap elementor-element-populated\">\n\t\t\t\t\t\t<div class=\"elementor-element elementor-element-2fce9e2 elementor-widget elementor-widget-spacer\" data-id=\"2fce9e2\" data-element_type=\"widget\" data-e-type=\"widget\" data-widget_type=\"spacer.default\">\n\t\t\t\t<div class=\"elementor-widget-container\">\n\t\t\t\t\t\t\t<div class=\"elementor-spacer\">\n\t\t\t<div class=\"elementor-spacer-inner\"><\/div>\n\t\t<\/div>\n\t\t\t\t\t\t<\/div>\n\t\t\t\t<\/div>\n\t\t\t\t\t<\/div>\n\t\t<\/div>\n\t\t\t\t\t<\/div>\n\t\t<\/section>\n\t\t\t\t<section class=\"elementor-section elementor-top-section elementor-element elementor-element-10f14df elementor-section-boxed elementor-section-height-default elementor-section-height-default\" data-id=\"10f14df\" data-element_type=\"section\" data-e-type=\"section\">\n\t\t\t\t\t\t<div class=\"elementor-container elementor-column-gap-default\">\n\t\t\t\t\t<div class=\"elementor-column elementor-col-100 elementor-top-column elementor-element elementor-element-2787206\" data-id=\"2787206\" data-element_type=\"column\" data-e-type=\"column\">\n\t\t\t<div class=\"elementor-widget-wrap elementor-element-populated\">\n\t\t\t\t\t\t<div class=\"elementor-element elementor-element-14f2189 elementor-widget elementor-widget-text-editor\" data-id=\"14f2189\" data-element_type=\"widget\" data-e-type=\"widget\" data-widget_type=\"text-editor.default\">\n\t\t\t\t<div class=\"elementor-widget-container\">\n\t\t\t\t\t\t\t\t\t<h3 style=\"text-align: center;\"><strong>Comiss\u00e3o de Programa\u00e7\u00e3o<\/strong><\/h3><p><img decoding=\"async\" class=\"aligncenter wp-image-4141\" src=\"http:\/\/ppget.ifam.edu.br\/w_seta_novo\/wp-content\/uploads\/2024\/08\/Comissao-Programacao-1024x642.png\" alt=\"\" width=\"680\" height=\"427\" srcset=\"https:\/\/ppget.ifam.edu.br\/w_seta_novo\/wp-content\/uploads\/2024\/08\/Comissao-Programacao-1024x642.png 1024w, https:\/\/ppget.ifam.edu.br\/w_seta_novo\/wp-content\/uploads\/2024\/08\/Comissao-Programacao-300x188.png 300w, https:\/\/ppget.ifam.edu.br\/w_seta_novo\/wp-content\/uploads\/2024\/08\/Comissao-Programacao-768x482.png 768w, https:\/\/ppget.ifam.edu.br\/w_seta_novo\/wp-content\/uploads\/2024\/08\/Comissao-Programacao-480x300.png 480w, https:\/\/ppget.ifam.edu.br\/w_seta_novo\/wp-content\/uploads\/2024\/08\/Comissao-Programacao.png 1060w\" sizes=\"(max-width: 680px) 100vw, 680px\" \/><\/p><h3 style=\"text-align: center;\">\u00a0(Contato: programacao-seta.cmc@ifam.edu.br)<span style=\"color: var( --e-global-color-text ); font-family: var( --e-global-typography-text-font-family ), Sans-serif; font-weight: var( --e-global-typography-text-font-weight ); font-size: 0.875rem;\">\u00a0<\/span><\/h3><div id=\"acfifjfajpekbmhmjppnmmjgmhjkildl\" class=\"acfifjfajpekbmhmjppnmmjgmhjkildl\">\u00a0<\/div><div id=\"acfifjfajpekbmhmjppnmmjgmhjkildl\" class=\"acfifjfajpekbmhmjppnmmjgmhjkildl\">\u00a0<\/div><div id=\"acfifjfajpekbmhmjppnmmjgmhjkildl\" class=\"acfifjfajpekbmhmjppnmmjgmhjkildl\">\u00a0<\/div><div id=\"acfifjfajpekbmhmjppnmmjgmhjkildl\" class=\"acfifjfajpekbmhmjppnmmjgmhjkildl\">\u00a0<\/div>\t\t\t\t\t\t\t\t<\/div>\n\t\t\t\t<\/div>\n\t\t\t\t\t<\/div>\n\t\t<\/div>\n\t\t\t\t\t<\/div>\n\t\t<\/section>\n\t\t\t\t<section class=\"elementor-section elementor-top-section elementor-element elementor-element-2b062a5 elementor-section-boxed elementor-section-height-default elementor-section-height-default\" data-id=\"2b062a5\" data-element_type=\"section\" data-e-type=\"section\">\n\t\t\t\t\t\t<div class=\"elementor-container elementor-column-gap-default\">\n\t\t\t\t\t<div class=\"elementor-column elementor-col-100 elementor-top-column elementor-element elementor-element-bfdeb56\" data-id=\"bfdeb56\" data-element_type=\"column\" data-e-type=\"column\">\n\t\t\t<div class=\"elementor-widget-wrap\">\n\t\t\t\t\t\t\t<\/div>\n\t\t<\/div>\n\t\t\t\t\t<\/div>\n\t\t<\/section>\n\t\t\t\t<section class=\"elementor-section elementor-top-section elementor-element elementor-element-5d80fd5 elementor-section-boxed elementor-section-height-default elementor-section-height-default\" data-id=\"5d80fd5\" data-element_type=\"section\" data-e-type=\"section\">\n\t\t\t\t\t\t<div class=\"elementor-container elementor-column-gap-default\">\n\t\t\t\t\t<div class=\"elementor-column elementor-col-100 elementor-top-column elementor-element elementor-element-91cd5ac\" data-id=\"91cd5ac\" data-element_type=\"column\" data-e-type=\"column\">\n\t\t\t<div class=\"elementor-widget-wrap elementor-element-populated\">\n\t\t\t\t\t\t<div class=\"elementor-element elementor-element-06ab5cd elementor-widget elementor-widget-text-editor\" data-id=\"06ab5cd\" data-element_type=\"widget\" data-e-type=\"widget\" data-widget_type=\"text-editor.default\">\n\t\t\t\t<div class=\"elementor-widget-container\">\n\t\t\t\t\t\t\t\t\t<h3 style=\"text-align: center;\"><strong>Comiss\u00e3o de Recursos, Gest\u00e3o Financeira e Presta\u00e7\u00e3o de Contas<\/strong><\/h3><p><img decoding=\"async\" src=\"http:\/\/ppget.ifam.edu.br\/w_seta_novo\/wp-content\/uploads\/2024\/08\/Comissao-de-Recursos-1024x348.png\" alt=\"\" width=\"800\" height=\"272\" \/><\/p><h3 style=\"text-align: center;\">\u00a0(Contato: financeiro-seta.cmc@ifam.edu.br)<span style=\"color: var( --e-global-color-text ); font-family: var( --e-global-typography-text-font-family ), Sans-serif; font-weight: var( --e-global-typography-text-font-weight ); font-size: 0.875rem;\">\u00a0<\/span><\/h3>\t\t\t\t\t\t\t\t<\/div>\n\t\t\t\t<\/div>\n\t\t\t\t\t<\/div>\n\t\t<\/div>\n\t\t\t\t\t<\/div>\n\t\t<\/section>\n\t\t\t\t<section class=\"elementor-section elementor-top-section elementor-element elementor-element-ef38ae6 elementor-section-boxed elementor-section-height-default elementor-section-height-default\" data-id=\"ef38ae6\" data-element_type=\"section\" data-e-type=\"section\">\n\t\t\t\t\t\t<div class=\"elementor-container elementor-column-gap-default\">\n\t\t\t\t\t<div class=\"elementor-column elementor-col-100 elementor-top-column elementor-element elementor-element-431ee9b\" data-id=\"431ee9b\" data-element_type=\"column\" data-e-type=\"column\">\n\t\t\t<div class=\"elementor-widget-wrap\">\n\t\t\t\t\t\t\t<\/div>\n\t\t<\/div>\n\t\t\t\t\t<\/div>\n\t\t<\/section>\n\t\t\t\t<section class=\"elementor-section elementor-top-section elementor-element elementor-element-bac360b elementor-section-boxed elementor-section-height-default elementor-section-height-default\" data-id=\"bac360b\" data-element_type=\"section\" data-e-type=\"section\">\n\t\t\t\t\t\t<div class=\"elementor-container elementor-column-gap-default\">\n\t\t\t\t\t<div class=\"elementor-column elementor-col-100 elementor-top-column elementor-element elementor-element-6c14ad8\" data-id=\"6c14ad8\" data-element_type=\"column\" data-e-type=\"column\">\n\t\t\t<div class=\"elementor-widget-wrap elementor-element-populated\">\n\t\t\t\t\t\t<div class=\"elementor-element elementor-element-9dbd174 elementor-widget elementor-widget-spacer\" data-id=\"9dbd174\" data-element_type=\"widget\" data-e-type=\"widget\" data-widget_type=\"spacer.default\">\n\t\t\t\t<div class=\"elementor-widget-container\">\n\t\t\t\t\t\t\t<div class=\"elementor-spacer\">\n\t\t\t<div class=\"elementor-spacer-inner\"><\/div>\n\t\t<\/div>\n\t\t\t\t\t\t<\/div>\n\t\t\t\t<\/div>\n\t\t\t\t\t<\/div>\n\t\t<\/div>\n\t\t\t\t\t<\/div>\n\t\t<\/section>\n\t\t\t\t<section class=\"elementor-section elementor-top-section elementor-element elementor-element-bbe98b4 elementor-section-boxed elementor-section-height-default elementor-section-height-default\" data-id=\"bbe98b4\" data-element_type=\"section\" data-e-type=\"section\">\n\t\t\t\t\t\t<div class=\"elementor-container elementor-column-gap-default\">\n\t\t\t\t\t<div class=\"elementor-column elementor-col-100 elementor-top-column elementor-element elementor-element-3c12499\" data-id=\"3c12499\" data-element_type=\"column\" data-e-type=\"column\">\n\t\t\t<div class=\"elementor-widget-wrap elementor-element-populated\">\n\t\t\t\t\t\t<div class=\"elementor-element elementor-element-1ba7eea elementor-widget elementor-widget-text-editor\" data-id=\"1ba7eea\" data-element_type=\"widget\" data-e-type=\"widget\" data-widget_type=\"text-editor.default\">\n\t\t\t\t<div class=\"elementor-widget-container\">\n\t\t\t\t\t\t\t\t\t<h3 style=\"text-align: center;\"><strong>Comiss\u00e3o de Inscri\u00e7\u00e3o e Certifica\u00e7\u00e3o<\/strong><\/h3><h3 style=\"text-align: center;\"><strong><img loading=\"lazy\" decoding=\"async\" class=\"aligncenter wp-image-4143 size-large\" src=\"http:\/\/ppget.ifam.edu.br\/w_seta_novo\/wp-content\/uploads\/2024\/08\/Comissao-de-Inscricao-1024x331.png\" alt=\"\" width=\"800\" height=\"259\" srcset=\"https:\/\/ppget.ifam.edu.br\/w_seta_novo\/wp-content\/uploads\/2024\/08\/Comissao-de-Inscricao-1024x331.png 1024w, https:\/\/ppget.ifam.edu.br\/w_seta_novo\/wp-content\/uploads\/2024\/08\/Comissao-de-Inscricao-300x97.png 300w, https:\/\/ppget.ifam.edu.br\/w_seta_novo\/wp-content\/uploads\/2024\/08\/Comissao-de-Inscricao-768x249.png 768w, https:\/\/ppget.ifam.edu.br\/w_seta_novo\/wp-content\/uploads\/2024\/08\/Comissao-de-Inscricao.png 1060w\" sizes=\"(max-width: 800px) 100vw, 800px\" \/><\/strong><\/h3><div style=\"text-align: center;\"><h3>\u00a0(Contato: inscricao-seta.cmc@ifam.edu.br)<span style=\"color: var( --e-global-color-text ); font-family: var( --e-global-typography-text-font-family ), Sans-serif; font-weight: var( --e-global-typography-text-font-weight ); font-size: 0.875rem;\">\u00a0<\/span><\/h3><\/div><div id=\"acfifjfajpekbmhmjppnmmjgmhjkildl\" class=\"acfifjfajpekbmhmjppnmmjgmhjkildl\">\u00a0<\/div>\t\t\t\t\t\t\t\t<\/div>\n\t\t\t\t<\/div>\n\t\t\t\t\t<\/div>\n\t\t<\/div>\n\t\t\t\t\t<\/div>\n\t\t<\/section>\n\t\t\t\t<section class=\"elementor-section elementor-top-section elementor-element elementor-element-64432c4 elementor-section-boxed elementor-section-height-default elementor-section-height-default\" data-id=\"64432c4\" data-element_type=\"section\" data-e-type=\"section\">\n\t\t\t\t\t\t<div class=\"elementor-container elementor-column-gap-default\">\n\t\t\t\t\t<div class=\"elementor-column elementor-col-100 elementor-top-column elementor-element elementor-element-25e9cf2\" data-id=\"25e9cf2\" data-element_type=\"column\" data-e-type=\"column\">\n\t\t\t<div class=\"elementor-widget-wrap\">\n\t\t\t\t\t\t\t<\/div>\n\t\t<\/div>\n\t\t\t\t\t<\/div>\n\t\t<\/section>\n\t\t\t\t<section class=\"elementor-section elementor-top-section elementor-element elementor-element-55b8646 elementor-section-boxed elementor-section-height-default elementor-section-height-default\" data-id=\"55b8646\" data-element_type=\"section\" data-e-type=\"section\">\n\t\t\t\t\t\t<div class=\"elementor-container elementor-column-gap-default\">\n\t\t\t\t\t<div class=\"elementor-column elementor-col-100 elementor-top-column elementor-element elementor-element-e90f1ef\" data-id=\"e90f1ef\" data-element_type=\"column\" data-e-type=\"column\">\n\t\t\t<div class=\"elementor-widget-wrap elementor-element-populated\">\n\t\t\t\t\t\t<div class=\"elementor-element elementor-element-541f005 elementor-widget elementor-widget-spacer\" data-id=\"541f005\" data-element_type=\"widget\" data-e-type=\"widget\" data-widget_type=\"spacer.default\">\n\t\t\t\t<div class=\"elementor-widget-container\">\n\t\t\t\t\t\t\t<div class=\"elementor-spacer\">\n\t\t\t<div class=\"elementor-spacer-inner\"><\/div>\n\t\t<\/div>\n\t\t\t\t\t\t<\/div>\n\t\t\t\t<\/div>\n\t\t\t\t\t<\/div>\n\t\t<\/div>\n\t\t\t\t\t<\/div>\n\t\t<\/section>\n\t\t\t\t<section class=\"elementor-section elementor-top-section elementor-element elementor-element-94d105a elementor-section-boxed elementor-section-height-default elementor-section-height-default\" data-id=\"94d105a\" data-element_type=\"section\" data-e-type=\"section\">\n\t\t\t\t\t\t<div class=\"elementor-container elementor-column-gap-default\">\n\t\t\t\t\t<div class=\"elementor-column elementor-col-100 elementor-top-column elementor-element elementor-element-ed5e384\" data-id=\"ed5e384\" data-element_type=\"column\" data-e-type=\"column\">\n\t\t\t<div class=\"elementor-widget-wrap elementor-element-populated\">\n\t\t\t\t\t\t<div class=\"elementor-element elementor-element-6e14641 elementor-widget__width-initial elementor-widget elementor-widget-text-editor\" data-id=\"6e14641\" data-element_type=\"widget\" data-e-type=\"widget\" data-widget_type=\"text-editor.default\">\n\t\t\t\t<div class=\"elementor-widget-container\">\n\t\t\t\t\t\t\t\t\t<h3 style=\"text-align: center;\"><strong>Comiss\u00e3o de Divulga\u00e7\u00e3o e Comunica\u00e7\u00e3o<\/strong><\/h3><div style=\"text-align: center;\"><img loading=\"lazy\" decoding=\"async\" class=\"aligncenter wp-image-4144\" src=\"http:\/\/ppget.ifam.edu.br\/w_seta_novo\/wp-content\/uploads\/2024\/08\/Comissao-de-Comunicacao.png\" alt=\"\" width=\"490\" height=\"445\" \/><\/div><h3 style=\"text-align: center;\">(Contato: comunicacao-seta.cmc@ifam.edu.br)<span style=\"color: var( --e-global-color-text ); font-family: var( --e-global-typography-text-font-family ), Sans-serif; font-weight: var( --e-global-typography-text-font-weight ); font-size: 0.875rem;\">\u00a0<\/span><\/h3><div id=\"acfifjfajpekbmhmjppnmmjgmhjkildl\" class=\"acfifjfajpekbmhmjppnmmjgmhjkildl\">\u00a0<\/div><div id=\"acfifjfajpekbmhmjppnmmjgmhjkildl\" class=\"acfifjfajpekbmhmjppnmmjgmhjkildl\">\u00a0<\/div><div id=\"acfifjfajpekbmhmjppnmmjgmhjkildl\" class=\"acfifjfajpekbmhmjppnmmjgmhjkildl\">\u00a0<\/div>\t\t\t\t\t\t\t\t<\/div>\n\t\t\t\t<\/div>\n\t\t\t\t\t<\/div>\n\t\t<\/div>\n\t\t\t\t\t<\/div>\n\t\t<\/section>\n\t\t\t\t<section class=\"elementor-section elementor-top-section elementor-element elementor-element-9eaff63 elementor-section-boxed elementor-section-height-default elementor-section-height-default\" data-id=\"9eaff63\" data-element_type=\"section\" data-e-type=\"section\">\n\t\t\t\t\t\t<div class=\"elementor-container elementor-column-gap-default\">\n\t\t\t\t\t<div class=\"elementor-column elementor-col-100 elementor-top-column elementor-element elementor-element-24124e3\" data-id=\"24124e3\" data-element_type=\"column\" data-e-type=\"column\">\n\t\t\t<div class=\"elementor-widget-wrap elementor-element-populated\">\n\t\t\t\t\t\t<div class=\"elementor-element elementor-element-52b6477 elementor-widget elementor-widget-spacer\" data-id=\"52b6477\" data-element_type=\"widget\" data-e-type=\"widget\" data-widget_type=\"spacer.default\">\n\t\t\t\t<div class=\"elementor-widget-container\">\n\t\t\t\t\t\t\t<div class=\"elementor-spacer\">\n\t\t\t<div class=\"elementor-spacer-inner\"><\/div>\n\t\t<\/div>\n\t\t\t\t\t\t<\/div>\n\t\t\t\t<\/div>\n\t\t\t\t\t<\/div>\n\t\t<\/div>\n\t\t\t\t\t<\/div>\n\t\t<\/section>\n\t\t\t\t<section class=\"elementor-section elementor-top-section elementor-element elementor-element-aad8d62 elementor-section-boxed elementor-section-height-default elementor-section-height-default\" data-id=\"aad8d62\" data-element_type=\"section\" data-e-type=\"section\">\n\t\t\t\t\t\t<div class=\"elementor-container elementor-column-gap-default\">\n\t\t\t\t\t<div class=\"elementor-column elementor-col-100 elementor-top-column elementor-element elementor-element-2385d3b\" data-id=\"2385d3b\" data-element_type=\"column\" data-e-type=\"column\">\n\t\t\t<div class=\"elementor-widget-wrap elementor-element-populated\">\n\t\t\t\t\t\t<div class=\"elementor-element elementor-element-3733613 elementor-widget elementor-widget-text-editor\" data-id=\"3733613\" data-element_type=\"widget\" data-e-type=\"widget\" data-widget_type=\"text-editor.default\">\n\t\t\t\t<div class=\"elementor-widget-container\">\n\t\t\t\t\t\t\t\t\t<h3 style=\"text-align: center;\"><strong>Comiss\u00e3o de Submiss\u00e3o de Trabalhos<\/strong><\/h3><div style=\"text-align: center;\">\u00a0<\/div><div style=\"text-align: center;\"><img loading=\"lazy\" decoding=\"async\" class=\"aligncenter wp-image-4145 size-full\" src=\"http:\/\/ppget.ifam.edu.br\/w_seta_novo\/wp-content\/uploads\/2024\/08\/Comissao-de-Submissao-e1724517081846.png\" alt=\"\" width=\"468\" height=\"433\" srcset=\"https:\/\/ppget.ifam.edu.br\/w_seta_novo\/wp-content\/uploads\/2024\/08\/Comissao-de-Submissao-e1724517081846.png 468w, https:\/\/ppget.ifam.edu.br\/w_seta_novo\/wp-content\/uploads\/2024\/08\/Comissao-de-Submissao-e1724517081846-300x278.png 300w\" sizes=\"(max-width: 468px) 100vw, 468px\" \/><\/div><div style=\"text-align: center;\">\u00a0<\/div><div style=\"text-align: center;\"><h3>(Contato: submissao-seta.cmc@ifam.edu.br)<\/h3><\/div><div id=\"acfifjfajpekbmhmjppnmmjgmhjkildl\" class=\"acfifjfajpekbmhmjppnmmjgmhjkildl\">\u00a0<\/div>\t\t\t\t\t\t\t\t<\/div>\n\t\t\t\t<\/div>\n\t\t\t\t\t<\/div>\n\t\t<\/div>\n\t\t\t\t\t<\/div>\n\t\t<\/section>\n\t\t\t\t<section class=\"elementor-section elementor-top-section elementor-element elementor-element-b3c662f elementor-section-boxed elementor-section-height-default elementor-section-height-default\" data-id=\"b3c662f\" data-element_type=\"section\" data-e-type=\"section\">\n\t\t\t\t\t\t<div class=\"elementor-container elementor-column-gap-default\">\n\t\t\t\t\t<div class=\"elementor-column elementor-col-100 elementor-top-column elementor-element elementor-element-920a581\" data-id=\"920a581\" data-element_type=\"column\" data-e-type=\"column\">\n\t\t\t<div class=\"elementor-widget-wrap elementor-element-populated\">\n\t\t\t\t\t\t<div class=\"elementor-element elementor-element-049599d elementor-widget elementor-widget-spacer\" data-id=\"049599d\" data-element_type=\"widget\" data-e-type=\"widget\" data-widget_type=\"spacer.default\">\n\t\t\t\t<div class=\"elementor-widget-container\">\n\t\t\t\t\t\t\t<div class=\"elementor-spacer\">\n\t\t\t<div class=\"elementor-spacer-inner\"><\/div>\n\t\t<\/div>\n\t\t\t\t\t\t<\/div>\n\t\t\t\t<\/div>\n\t\t\t\t\t<\/div>\n\t\t<\/div>\n\t\t\t\t\t<\/div>\n\t\t<\/section>\n\t\t\t\t<section class=\"elementor-section elementor-top-section elementor-element elementor-element-b2cce05 elementor-section-boxed elementor-section-height-default elementor-section-height-default\" data-id=\"b2cce05\" data-element_type=\"section\" data-e-type=\"section\">\n\t\t\t\t\t\t<div class=\"elementor-container elementor-column-gap-default\">\n\t\t\t\t\t<div class=\"elementor-column elementor-col-100 elementor-top-column elementor-element elementor-element-61c0a9a\" data-id=\"61c0a9a\" data-element_type=\"column\" data-e-type=\"column\">\n\t\t\t<div class=\"elementor-widget-wrap elementor-element-populated\">\n\t\t\t\t\t\t<div class=\"elementor-element elementor-element-5066907 elementor-widget elementor-widget-text-editor\" data-id=\"5066907\" data-element_type=\"widget\" data-e-type=\"widget\" data-widget_type=\"text-editor.default\">\n\t\t\t\t<div class=\"elementor-widget-container\">\n\t\t\t\t\t\t\t\t\t<h3 style=\"text-align: center;\"><strong>Comiss\u00e3o de Log\u00edstica<\/strong><\/h3><div>\u00a0<\/div><div><img loading=\"lazy\" decoding=\"async\" class=\"aligncenter wp-image-4160 size-large\" src=\"http:\/\/ppget.ifam.edu.br\/w_seta_novo\/wp-content\/uploads\/2024\/08\/Comissao-de-Logistica-1-1024x324.png\" alt=\"\" width=\"800\" height=\"253\" srcset=\"https:\/\/ppget.ifam.edu.br\/w_seta_novo\/wp-content\/uploads\/2024\/08\/Comissao-de-Logistica-1-1024x324.png 1024w, https:\/\/ppget.ifam.edu.br\/w_seta_novo\/wp-content\/uploads\/2024\/08\/Comissao-de-Logistica-1-300x95.png 300w, https:\/\/ppget.ifam.edu.br\/w_seta_novo\/wp-content\/uploads\/2024\/08\/Comissao-de-Logistica-1-768x243.png 768w, https:\/\/ppget.ifam.edu.br\/w_seta_novo\/wp-content\/uploads\/2024\/08\/Comissao-de-Logistica-1.png 1413w\" sizes=\"(max-width: 800px) 100vw, 800px\" \/><\/div><div><h3 style=\"text-align: center;\">(Contato: logistica-seta.cmc@ifam.edu.br)<\/h3><\/div><div id=\"acfifjfajpekbmhmjppnmmjgmhjkildl\" class=\"acfifjfajpekbmhmjppnmmjgmhjkildl\">\u00a0<\/div>\t\t\t\t\t\t\t\t<\/div>\n\t\t\t\t<\/div>\n\t\t\t\t\t<\/div>\n\t\t<\/div>\n\t\t\t\t\t<\/div>\n\t\t<\/section>\n\t\t\t\t<\/div>\n\t\t","protected":false},"excerpt":{"rendered":"<p>Presid\u00eancia do Evento Prof. Dr. Jo\u00e3o dos Santos Cabral Neto (Contato: seta.cmc@ifam.edu.br) Comiss\u00e3o de Programa\u00e7\u00e3o \u00a0(Contato: programacao-seta.cmc@ifam.edu.br)\u00a0 \u00a0\u00a0\u00a0\u00a0 Comiss\u00e3o de Recursos, Gest\u00e3o Financeira e Presta\u00e7\u00e3o de Contas \u00a0(Contato: financeiro-seta.cmc@ifam.edu.br)\u00a0 Comiss\u00e3o &#8230;<\/p>\n","protected":false},"author":4,"featured_media":0,"parent":0,"menu_order":0,"comment_status":"closed","ping_status":"closed","template":"","meta":{"_uag_custom_page_level_css":"","footnotes":""},"class_list":["post-3498","page","type-page","status-publish","hentry"],"uagb_featured_image_src":{"full":false,"thumbnail":false,"medium":false,"medium_large":false,"large":false,"1536x1536":false,"2048x2048":false,"onepress-blog-small":false,"onepress-small":false,"onepress-medium":false},"uagb_author_info":{"display_name":"Gilmara Maquine","author_link":"https:\/\/ppget.ifam.edu.br\/w_seta_novo\/index.php\/author\/gilmara\/"},"uagb_comment_info":0,"uagb_excerpt":"Presid\u00eancia do Evento Prof. Dr. Jo\u00e3o dos Santos Cabral Neto (Contato: seta.cmc@ifam.edu.br) Comiss\u00e3o de Programa\u00e7\u00e3o \u00a0(Contato: programacao-seta.cmc@ifam.edu.br)\u00a0 \u00a0\u00a0\u00a0\u00a0 Comiss\u00e3o de Recursos, Gest\u00e3o Financeira e Presta\u00e7\u00e3o de Contas \u00a0(Contato: financeiro-seta.cmc@ifam.edu.br)\u00a0 Comiss\u00e3o ...","_links":{"self":[{"href":"https:\/\/ppget.ifam.edu.br\/w_seta_novo\/index.php\/wp-json\/wp\/v2\/pages\/3498","targetHints":{"allow":["GET"]}}],"collection":[{"href":"https:\/\/ppget.ifam.edu.br\/w_seta_novo\/index.php\/wp-json\/wp\/v2\/pages"}],"about":[{"href":"https:\/\/ppget.ifam.edu.br\/w_seta_novo\/index.php\/wp-json\/wp\/v2\/types\/page"}],"author":[{"embeddable":true,"href":"https:\/\/ppget.ifam.edu.br\/w_seta_novo\/index.php\/wp-json\/wp\/v2\/users\/4"}],"replies":[{"embeddable":true,"href":"https:\/\/ppget.ifam.edu.br\/w_seta_novo\/index.php\/wp-json\/wp\/v2\/comments?post=3498"}],"version-history":[{"count":86,"href":"https:\/\/ppget.ifam.edu.br\/w_seta_novo\/index.php\/wp-json\/wp\/v2\/pages\/3498\/revisions"}],"predecessor-version":[{"id":4163,"href":"https:\/\/ppget.ifam.edu.br\/w_seta_novo\/index.php\/wp-json\/wp\/v2\/pages\/3498\/revisions\/4163"}],"wp:attachment":[{"href":"https:\/\/ppget.ifam.edu.br\/w_seta_novo\/index.php\/wp-json\/wp\/v2\/media?parent=3498"}],"curies":[{"name":"wp","href":"https:\/\/api.w.org\/{rel}","templated":true}]}}