{"id":30,"date":"2016-04-08T18:32:18","date_gmt":"2016-04-08T18:32:18","guid":{"rendered":"http:\/\/200.129.168.193\/wp_seta\/?page_id=30"},"modified":"2020-06-24T13:42:11","modified_gmt":"2020-06-24T16:42:11","slug":"programacao-geral","status":"publish","type":"page","link":"https:\/\/ppget.ifam.edu.br\/w_seta_novo\/index.php\/programacao-geral\/","title":{"rendered":"Programa\u00e7\u00e3o"},"content":{"rendered":"<p>&nbsp;<\/p>\n<table style=\"height: 1654px;\" width=\"696\">\n<tbody>\n<tr>\n<th>Quinta<br \/>\n(26\/09\/19)<\/th>\n<th>Sexta-feira<br \/>\n(27\/09\/19)<\/th>\n<th>S\u00e1bado<br \/>\n(28\/09\/19)<\/th>\n<\/tr>\n<tr>\n<td><span style=\"font-weight: bold;\">Credenciamento<\/span><br \/>\nDas 10h \u00e0s 12h<br \/>\nLocal: Espa\u00e7o Moronguet\u00e1<\/td>\n<td><span style=\"font-weight: bold;\">Oficinas<\/span><br \/>\nDas 08:00h \u00e0s 12:00h<\/td>\n<td><span style=\"font-weight: bold;\">Caf\u00e9 Filos\u00f3fico<\/span><br \/>\nLocal: Parque do Mindu<br \/>\nDas 09:00h \u00e0s 12:00h<\/td>\n<\/tr>\n<tr>\n<td>Almo\u00e7o<\/td>\n<td>Almo\u00e7o<\/td>\n<td>Almo\u00e7o<\/td>\n<\/tr>\n<tr>\n<td><span style=\"font-weight: bold;\">Credenciamento<\/span><br \/>\nDas 12h \u00e0s 13:30h<br \/>\nLocal: Espa\u00e7o Moronguet\u00e1<span style=\"font-weight: bold;\">Abertura Oficial: Teatro &#8220;Narrativas Acad\u00eamicas no MPET&#8221; (Dire\u00e7\u00e3o: Prof. Dr. Jo\u00e3o Cabral Neto)<\/span><br \/>\nLocal: Audit\u00f3rio Alberto Furtado<br \/>\nDas 13:30h \u00e0s 14:30h<\/p>\n<p><span style=\"font-weight: bold;\">Confer\u00eancia de Abertura<\/span><br \/>\nDr. Elizeu Clementino de Souza (UNEB)<br \/>\nForma\u00e7\u00e3o de Professores na perspectiva da Investiga\u00e7\u00e3o-Forma\u00e7\u00e3o<br \/>\nLocal: Audit\u00f3rio Alberto Furtado<br \/>\nDas 14:30h \u00e0s 16:00h<\/p>\n<p><span style=\"font-weight: bold;\">Roda de Conversa &#8211; Egressos do MPET<\/span><br \/>\nInven\u00e7\u00f5es de vida no processo de produ\u00e7\u00e3o do conhecimento cient\u00edfico<br \/>\nLocal: Audit\u00f3rio Alberto Furtado<br \/>\nDas 16:30h \u00e0s 17:30h<\/p>\n<p><span style=\"font-weight: bold;\">Mostra de Produtos &#8211; Egressos do MPET<\/span><\/p>\n<p><span style=\"font-weight: bold;\">Momento Ci\u00eancia &#8211; Exposi\u00e7\u00e3o de banners dos mestrandos do MPET\/2019 e CEIE <\/span><br \/>\nLocal: Espa\u00e7o Moronguet\u00e1<br \/>\nDas 17:30h \u00e0s 18:30h<\/td>\n<td><span style=\"font-weight: bold;\">Apresenta\u00e7\u00e3o dos Artigos cient\u00edficos aprovados nos Eixos Tem\u00e1ticos<\/span><br \/>\nDas 13:30h \u00e0s 16h<br \/>\nLocais consulte aqui: <a href=\"https:\/\/drive.google.com\/file\/d\/1E1yXhfjP04035_p4uw8dtrFpooGg7aSH\/view?usp=sharing\"><strong>Ensalamento<\/strong><\/a><br \/>\n<span style=\"font-weight: bold;\">Apresenta\u00e7\u00e3o dos Relatos de Experi\u00eancias aprovados<\/span><br \/>\nDas 13:30h \u00e0s 16h<br \/>\nLocais consulte aqui: <a href=\"https:\/\/drive.google.com\/file\/d\/1E1yXhfjP04035_p4uw8dtrFpooGg7aSH\/view?usp=sharing\"><strong>Ensalamento<\/strong><\/a><\/p>\n<p><span style=\"font-weight: bold;\">Mesa-redonda Investiga\u00e7\u00e3o-Forma\u00e7\u00e3o como pr\u00e1tica de pesquisa<\/span><br \/>\nLocal: CDI I<br \/>\nDas 16:00h \u00e0s 18:00h<\/td>\n<td><\/td>\n<\/tr>\n<tr>\n<td><\/td>\n<td><\/td>\n<td><\/td>\n<\/tr>\n<tr>\n<td><span style=\"font-weight: bold;\">Momento Cultural<\/span><br \/>\nLocal: Espa\u00e7o Moronguet\u00e1<br \/>\nDas 18:30h \u00e0s 19:00h<\/td>\n<td><span style=\"font-weight: bold;\">Momento Cultural<\/span><br \/>\n<span style=\"font-weight: bold;\">Exposi\u00e7\u00e3o de Livros<br \/>\nEncerramento do V SETA<\/span><br \/>\nLocal: CDI I<br \/>\nDas 18h \u00e0s 19:00h<\/td>\n<td><\/td>\n<\/tr>\n<\/tbody>\n<\/table>\n<p>Clique <a href=\"https:\/\/drive.google.com\/file\/d\/1ioBJBrQCI6gjjFuOhm9VOXiqWG5ScGB2\/view?usp=sharing\">aqui<\/a> para acessar a programa\u00e7\u00e3o em vers\u00e3o .PDF<\/p>\n","protected":false},"excerpt":{"rendered":"<p>&nbsp; Quinta (26\/09\/19) Sexta-feira (27\/09\/19) S\u00e1bado (28\/09\/19) Credenciamento Das 10h \u00e0s 12h Local: Espa\u00e7o Moronguet\u00e1 Oficinas Das 08:00h \u00e0s 12:00h Caf\u00e9 Filos\u00f3fico Local: Parque do Mindu Das 09:00h \u00e0s 12:00h &#8230;<\/p>\n","protected":false},"author":1,"featured_media":0,"parent":0,"menu_order":0,"comment_status":"closed","ping_status":"closed","template":"","meta":{"_uag_custom_page_level_css":"","footnotes":""},"class_list":["post-30","page","type-page","status-publish","hentry"],"uagb_featured_image_src":{"full":false,"thumbnail":false,"medium":false,"medium_large":false,"large":false,"1536x1536":false,"2048x2048":false,"onepress-blog-small":false,"onepress-small":false,"onepress-medium":false},"uagb_author_info":{"display_name":"ppget_admin","author_link":"https:\/\/ppget.ifam.edu.br\/w_seta_novo\/index.php\/author\/ppget_admin\/"},"uagb_comment_info":0,"uagb_excerpt":"&nbsp; Quinta (26\/09\/19) Sexta-feira (27\/09\/19) S\u00e1bado (28\/09\/19) Credenciamento Das 10h \u00e0s 12h Local: Espa\u00e7o Moronguet\u00e1 Oficinas Das 08:00h \u00e0s 12:00h Caf\u00e9 Filos\u00f3fico Local: Parque do Mindu Das 09:00h \u00e0s 12:00h ...","_links":{"self":[{"href":"https:\/\/ppget.ifam.edu.br\/w_seta_novo\/index.php\/wp-json\/wp\/v2\/pages\/30","targetHints":{"allow":["GET"]}}],"collection":[{"href":"https:\/\/ppget.ifam.edu.br\/w_seta_novo\/index.php\/wp-json\/wp\/v2\/pages"}],"about":[{"href":"https:\/\/ppget.ifam.edu.br\/w_seta_novo\/index.php\/wp-json\/wp\/v2\/types\/page"}],"author":[{"embeddable":true,"href":"https:\/\/ppget.ifam.edu.br\/w_seta_novo\/index.php\/wp-json\/wp\/v2\/users\/1"}],"replies":[{"embeddable":true,"href":"https:\/\/ppget.ifam.edu.br\/w_seta_novo\/index.php\/wp-json\/wp\/v2\/comments?post=30"}],"version-history":[{"count":1,"href":"https:\/\/ppget.ifam.edu.br\/w_seta_novo\/index.php\/wp-json\/wp\/v2\/pages\/30\/revisions"}],"predecessor-version":[{"id":1816,"href":"https:\/\/ppget.ifam.edu.br\/w_seta_novo\/index.php\/wp-json\/wp\/v2\/pages\/30\/revisions\/1816"}],"wp:attachment":[{"href":"https:\/\/ppget.ifam.edu.br\/w_seta_novo\/index.php\/wp-json\/wp\/v2\/media?parent=30"}],"curies":[{"name":"wp","href":"https:\/\/api.w.org\/{rel}","templated":true}]}}