{"id":2959,"date":"2022-07-24T16:30:54","date_gmt":"2022-07-24T19:30:54","guid":{"rendered":"http:\/\/ppget.ifam.edu.br\/w_seta_novo\/?page_id=2959"},"modified":"2024-09-17T14:10:09","modified_gmt":"2024-09-17T17:10:09","slug":"orientacoes-para-submissao","status":"publish","type":"page","link":"https:\/\/ppget.ifam.edu.br\/w_seta_novo\/index.php\/orientacoes-para-submissao\/","title":{"rendered":"Orienta\u00e7\u00f5es para Submiss\u00e3o"},"content":{"rendered":"\t\t<div data-elementor-type=\"wp-page\" data-elementor-id=\"2959\" class=\"elementor elementor-2959\">\n\t\t\t\t\t\t<section class=\"elementor-section elementor-top-section elementor-element elementor-element-e669dee elementor-section-boxed elementor-section-height-default elementor-section-height-default\" data-id=\"e669dee\" data-element_type=\"section\" data-e-type=\"section\">\n\t\t\t\t\t\t<div class=\"elementor-container elementor-column-gap-default\">\n\t\t\t\t\t<div class=\"elementor-column elementor-col-100 elementor-top-column elementor-element elementor-element-043f2e2\" data-id=\"043f2e2\" data-element_type=\"column\" data-e-type=\"column\">\n\t\t\t<div class=\"elementor-widget-wrap elementor-element-populated\">\n\t\t\t\t\t\t<div class=\"elementor-element elementor-element-36a1d15 elementor-widget__width-initial elementor-widget elementor-widget-text-editor\" data-id=\"36a1d15\" data-element_type=\"widget\" data-e-type=\"widget\" data-widget_type=\"text-editor.default\">\n\t\t\t\t<div class=\"elementor-widget-container\">\n\t\t\t\t\t\t\t\t\t<h3 style=\"text-align: justify;\"><strong>APRESENTA\u00c7\u00c3O DAS TRILHAS E EIXOS <\/strong><\/h3><p style=\"text-align: justify;\">Na 10\u00aa edi\u00e7\u00e3o do Seta 2024, os trabalhos inscritos foram organizados em duas categorias: <strong>artigos cient\u00edficos<\/strong> (chamados de trilhas) e <strong>relatos de experi\u00eancia<\/strong> (chamados de eixos).<\/p><p style=\"text-align: justify;\">A escolha por nomear as trilhas com nomes de rios amaz\u00f4nicos \u00e9 uma homenagem \u00e0 diversidade e riqueza da regi\u00e3o. Assim como os rios confluem, formando a maior bacia hidrogr\u00e1fica do mundo, os artigos cient\u00edficos, de diversas \u00e1reas do conhecimento, se unem para construir um panorama abrangente das pesquisas em ensino tecnol\u00f3gico. <strong>O Rio Solim\u00f5es<\/strong>, por exemplo, representa a for\u00e7a e a hist\u00f3ria da coloniza\u00e7\u00e3o, enquanto o <strong>Rio Negro<\/strong> simboliza a adapta\u00e7\u00e3o e a diversidade da fauna e da flora amaz\u00f4nica.<\/p><p style=\"text-align: justify;\">J\u00e1 os eixos, representados pelos <strong>povos ind\u00edgenas<\/strong>, s\u00e3o um reconhecimento aos verdadeiros guardi\u00f5es da floresta e um manifesto de apoio \u00e0s suas lutas, visto que carregam em si a sabedoria ancestral e a conex\u00e3o profunda com a natureza, inspirando nossas a\u00e7\u00f5es em prol da sustentabilidade e da justi\u00e7a social.<\/p><p style=\"text-align: justify;\">Ao escolher esses nomes, o Seta 2024 busca n\u00e3o apenas organizar os trabalhos, mas tamb\u00e9m promover um di\u00e1logo sobre a import\u00e2ncia da Amaz\u00f4nia e de seus povos, convidando a todos a refletir sobre o papel da educa\u00e7\u00e3o e da tecnologia na constru\u00e7\u00e3o de um futuro mais justo e sustent\u00e1vel.<\/p><h3 style=\"text-align: justify;\"><strong style=\"font-size: 1.25rem;\">TRILHAS PARA SUBMISS\u00c3O DE ARTIGO CIENT\u00cdFICO<\/strong><\/h3><ul style=\"text-align: justify;\"><li style=\"text-align: justify;\"><strong>Trilha Rio Solim\u00f5es:<\/strong> Abrange conte\u00fados de Ci\u00eancia, Tecnologia e Sociedade (CTS); CTS e Ambiente (CTSA); Letramento e Alfabetiza\u00e7\u00e3o Cient\u00edfica; Divulga\u00e7\u00e3o Cient\u00edfica; Educa\u00e7\u00e3o do Campo, Educa\u00e7\u00e3o Ribeirinha na Amaz\u00f4nia.<\/li><li style=\"text-align: justify;\"><strong>Trilha Rio Negro<\/strong>: Abrange conte\u00fados sobre as Diversidades Culturais: educa\u00e7\u00e3o especial, experi\u00eancias pedag\u00f3gicas inclusivas advindas dos diferentes atores escolares, problem\u00e1ticas que envolvem quest\u00f5es \u00e9tnico-raciais, lingu\u00edsticas, culturais e de g\u00eanero, em espa\u00e7os escolares nas suas m\u00faltiplas dimens\u00f5es. Desafios da educa\u00e7\u00e3o para a diversidade, considerando avan\u00e7os e possibilidades neste campo.<\/li><li style=\"text-align: justify;\"><strong>Trilha Rio Juru\u00e1:<\/strong> Abrange conte\u00fados sobre aspectos relacionados \u00e0 Forma\u00e7\u00e3o de Professores desde a forma\u00e7\u00e3o inicial \u00e0 forma\u00e7\u00e3o continuada, inclui pol\u00edticas de forma\u00e7\u00e3o, tend\u00eancias, abordagens te\u00f3rico-metodol\u00f3gicas no processo de forma\u00e7\u00e3o, pr\u00e1ticas no contexto formativo, aspectos hist\u00f3ricos da profissionaliza\u00e7\u00e3o, desafios contempor\u00e2neos para forma\u00e7\u00e3o docente, forma\u00e7\u00e3o como pr\u00e1tica cr\u00edtica-reflexiva; Curr\u00edculo e pol\u00edticas p\u00fablicas. Processos e Estrat\u00e9gias de Ensino e Aprendizagem.<\/li><li style=\"text-align: justify;\"><strong>Trilha Rio Purus:<\/strong> Abrange conte\u00fados sobre trabalhos que demonstrem processos que v\u00e3o desde a concep\u00e7\u00e3o at\u00e9 a aplica\u00e7\u00e3o pr\u00e1tica do Produto Educacional. Aspectos de avalia\u00e7\u00e3o, valida\u00e7\u00e3o e inser\u00e7\u00e3o social do produto. Produto Educacional como processo e recurso para sala de aula e forma\u00e7\u00e3o de professores.<\/li><\/ul><h3 style=\"text-align: justify;\">\u00a0<\/h3><h3 style=\"text-align: justify;\"><strong>EIXOS PARA SUBMISS\u00c3O DE RELATO DE EXPERI\u00caNCIA<\/strong><\/h3><ul style=\"text-align: justify;\"><li><strong>Eixo Kaiow\u00e1:<\/strong> Inclui relatos de experi\u00eancia cuja tem\u00e1tica \u00e9 a Forma\u00e7\u00e3o de Professores.<\/li><li><strong>Eixo Yanomami:<\/strong> Inclui relatos de experi\u00eancia que registram Processos de Ensino.<\/li><li><strong>Eixo Xavante:<\/strong> Inclui relatos de experi\u00eancia que descrevem aplica\u00e7\u00f5es de Produtos e Tecnologias Educacionais.<\/li><\/ul><h3>\u00a0<\/h3><h3 style=\"text-align: justify;\"><strong>ORIENTA\u00c7\u00d5ES PARA SUBMISS\u00c3O DE TRABALHOS<\/strong><\/h3><ol style=\"text-align: justify;\"><li>A submiss\u00e3o de trabalhos dar-se-\u00e1 nas categorias de\u00a0<strong>Artigo Cient\u00edfico Completo <\/strong>e\/ou\u00a0<strong>Relato de Experi\u00eancia<\/strong>, respeitando uma das trilhas\/eixos do evento, que deve ser indicada no momento da submiss\u00e3o.<\/li><li>O <strong>Artigo Cient\u00edfico<\/strong>\u00a0e\/ou\u00a0<strong>Relato de Experi\u00eancia<\/strong> dever\u00e1 ser submetido por meio da plataforma de submiss\u00e3o do SETA: <a href=\"http:\/\/ocs.ifam.edu.br\/\">http:\/\/ocs.ifam.edu.br\/<\/a>.<\/li><\/ol><p style=\"text-align: justify;\">\u00a0 \u00a0 \u00a0 \u00a0No link disponibilizamos o Tutorial de Submiss\u00e3o de <strong>Artigo Cient\u00edfico<\/strong>\u00a0e\/ou\u00a0<strong>Relato de Experi\u00eancia<\/strong> nesta plataforma.\u00a0 \u00a0\u00a0<strong><em>Link<\/em><\/strong><em>: <\/em><a href=\"https:\/\/docs.google.com\/presentation\/d\/1b23I4nLV_l7wqbiffbEfuWG01a8l5r5z\/edit#slide=id.p1\" target=\"_blank\" rel=\"noopener\">https:\/\/docs.google.com\/presentation\/d\/1b23I4nLV_l7wqbiffbEfuWG01a8l5r5z\/edit#slide=id.p1\u00a0<\/a><\/p><ol style=\"text-align: justify;\" start=\"3\"><li>Cada trabalho poder\u00e1 conter at\u00e9\u00a0<strong>quatro <\/strong><strong>autores<\/strong>, obrigatoriamente, inscritos no evento.<\/li><li>Cada autor(a) pode submeter at\u00e9\u00a0<strong>1 (um) trabalho<\/strong>, independentemente da categoria. No caso de co-autor(es), n\u00e3o haver\u00e1 limite para submiss\u00e3o de trabalhos.\u00a0 Na <strong>fase de submiss\u00e3o<\/strong>, o arquivo do Artigo Cient\u00edfico Completo e\/ou Relato de Experi\u00eancia <strong>dever\u00e1 ser enviado sem as informa\u00e7\u00f5es de identifica\u00e7\u00e3o dos autores<\/strong>\u00a0(nomes, <em>e-mails<\/em>, institui\u00e7\u00f5es etc.) ou outras informa\u00e7\u00f5es que possam identificar a autoria. \u00c9 importante excluir qualquer identifica\u00e7\u00e3o nas propriedades do arquivo. Essas informa\u00e7\u00f5es dever\u00e3o ser inclu\u00eddas apenas nos\u00a0<em>metadados<\/em>\u00a0da plataforma de submiss\u00e3o e no arquivo da vers\u00e3o final do artigo ou relato aprovado.<\/li><\/ol><ol style=\"text-align: justify;\" start=\"5\"><li>Artigos Cient\u00edficos Completos e Relatos de Experi\u00eancia dever\u00e3o seguir as normas da <strong>ABNT vigentes<\/strong> e utilizar o\u00a0<em>template <\/em>(<strong>.DOC ou .DOCX)\u00a0<\/strong>dispon\u00edveis nos\u00a0<em>links<\/em>\u00a0abaixo (Obs.: N\u00e3o pode enviar em formato <strong>.pdf<\/strong>):<ul><li><em>Template <\/em>para Artigo Cient\u00edfico dispon\u00edvel no\u00a0<a href=\"https:\/\/docs.google.com\/document\/d\/16jdJeeyfIbp_8NfYnVChRblUjbWxP-wV\/edit?usp=sharing&amp;ouid=103364770531386275025&amp;rtpof=true&amp;sd=true\"><strong><em>Link<\/em><\/strong><\/a><strong>.<\/strong><\/li><li><em>Template<\/em>para Relato de Experi\u00eancia dispon\u00edvel no <strong><em><a href=\"https:\/\/docs.google.com\/document\/d\/1UAvSJSbvmW8goN0l6O_HgjoxBgbEg6Tw\/edit?usp=sharing&amp;ouid=107470034450051984884&amp;rtpof=true&amp;sd=true\" target=\"_blank\" rel=\"noopener\">Link<\/a>.<\/em><\/strong><\/li><\/ul><\/li><li>Ao serem comunicados sobre a aprova\u00e7\u00e3o, os autores devem ficar atentos \u00e0s novas informa\u00e7\u00f5es referentes \u00e0 apresenta\u00e7\u00e3o, via <em>e-mail, bem como as informa\u00e7\u00f5es disponibilizadas no menu da <strong>Comunica\u00e7\u00e3o Oral<\/strong> (site do SETA\/PPGET:\u00a0 <a href=\"https:\/\/ppget.ifam.edu.br\/w_seta_novo\/\" target=\"_blank\" rel=\"noopener\">https:\/\/ppget.ifam.edu.br\/w_seta_novo\/<\/a>)<\/em>\u00a0<\/li><li>Com a aprova\u00e7\u00e3o dos Artigos e Relatos, ser\u00e1 enviado ao autor os documentos exigidos para comunica\u00e7\u00e3o oral via e-mail.<\/li><li>A <strong>vers\u00e3o final <\/strong>do Artigo Cient\u00edfico Completo ou Relato de Experi\u00eancia dever\u00e1 estar formatada utilizando o\u00a0<em>template <\/em><strong>.DOC<\/strong>, ou<strong>\u00a0.DOCX\u00a0<\/strong>disponibilizado pelo evento (Obs.: N\u00e3o pode enviar em formato <strong>.pdf<\/strong>).<\/li><li>Trabalhos submetidos na categoria de\u00a0<strong>Artigo Cient\u00edfico Completo <\/strong>dever\u00e3o ter de 6 a 10 p\u00e1ginas, contendo, obrigatoriamente, os itens: t\u00edtulo, autores (somente na vers\u00e3o final), institui\u00e7\u00e3o de afilia\u00e7\u00e3o de cada autor (somente na vers\u00e3o final), entidades financiadoras (se aplic\u00e1vel), resumo, palavras-chave, introdu\u00e7\u00e3o, material e m\u00e9todos, resultados e discuss\u00e3o, conclus\u00e3o, agradecimentos (opcional), refer\u00eancias, tabelas (se aplic\u00e1vel) e figuras (se aplic\u00e1vel).<\/li><li>Trabalhos submetidos na\u00a0<strong>categoria de Relato de Experi\u00eancia <\/strong>dever\u00e3o ter entre 3 a 6 p\u00e1ginas. O texto deve conter <strong>introdu\u00e7\u00e3o<\/strong> (descri\u00e7\u00e3o e objetivo de uma dada experi\u00eancia formativa e\/ou de ensino, objetivos da viv\u00eancia), <strong>atividades realizadas<\/strong> (metodologias empregadas para realizar a\u00a0experi\u00eancia, incluindo descri\u00e7\u00e3o do contexto e\/ou procedimentos, p\u00fablico-alvo, local, t\u00e9cnicas, ferramentas, instrumentos, procedimentos utilizados e como para an\u00e1lise e tabula\u00e7\u00e3o dos dados foram tabulados e analisados), <strong>considera\u00e7\u00f5es finais<\/strong> (refletir sobre os resultados alcan\u00e7ados, bem como as fragilidades e as lacunas encontradas que ficaram em aberto para novas pesquisas que sejam significativas para a \u00e1rea de estudos em quest\u00e3o) e <strong>refer\u00eancias<\/strong>. Os dados do(s) autor(es) devem ser inseridos apenas na vers\u00e3o final.<\/li><li>Trabalhos submetidos como,\u00a0<strong>Artigo Cient\u00edfico Completo <\/strong>e\/ou\u00a0<strong>Relato de Experi\u00eancia\u00a0<\/strong>aceitos pela Comit\u00ea T\u00e9cnico-Cient\u00edfico participar\u00e3o da apresenta\u00e7\u00e3o oral, que ser\u00e1 mediada por um membro da comiss\u00e3o organizadora do evento, conforme dia e hor\u00e1rio informados na programa\u00e7\u00e3o do evento (consulte o site oficial do SETA na p\u00e1gina do PPGET\/IFAM &#8211;\u00a0<a href=\"https:\/\/ppget.ifam.edu.br\/w_seta_novo\/\">https:\/\/ppget.ifam.edu.br\/w_seta_novo\/<\/a>). Os autores ser\u00e3o comunicados por meio de uma carta encaminhada para o <em>e-mail<\/em> do <strong>primeiro autor.<\/strong><\/li><li>O autor respons\u00e1vel pela submiss\u00e3o representa todos os autores do trabalho e, ao enviar o artigo\/relato, est\u00e1 garantindo que tem a permiss\u00e3o de todos para faz\u00ea-lo. Da mesma forma, assegura que o artigo\/relato n\u00e3o viola direitos autorais e que n\u00e3o h\u00e1 pl\u00e1gio no trabalho. A comiss\u00e3o organizadora n\u00e3o se responsabiliza pelas opini\u00f5es emitidas.<\/li><li>Os trabalhos devem estar de acordo com as normas estabelecidas, trilhas ou eixos, sob pena de n\u00e3o serem considerados \u00e0 avalia\u00e7\u00e3o para participa\u00e7\u00e3o no evento.<\/li><li>A comiss\u00e3o organizadora n\u00e3o se responsabilizar\u00e1 por informa\u00e7\u00f5es cadastradas incorretamente no preenchimento dos dados de inscri\u00e7\u00e3o <em>online<\/em>.<\/li><\/ol><h3>\u00a0<\/h3><h3 style=\"text-align: justify;\"><strong>AVALIA\u00c7\u00c3O E JULGAMENTO DOS TRABALHOS<\/strong><\/h3><ul style=\"text-align: justify;\"><li>Os trabalhos submetidos ao\u00a0<strong>10\u00ba Simp\u00f3sio em Ensino Tecnol\u00f3gico no Amazonas \u2013 Seta 2024 <\/strong>passar\u00e3o por um processo de julgamento, do tipo\u00a0<em>blind peer review <\/em>(julgamento cego por pares), no qual a identidade e a afilia\u00e7\u00e3o institucional do(s) autor(es) n\u00e3o s\u00e3o do conhecimento dos avaliadores. O processo de avalia\u00e7\u00e3o dos trabalhos \u00e9 \u00e0s cegas, portanto,\u00a0<strong>ao submeter seu trabalho na primeira fase n\u00e3o inclua no arquivo, nome dos autores, institui\u00e7\u00f5es aos quais est\u00e3o vinculados, ou\u00a0<em>e-mails,\u00a0<\/em>inclua apenas a titula\u00e7\u00e3o m\u00e1xima<\/strong>. Essas informa\u00e7\u00f5es devem ser fornecidas apenas nos\u00a0<em>metadados<\/em>\u00a0da plataforma de submiss\u00e3o e na vers\u00e3o final do trabalho;<\/li><li>Todos os Artigos\/Relatos submetidos passar\u00e3o por um duplo filtro de avalia\u00e7\u00e3o. O primeiro \u00e9 realizado pela Comiss\u00e3o Organizadora do evento para verificar as normas e requisitos deste regulamento. Em seguida, ser\u00e3o encaminhados para a avalia\u00e7\u00e3o de dois pareceristas do Comit\u00ea T\u00e9cnico-Cient\u00edfico. Caso os avaliadores apresentem pareceres discordantes, o Artigo\/Relato ser\u00e1 enviado a um terceiro parecerista.<\/li><li>Os trabalhos que necessitarem de corre\u00e7\u00f5es ser\u00e3o devolvidos aos autores para modifica\u00e7\u00f5es, sendo informado o prazo para ajustes.<\/li><li>Corre\u00e7\u00f5es solicitadas que n\u00e3o forem encaminhadas no prazo estipulado poder\u00e3o resultar na recusa do trabalho. A revis\u00e3o final do artigo\/relato ficar\u00e1 a cargo dos autores. A comiss\u00e3o n\u00e3o se responsabiliza pela revis\u00e3o gramatical dos trabalhos.<\/li><li>Os trabalhos ser\u00e3o avaliados com base nos seguintes crit\u00e9rios: contribui\u00e7\u00e3o significativa para a tem\u00e1tica ou eixo do evento, coer\u00eancia na fundamenta\u00e7\u00e3o te\u00f3rica, atualiza\u00e7\u00e3o da bibliografia, e clareza na descri\u00e7\u00e3o dos objetivos, do m\u00e9todo de experimenta\u00e7\u00e3o e da an\u00e1lise dos resultados, \u00e9tica acad\u00eamica e conformidade com as normas da ABNT vigentes.<\/li><li>O Artigo\/Relato encaminhado deve ser an\u00f4nimo, sem possibilidade de identifica\u00e7\u00e3o dos autores no texto, de acordo com as diretrizes deste Regulamento. Caso n\u00e3o atenda tais exig\u00eancias ser\u00e1 rejeitado. Se o artigo\/relato for aceito, ser\u00e1 solicitada a vers\u00e3o completa do trabalho com todas as informa\u00e7\u00f5es suprimidas.<\/li><li>O Artigo\/Relato deve seguir o template do evento, n\u00e3o identificar sua trilha\/eixo e\/ou apresentar problemas de formata\u00e7\u00e3o com rela\u00e7\u00e3o ao uso de tabelas e quadros e\/ou falta de resolu\u00e7\u00e3o nas figuras (dos artigos) poder\u00e3o ser rejeitados.<\/li><li>Os <strong>Relatos de Experi\u00eancia<\/strong> devem ser objetivos, concisos e n\u00e3o devem vir acompanhados de imagens que contenham exposi\u00e7\u00e3o de pessoas, garantindo o direito \u00e0 preserva\u00e7\u00e3o da\u00a0imagem e da identidade de participantes.<\/li><\/ul><h3>\u00a0<\/h3><h3 style=\"text-align: justify;\"><strong>TRABALHOS APROVADOS PARA APRESENTA\u00c7\u00c3O ORAL<\/strong><\/h3><p style=\"text-align: justify;\"><strong>Artigo Cient\u00edfico e Relato de Experi\u00eancia<\/strong><\/p><ul style=\"text-align: justify;\"><li>Os\/As participantes dever\u00e3o estar atentos para que as apresenta\u00e7\u00f5es estejam de acordo com a formata\u00e7\u00e3o recomendada. O\/A apresentador\/a desta modalidade apresentar\u00e1 o seu trabalho de acordo com a sala tem\u00e1tica que for designada, respeitando o tempo definido para apresenta\u00e7\u00e3o.<\/li><li>Equipamentos como computador e projetor de imagem ser\u00e3o de responsabilidade da institui\u00e7\u00e3o organizadora do evento. Os autores dever\u00e3o seguir as orienta\u00e7\u00f5es do <em>template<\/em> disponibilizado para a Comunica\u00e7\u00e3o Oral. A apresenta\u00e7\u00e3o dever\u00e1 ser encaminhada para o <em>e-mail<\/em> da comiss\u00e3o de submiss\u00e3o (submissao-seta.cmc@ifam.edu.br) no prazo de uma semana, conforme cronograma informado no site oficial do evento e neste regulamento. Os autores ser\u00e3o informados via e-mail sobre os prazos, conforme o cronograma do evento, bem como, das salas disponibilizadas para as apresenta\u00e7\u00f5es da Comunica\u00e7\u00e3o Oral dos Artigos e Relatos. \u00c9 obrigat\u00f3rio inserir no campo \u201cassunto\u201d do <em>e-mail<\/em> a categoria em que fez a submiss\u00e3o do artigo ou relato.<\/li><li>A apresenta\u00e7\u00e3o ser\u00e1 mediada por um membro da comiss\u00e3o organizadora do evento ou convidado. As apresenta\u00e7\u00f5es ser\u00e3o realizadas no dia <strong>28\/11\/2024 <\/strong>de 8h \u00e0s 12h e 14h \u00e0s 17h nas depend\u00eancias do IFAM\/CMC. Cada autor ter\u00e1 10 minutos para apresenta\u00e7\u00e3o.<\/li><li>\u00c9 obrigat\u00f3ria a presen\u00e7a de pelo menos um dos autores para participa\u00e7\u00e3o na sess\u00e3o oral, no hor\u00e1rio da exposi\u00e7\u00e3o do trabalho, conforme programa\u00e7\u00e3o do evento. Esse \u00e9 um requisito obrigat\u00f3rio para a certifica\u00e7\u00e3o de todos os autores e publica\u00e7\u00e3o nos Anais do Seta 2024.<\/li><li>Para trabalhos aceitos, todos os autores dever\u00e3o estar, obrigatoriamente, inscritos no evento Seta 2024.<\/li><li>Os trabalhos aprovados pelo Comit\u00ea T\u00e9cnico-Cient\u00edfico ser\u00e3o selecionados para apresenta\u00e7\u00e3o oral que devem ser entregues com a formata\u00e7\u00e3o exigida. \u00c9 necess\u00e1rio que o autor fique atento ao <em>e-mail<\/em>, pois este \u00e9 o meio de comunica\u00e7\u00e3o utilizado pela organiza\u00e7\u00e3o do evento onde os autores receber\u00e3o informa\u00e7\u00f5es e orienta\u00e7\u00f5es sobre a submiss\u00e3o do artigo\/relato.<\/li><li>Os trabalhos aprovados compor\u00e3o os Anais do Seta 2024, a partir dos crit\u00e9rios definidos como: tema delimitado, apresenta objeto\/realidade investigados; relev\u00e2ncia social e pertin\u00eancia para a \u00e1rea de estudo; organiza\u00e7\u00e3o l\u00f3gica de ideias (introdu\u00e7\u00e3o, desenvolvimento e conclus\u00e3o); procedimentos metodol\u00f3gicos detalhados; t\u00e9cnica de an\u00e1lise; resultados e discuss\u00e3o coerente com a proposta de investiga\u00e7\u00e3o.<\/li><\/ul><h3>\u00a0<\/h3><h3 style=\"text-align: justify;\"><strong>PUBLICA\u00c7\u00c3O DOS TRABALHOS APROVADOS<\/strong><\/h3><ul style=\"text-align: justify;\"><li>Os Artigos Cient\u00edficos e Relatos de Experi\u00eancia aprovados pelo Comit\u00ea-Cient\u00edfico compor\u00e3o os Anais do evento e ser\u00e3o divulgados na p\u00e1gina oficial do Seta 2024 e no sistema de submiss\u00f5es (<a href=\"http:\/\/ocs.ifam.edu.br\/\">http:\/\/ocs.ifam.edu.br\/)<\/a>.<\/li><\/ul><h3>\u00a0<\/h3><h3 style=\"text-align: justify;\"><strong>CRONOGRAMA DE ATIVIDADES<\/strong><\/h3><table><tbody><tr><td width=\"283\"><p><strong>PER\u00cdODO <\/strong><\/p><\/td><td width=\"283\"><p><strong>ATIVIDADE<\/strong><\/p><\/td><\/tr><tr><td width=\"283\"><p>26\/08\/2024 a 20\/11\/2024<\/p><\/td><td width=\"283\"><p>Per\u00edodo de inscri\u00e7\u00e3o<\/p><\/td><\/tr><tr><td width=\"283\"><p>26\/08\/2024 a 11\/10\/2024<\/p><\/td><td width=\"283\"><p>Per\u00edodo de submiss\u00e3o de artigos cient\u00edficos e\/ou relatos de experi\u00eancia.<\/p><\/td><\/tr><tr><td width=\"283\"><p>11\/11\/2024 a 20\/11\/2024<\/p><\/td><td width=\"283\"><p>Per\u00edodo de envio das vers\u00f5es finais dos artigos e relatos.<\/p><\/td><\/tr><tr><td width=\"283\"><p>18\/11\/2024<\/p><\/td><td width=\"283\"><p>Divulga\u00e7\u00e3o dos artigos cient\u00edficos e\/ou relatos de experi\u00eancias aprovados.\u00a0<\/p><\/td><\/tr><tr><td width=\"283\">21\/11\/2024 a 24\/11\/2024<\/td><td width=\"283\">Organiza\u00e7\u00e3o dos trabalhos para Comunica\u00e7\u00e3o Oral (Publica\u00e7\u00e3o no site).<\/td><\/tr><tr><td width=\"283\"><p>20\/11\/2024<\/p><\/td><td width=\"283\"><p>Divulga\u00e7\u00e3o dos artigos cient\u00edficos e\/ou relatos de experi\u00eancias selecionados para apresenta\u00e7\u00e3o no evento.<\/p><\/td><\/tr><tr><td width=\"283\"><p>18\/11\/2024 a 22\/11\/2024<\/p><\/td><td width=\"283\"><p>Prazo para envio das apresenta\u00e7\u00f5es orais.<\/p><\/td><\/tr><tr><td width=\"283\"><p>27, 28 e 29\/11\/2024<\/p><\/td><td width=\"283\"><p>Seta 2024<\/p><\/td><\/tr><tr><td width=\"283\">\u00a0<\/td><td width=\"283\">\u00a0<\/td><\/tr><\/tbody><\/table><p style=\"text-align: justify;\">As datas informadas no cronograma acima poder\u00e3o sofrer altera\u00e7\u00f5es, portanto acompanhe as informa\u00e7\u00f5es disponibilizadas neste site e nas redes sociais do PPGET\/IFAM.<\/p><p style=\"text-align: justify;\">Redes Sociais (Instagram e Facebook) do PPGET:\u00a0 @ppgetifam<\/p><p style=\"text-align: justify;\">Os casos omissos neste regulamento ser\u00e3o analisados e deliberados pela comiss\u00e3o organizadora do evento.<\/p><div id=\"acfifjfajpekbmhmjppnmmjgmhjkildl\" class=\"acfifjfajpekbmhmjppnmmjgmhjkildl\">\u00a0<\/div><div id=\"acfifjfajpekbmhmjppnmmjgmhjkildl\" class=\"acfifjfajpekbmhmjppnmmjgmhjkildl\">\u00a0<\/div><div id=\"acfifjfajpekbmhmjppnmmjgmhjkildl\" class=\"acfifjfajpekbmhmjppnmmjgmhjkildl\">\u00a0<\/div><div id=\"acfifjfajpekbmhmjppnmmjgmhjkildl\" class=\"acfifjfajpekbmhmjppnmmjgmhjkildl\">\u00a0<\/div><div id=\"acfifjfajpekbmhmjppnmmjgmhjkildl\" class=\"acfifjfajpekbmhmjppnmmjgmhjkildl\">\u00a0<\/div><div id=\"acfifjfajpekbmhmjppnmmjgmhjkildl\" class=\"acfifjfajpekbmhmjppnmmjgmhjkildl\">\u00a0<\/div>\t\t\t\t\t\t\t\t<\/div>\n\t\t\t\t<\/div>\n\t\t\t\t\t<\/div>\n\t\t<\/div>\n\t\t\t\t\t<\/div>\n\t\t<\/section>\n\t\t\t\t<\/div>\n\t\t","protected":false},"excerpt":{"rendered":"<p>APRESENTA\u00c7\u00c3O DAS TRILHAS E EIXOS Na 10\u00aa edi\u00e7\u00e3o do Seta 2024, os trabalhos inscritos foram organizados em duas categorias: artigos cient\u00edficos (chamados de trilhas) e relatos de experi\u00eancia (chamados de &#8230;<\/p>\n","protected":false},"author":10,"featured_media":0,"parent":0,"menu_order":0,"comment_status":"closed","ping_status":"closed","template":"","meta":{"_uag_custom_page_level_css":"","footnotes":""},"class_list":["post-2959","page","type-page","status-publish","hentry"],"uagb_featured_image_src":{"full":false,"thumbnail":false,"medium":false,"medium_large":false,"large":false,"1536x1536":false,"2048x2048":false,"onepress-blog-small":false,"onepress-small":false,"onepress-medium":false},"uagb_author_info":{"display_name":"Almir Junior","author_link":"https:\/\/ppget.ifam.edu.br\/w_seta_novo\/index.php\/author\/almir\/"},"uagb_comment_info":0,"uagb_excerpt":"APRESENTA\u00c7\u00c3O DAS TRILHAS E EIXOS Na 10\u00aa edi\u00e7\u00e3o do Seta 2024, os trabalhos inscritos foram organizados em duas categorias: artigos cient\u00edficos (chamados de trilhas) e relatos de experi\u00eancia (chamados de ...","_links":{"self":[{"href":"https:\/\/ppget.ifam.edu.br\/w_seta_novo\/index.php\/wp-json\/wp\/v2\/pages\/2959","targetHints":{"allow":["GET"]}}],"collection":[{"href":"https:\/\/ppget.ifam.edu.br\/w_seta_novo\/index.php\/wp-json\/wp\/v2\/pages"}],"about":[{"href":"https:\/\/ppget.ifam.edu.br\/w_seta_novo\/index.php\/wp-json\/wp\/v2\/types\/page"}],"author":[{"embeddable":true,"href":"https:\/\/ppget.ifam.edu.br\/w_seta_novo\/index.php\/wp-json\/wp\/v2\/users\/10"}],"replies":[{"embeddable":true,"href":"https:\/\/ppget.ifam.edu.br\/w_seta_novo\/index.php\/wp-json\/wp\/v2\/comments?post=2959"}],"version-history":[{"count":190,"href":"https:\/\/ppget.ifam.edu.br\/w_seta_novo\/index.php\/wp-json\/wp\/v2\/pages\/2959\/revisions"}],"predecessor-version":[{"id":4359,"href":"https:\/\/ppget.ifam.edu.br\/w_seta_novo\/index.php\/wp-json\/wp\/v2\/pages\/2959\/revisions\/4359"}],"wp:attachment":[{"href":"https:\/\/ppget.ifam.edu.br\/w_seta_novo\/index.php\/wp-json\/wp\/v2\/media?parent=2959"}],"curies":[{"name":"wp","href":"https:\/\/api.w.org\/{rel}","templated":true}]}}