{"id":2644,"date":"2021-07-18T18:06:25","date_gmt":"2021-07-18T21:06:25","guid":{"rendered":"http:\/\/ppget.ifam.edu.br\/w_seta_novo\/?page_id=2644"},"modified":"2021-08-01T17:27:01","modified_gmt":"2021-08-01T20:27:01","slug":"seta-2020","status":"publish","type":"page","link":"https:\/\/ppget.ifam.edu.br\/w_seta_novo\/index.php\/seta-2020\/","title":{"rendered":"SETA 2020"},"content":{"rendered":"\t\t<div data-elementor-type=\"wp-page\" data-elementor-id=\"2644\" class=\"elementor elementor-2644\">\n\t\t\t\t\t\t<section class=\"elementor-section elementor-top-section elementor-element elementor-element-c962c20 elementor-section-boxed elementor-section-height-default elementor-section-height-default\" data-id=\"c962c20\" data-element_type=\"section\" data-e-type=\"section\">\n\t\t\t\t\t\t<div class=\"elementor-container elementor-column-gap-default\">\n\t\t\t\t\t<div class=\"elementor-column elementor-col-100 elementor-top-column elementor-element elementor-element-68fd2a1\" data-id=\"68fd2a1\" data-element_type=\"column\" data-e-type=\"column\">\n\t\t\t<div class=\"elementor-widget-wrap elementor-element-populated\">\n\t\t\t\t\t\t<div class=\"elementor-element elementor-element-a135bfb elementor-widget elementor-widget-heading\" data-id=\"a135bfb\" data-element_type=\"widget\" data-e-type=\"widget\" data-widget_type=\"heading.default\">\n\t\t\t\t<div class=\"elementor-widget-container\">\n\t\t\t\t\t<h2 class=\"elementor-heading-title elementor-size-default\">Hist\u00f3rico SETA 2020<\/h2>\t\t\t\t<\/div>\n\t\t\t\t<\/div>\n\t\t\t\t\t<\/div>\n\t\t<\/div>\n\t\t\t\t\t<\/div>\n\t\t<\/section>\n\t\t\t\t<section class=\"elementor-section elementor-top-section elementor-element elementor-element-30d9003 elementor-section-boxed elementor-section-height-default elementor-section-height-default\" data-id=\"30d9003\" data-element_type=\"section\" data-e-type=\"section\">\n\t\t\t\t\t\t<div class=\"elementor-container elementor-column-gap-default\">\n\t\t\t\t\t<div class=\"elementor-column elementor-col-100 elementor-top-column elementor-element elementor-element-31e78b3\" data-id=\"31e78b3\" data-element_type=\"column\" data-e-type=\"column\">\n\t\t\t<div class=\"elementor-widget-wrap elementor-element-populated\">\n\t\t\t\t\t\t<div class=\"elementor-element elementor-element-c93ddfd elementor-widget elementor-widget-text-editor\" data-id=\"c93ddfd\" data-element_type=\"widget\" data-e-type=\"widget\" data-widget_type=\"text-editor.default\">\n\t\t\t\t<div class=\"elementor-widget-container\">\n\t\t\t\t\t\t\t\t\t<p>O 6\u00b0 Simp\u00f3sio em Ensino Tecnol\u00f3gico do Amazonas &#8211; 6\u00ba SETA 2020 ocorreu nos dias 18 e 19 de novembro de 2020.\u00a0 \u00a0O SETA que \u00e9 caracterizado como um evento t\u00e9cnico-cient\u00edfico \u00e9 atividade obrigat\u00f3ria do Programa de P\u00f3s-Gradua\u00e7\u00e3o em Ensino Tecnol\u00f3gico &#8211; PPGET, do Instituto Federal de Educa\u00e7\u00e3o, Ci\u00eancia e Tecnologia do Amazonas \u2013 IFAM com a conota\u00e7\u00e3o de pr\u00e1tica de divulga\u00e7\u00e3o cient\u00edfica.<\/p><p>O evento \u00e9 planejado para a legitima\u00e7\u00e3o de um espa\u00e7o de discuss\u00e3o, valoriza\u00e7\u00e3o e incentivo \u00e0 pesquisa voltada ao ensino tecnol\u00f3gico. O\u00a0 SETA, em sua sexta edi\u00e7\u00e3o, apresenta o tema:\u00a0 <strong>Produto Educacional: perspectivas para o ensino<\/strong>.\u00a0<\/p><p>O SETA 2020 teve como objetivos: (i) divulgar a pesquisa cient\u00edfica e tecnol\u00f3gica; (ii) promover reflex\u00f5es sobre ensino, pesquisa e educa\u00e7\u00e3o; (iii) promover a integra\u00e7\u00e3o cient\u00edfica e tecnol\u00f3gica entre pesquisadores da \u00e1rea do Ensino Tecnol\u00f3gico; (iv) divulgar experi\u00eancias de professores da Educa\u00e7\u00e3o B\u00e1sica, T\u00e9cnica e Tecnol\u00f3gica.<\/p><p>A cada edi\u00e7\u00e3o do SETA uma turma de mestrandos e os professores do PPGET realizam o evento a partir de uma tem\u00e1tica voltada para reflex\u00e3o que envolve o ensino tecnol\u00f3gico. No ano de 2020, o evento foi organizado pela turma de mestrandos\/2019 sob a coordena\u00e7\u00e3o geral do Prof. Dr. Nilton Paulo Ponciano e Profa. Ma. Gilmara Oliveira Maquin\u00e9 com a contribui\u00e7\u00e3o da coordena\u00e7\u00e3o, professores e Secretaria do PPGET do IFAM, al\u00e9m dos egressos e acad\u00eamicos das licenciaturas e volunt\u00e1rios de institui\u00e7\u00f5es p\u00fablicas e privadas.<\/p><p>O VI SETA objetivou disseminar o conhecimento em ensino, pesquisas e experi\u00eancias por meio de palestras, mesas-redondas, comunica\u00e7\u00e3o oral, relatos de experi\u00eancia, galerias virtuais e oficinas a partir de temas com foco no ensino tecnol\u00f3gico e na pesquisa acad\u00eamica, al\u00e9m de promover um espa\u00e7o de discuss\u00e3o, reflex\u00e3o e troca de experi\u00eancias sobre a elabora\u00e7\u00e3o de produtos educacionais e seus impactos sociais ou culturais, oportunizar debates sobre os processos e as metodologias envolvidas, e sobre os desafios a serem superados tantos em termos metodol\u00f3gicos quanto na socializa\u00e7\u00e3o e inser\u00e7\u00e3o junto ao p\u00fablico-alvo.<\/p><p>Com o advento da pandemia por Covid-19, o VI SETA ocorreu de forma remota na sua sexta edi\u00e7\u00e3o.\u00a0 No primeiro dia, no turno matutino, tivemos a Confer\u00eancia de Abertura com a Prof\u00aa Dr\u00aa Ivanise\u00a0 Rizzatti (UFRR), com o\u00a0 tema: <strong>Produto Educacional: perspectivas para o ensino<\/strong>.<\/p><p>No hor\u00e1rio vespertino, tivemos a realiza\u00e7\u00e3o da Mesa-Redonda com o tema <strong>Os desafios da cria\u00e7\u00e3o de produtos educacionais em programas de mestrados profissionais da Regi\u00e3o Norte e outras realidades contempor\u00e2neas<\/strong> e teve o objetivo de discutir e refletir sobre os desafios da elabora\u00e7\u00e3o de produtos educacionais da Regi\u00e3o Norte e outras realidades da contemporaneidade. Nesta atividade, contamos com a participa\u00e7\u00e3o das professoras: T\u00e2nia Ara\u00fajo Jorge (FIOCRUZ\/RJ), France Fraiha Martins (UFPA\/PA) e Andr\u00e9a Pereira Mendon\u00e7a (IFAM\/AM).\u00a0 Ap\u00f3s a Mesa-Redonda, o primeiro dia encerrou com a apresenta\u00e7\u00e3o da Galeria Virtual de Produtos Educacionais: <strong>Do senso comum \u00e0 ci\u00eancia<\/strong> onde pesquisadores de institui\u00e7\u00f5es educacionais nacionais divulgaram os seus produtos educacionais elaborados a partir de processos investigativos no formato de v\u00eddeos organizados em uma playlist.\u00a0<\/p><p>No segundo dia do evento ocorreram atividades nos turnos matutino e vespertino. Pela manh\u00e3, das 09h \u00e0s 12h ocorreram as sete oficinas: \u201c<strong>M\u00e3o na massa<\/strong>\u201d com as seguintes tem\u00e1ticas: <strong>Google Acad\u00eamico<\/strong>; <strong>Power Slides &#8211; saia da mesmice<\/strong>; <strong>Google Formul\u00e1rios<\/strong>; <strong>Whatsapp na Educa\u00e7\u00e3o<\/strong>; <strong>Google Keep e Kanban<\/strong>; <strong>Criando Lives no StreamYard<\/strong>; e <strong>Realidade Virtual<\/strong>. Neste mesmo dia, a partir das 10h, ocorreram as <strong>Sess\u00f5es virtuais de comunica\u00e7\u00e3o <\/strong><strong>oral<\/strong>, dos artigos cient\u00edficos e relatos de experi\u00eancias aprovados, disponibilizadas em uma playlist no canal do YouTube do programa.<\/p><p>No per\u00edodo vespertino, a partir das 14h, as <strong>Sess\u00f5es virtuais de comunica\u00e7\u00e3o <\/strong><strong>oral<\/strong>, dos artigos cient\u00edficos e relatos de experi\u00eancias aprovados no SETA 2020 continuaram, sendo disponibilizadas em uma playlist no canal do YouTube do programa.<\/p><p>No SETA 2020 foram submetidos 78 artigos cient\u00edficos para a apresenta\u00e7\u00e3o oral e 46 para relatos de experi\u00eancias. Deste n\u00famero, foram aprovados 40 artigos cient\u00edficos e 29 relatos de experi\u00eancia, os quais constam nos Anais do evento.\u00a0 A comunica\u00e7\u00e3o oral apresentou quatro eixos tem\u00e1ticos para os artigos cient\u00edficos: <strong>Forma\u00e7\u00e3o de Professores<\/strong>; <strong>Processos e recursos pedag\u00f3gicos em<\/strong> <strong>sala de aula<\/strong>; <strong>Ci\u00eancia, Tecnologia e Sociedade<\/strong>; e <strong>Educa\u00e7\u00e3o Inclusiva<\/strong>.<\/p><p>O evento teve seu encerramento com a confer\u00eancia de encerramento a partir das 15h.\u00a0 Com a tem\u00e1tica <strong>Produtos Educacionais como facilitadores do assestar<\/strong> <strong>\u00f3culos para ver o mundo natural<\/strong> fomos contemplados com a presen\u00e7a do Prof\u00ba Dr\u00ba Attico In\u00e1cio Chassot. Ap\u00f3s a confer\u00eancia, o agradecimento a todos os envolvidos na realiza\u00e7\u00e3o do evento e a participa\u00e7\u00e3o de diferentes pesquisadores do pa\u00eds, foi em forma de m\u00fasica, de arte, onde a tem\u00e1tica foi\u00a0 <strong>Amaz\u00f4nia, sua cultura e sua arte<\/strong>.<\/p>\t\t\t\t\t\t\t\t<\/div>\n\t\t\t\t<\/div>\n\t\t\t\t\t<\/div>\n\t\t<\/div>\n\t\t\t\t\t<\/div>\n\t\t<\/section>\n\t\t\t\t<section class=\"elementor-section elementor-top-section elementor-element elementor-element-1b26ac6 elementor-section-boxed elementor-section-height-default elementor-section-height-default\" data-id=\"1b26ac6\" data-element_type=\"section\" data-e-type=\"section\">\n\t\t\t\t\t\t<div class=\"elementor-container elementor-column-gap-default\">\n\t\t\t\t\t<div class=\"elementor-column elementor-col-100 elementor-top-column elementor-element elementor-element-873a34a\" data-id=\"873a34a\" data-element_type=\"column\" data-e-type=\"column\">\n\t\t\t<div class=\"elementor-widget-wrap elementor-element-populated\">\n\t\t\t\t\t\t<div class=\"elementor-element elementor-element-3db4dd8 elementor-widget elementor-widget-heading\" data-id=\"3db4dd8\" data-element_type=\"widget\" data-e-type=\"widget\" data-widget_type=\"heading.default\">\n\t\t\t\t<div class=\"elementor-widget-container\">\n\t\t\t\t\t<h4 class=\"elementor-heading-title elementor-size-default\">Comiss\u00f5es organizadoras do VI SETA<\/h4>\t\t\t\t<\/div>\n\t\t\t\t<\/div>\n\t\t\t\t\t<\/div>\n\t\t<\/div>\n\t\t\t\t\t<\/div>\n\t\t<\/section>\n\t\t\t\t<section class=\"elementor-section elementor-top-section elementor-element elementor-element-5aff9f7 elementor-section-boxed elementor-section-height-default elementor-section-height-default\" data-id=\"5aff9f7\" data-element_type=\"section\" data-e-type=\"section\">\n\t\t\t\t\t\t<div class=\"elementor-container elementor-column-gap-default\">\n\t\t\t\t\t<div class=\"elementor-column elementor-col-100 elementor-top-column elementor-element elementor-element-d52fe0c\" data-id=\"d52fe0c\" data-element_type=\"column\" data-e-type=\"column\">\n\t\t\t<div class=\"elementor-widget-wrap elementor-element-populated\">\n\t\t\t\t\t\t<div class=\"elementor-element elementor-element-3a85b43 elementor-widget elementor-widget-text-editor\" data-id=\"3a85b43\" data-element_type=\"widget\" data-e-type=\"widget\" data-widget_type=\"text-editor.default\">\n\t\t\t\t<div class=\"elementor-widget-container\">\n\t\t\t\t\t\t\t\t\t<p><strong>\u00a0<\/strong><\/p>\n<p><strong>Comiss\u00e3o de Programa\u00e7\u00e3o<\/strong><\/p>\n<p>Aldemira de Ara\u00fajo C\u00e2mara (Coordenadora)<\/p>\n<p>Adrielso Calandrini da Silva<\/p>\n<p><strong>Comiss\u00e3o de Tecnologia da Informa\u00e7\u00e3o (TI)<\/strong><\/p>\n<p>Matheus Marques de Souza (Coordenador)<\/p>\n<p>Bruno da Silva Andrade<\/p>\n<p>Pedro Jos\u00e9 Seixas dos Santos<\/p>\n<p>Aldemira de Ara\u00fajo C\u00e2mara<\/p>\n<p>Gilmara Oliveira Maquin\u00e9<\/p>\n<p><strong>Comiss\u00e3o de Submiss\u00e3o de Trabalhos<\/strong><\/p>\n<p>Iarima Naama Ferreira Lopes (Coordenadora)<\/p>\n<p>Anderson Colares Soares<\/p>\n<p>Arleide Maia Pinheiro<\/p>\n<p>Pedro Jos\u00e9 Seixas dos Santos<\/p>\n<p><strong>Comiss\u00e3o de Inscri\u00e7\u00e3o e Certifica\u00e7\u00e3o<\/strong><\/p>\n<p>Ranyelle Lopes Barros (Coordenadora)<\/p>\n<p>Patr\u00edcia Lucena de Lavor<\/p>\n<p>Carmem L\u00facia de Souza Ribeiro<\/p>\n<p>Felipe Bruce de Lima<\/p>\n<p>Matheus Marques de Souza<\/p>\n<p><strong>Comiss\u00e3o de Recursos, Gest\u00e3o Financeira e Presta\u00e7\u00e3o de Contas<\/strong><\/p>\n<p>Ant\u00f4nio Blanco Acioli Lins (Coordenador)<\/p>\n<p>Felipe Bruce de Lima<\/p>\n<p>Carmem L\u00facia de Souza Ribeiro<\/p>\n<p><strong>Comiss\u00e3o de Divulga\u00e7\u00e3o\/Comunica\u00e7\u00e3o<\/strong><\/p>\n<p>Am\u00e9lia Jandrea de Souza (Coordenadora)<\/p>\n<p>Amanda Chelly da Rocha<\/p>\n<p>Aldemira Ara\u00fajo C\u00e2mara<\/p>\n<p>Gilmara Oliveira Maquin\u00e9<\/p>\n<p>Franceane Soares<\/p>\n<p><strong>Comiss\u00e3o de Gera\u00e7\u00e3o, Registro e Divulga\u00e7\u00e3o dos Anais do Evento<\/strong><\/p>\n<p>Aldemira Ara\u00fajo C\u00e2mara (Coordenadora)<\/p>\n<p>Arleide Maia Pinheiro<\/p>\n<p>Gilmara Oliveira Maquin\u00e9 (Egressa)<\/p>\n<p>Nilton Paulo Ponciano (Professor)<\/p>\n<p>Andr\u00e9a Pereira Mendon\u00e7a (Professora)<\/p>\t\t\t\t\t\t\t\t<\/div>\n\t\t\t\t<\/div>\n\t\t\t\t\t<\/div>\n\t\t<\/div>\n\t\t\t\t\t<\/div>\n\t\t<\/section>\n\t\t\t\t<\/div>\n\t\t","protected":false},"excerpt":{"rendered":"<p>Hist\u00f3rico SETA 2020 O 6\u00b0 Simp\u00f3sio em Ensino Tecnol\u00f3gico do Amazonas &#8211; 6\u00ba SETA 2020 ocorreu nos dias 18 e 19 de novembro de 2020.\u00a0 \u00a0O SETA que \u00e9 caracterizado &#8230;<\/p>\n","protected":false},"author":10,"featured_media":0,"parent":0,"menu_order":0,"comment_status":"closed","ping_status":"closed","template":"","meta":{"_uag_custom_page_level_css":"","footnotes":""},"class_list":["post-2644","page","type-page","status-publish","hentry"],"uagb_featured_image_src":{"full":false,"thumbnail":false,"medium":false,"medium_large":false,"large":false,"1536x1536":false,"2048x2048":false,"onepress-blog-small":false,"onepress-small":false,"onepress-medium":false},"uagb_author_info":{"display_name":"Almir Junior","author_link":"https:\/\/ppget.ifam.edu.br\/w_seta_novo\/index.php\/author\/almir\/"},"uagb_comment_info":0,"uagb_excerpt":"Hist\u00f3rico SETA 2020 O 6\u00b0 Simp\u00f3sio em Ensino Tecnol\u00f3gico do Amazonas &#8211; 6\u00ba SETA 2020 ocorreu nos dias 18 e 19 de novembro de 2020.\u00a0 \u00a0O SETA que \u00e9 caracterizado ...","_links":{"self":[{"href":"https:\/\/ppget.ifam.edu.br\/w_seta_novo\/index.php\/wp-json\/wp\/v2\/pages\/2644","targetHints":{"allow":["GET"]}}],"collection":[{"href":"https:\/\/ppget.ifam.edu.br\/w_seta_novo\/index.php\/wp-json\/wp\/v2\/pages"}],"about":[{"href":"https:\/\/ppget.ifam.edu.br\/w_seta_novo\/index.php\/wp-json\/wp\/v2\/types\/page"}],"author":[{"embeddable":true,"href":"https:\/\/ppget.ifam.edu.br\/w_seta_novo\/index.php\/wp-json\/wp\/v2\/users\/10"}],"replies":[{"embeddable":true,"href":"https:\/\/ppget.ifam.edu.br\/w_seta_novo\/index.php\/wp-json\/wp\/v2\/comments?post=2644"}],"version-history":[{"count":9,"href":"https:\/\/ppget.ifam.edu.br\/w_seta_novo\/index.php\/wp-json\/wp\/v2\/pages\/2644\/revisions"}],"predecessor-version":[{"id":2727,"href":"https:\/\/ppget.ifam.edu.br\/w_seta_novo\/index.php\/wp-json\/wp\/v2\/pages\/2644\/revisions\/2727"}],"wp:attachment":[{"href":"https:\/\/ppget.ifam.edu.br\/w_seta_novo\/index.php\/wp-json\/wp\/v2\/media?parent=2644"}],"curies":[{"name":"wp","href":"https:\/\/api.w.org\/{rel}","templated":true}]}}