{"id":1692,"date":"2020-06-24T02:01:17","date_gmt":"2020-06-24T05:01:17","guid":{"rendered":"http:\/\/ppget.ifam.edu.br\/w_seta_novo\/?page_id=1692"},"modified":"2022-07-25T14:01:28","modified_gmt":"2022-07-25T17:01:28","slug":"programacao2020","status":"publish","type":"page","link":"https:\/\/ppget.ifam.edu.br\/w_seta_novo\/index.php\/programacao2020\/","title":{"rendered":"Programa\u00e7\u00e3o 2021"},"content":{"rendered":"\t\t<div data-elementor-type=\"wp-page\" data-elementor-id=\"1692\" class=\"elementor elementor-1692\">\n\t\t\t\t\t\t<section class=\"elementor-section elementor-top-section elementor-element elementor-element-322d758 elementor-section-boxed elementor-section-height-default elementor-section-height-default\" data-id=\"322d758\" data-element_type=\"section\" data-e-type=\"section\">\n\t\t\t\t\t\t<div class=\"elementor-container elementor-column-gap-default\">\n\t\t\t\t\t<div class=\"elementor-column elementor-col-100 elementor-top-column elementor-element elementor-element-33cc82f\" data-id=\"33cc82f\" data-element_type=\"column\" data-e-type=\"column\">\n\t\t\t<div class=\"elementor-widget-wrap elementor-element-populated\">\n\t\t\t\t\t\t<div class=\"elementor-element elementor-element-c58de18 elementor-widget elementor-widget-image\" data-id=\"c58de18\" data-element_type=\"widget\" data-e-type=\"widget\" data-widget_type=\"image.default\">\n\t\t\t\t<div class=\"elementor-widget-container\">\n\t\t\t\t\t\t\t\t\t\t\t\t\t\t\t<img fetchpriority=\"high\" decoding=\"async\" width=\"800\" height=\"200\" src=\"https:\/\/ppget.ifam.edu.br\/w_seta_novo\/wp-content\/uploads\/2021\/07\/banner-google_Prancheta-1-1024x256.jpg\" class=\"attachment-large size-large wp-image-2570\" alt=\"\" srcset=\"https:\/\/ppget.ifam.edu.br\/w_seta_novo\/wp-content\/uploads\/2021\/07\/banner-google_Prancheta-1-1024x256.jpg 1024w, https:\/\/ppget.ifam.edu.br\/w_seta_novo\/wp-content\/uploads\/2021\/07\/banner-google_Prancheta-1-300x75.jpg 300w, https:\/\/ppget.ifam.edu.br\/w_seta_novo\/wp-content\/uploads\/2021\/07\/banner-google_Prancheta-1-768x192.jpg 768w, https:\/\/ppget.ifam.edu.br\/w_seta_novo\/wp-content\/uploads\/2021\/07\/banner-google_Prancheta-1-1536x384.jpg 1536w, https:\/\/ppget.ifam.edu.br\/w_seta_novo\/wp-content\/uploads\/2021\/07\/banner-google_Prancheta-1-2048x512.jpg 2048w\" sizes=\"(max-width: 800px) 100vw, 800px\" \/>\t\t\t\t\t\t\t\t\t\t\t\t\t\t\t<\/div>\n\t\t\t\t<\/div>\n\t\t\t\t\t<\/div>\n\t\t<\/div>\n\t\t\t\t\t<\/div>\n\t\t<\/section>\n\t\t\t\t<section class=\"elementor-section elementor-top-section elementor-element elementor-element-e8440bd elementor-section-boxed elementor-section-height-default elementor-section-height-default\" data-id=\"e8440bd\" data-element_type=\"section\" data-e-type=\"section\">\n\t\t\t\t\t\t<div class=\"elementor-container elementor-column-gap-default\">\n\t\t\t\t\t<div class=\"elementor-column elementor-col-100 elementor-top-column elementor-element elementor-element-38b511f\" data-id=\"38b511f\" data-element_type=\"column\" data-e-type=\"column\">\n\t\t\t<div class=\"elementor-widget-wrap elementor-element-populated\">\n\t\t\t\t\t\t<div class=\"elementor-element elementor-element-2c039bf elementor-tabs-view-horizontal elementor-widget elementor-widget-tabs\" data-id=\"2c039bf\" data-element_type=\"widget\" data-e-type=\"widget\" data-widget_type=\"tabs.default\">\n\t\t\t\t<div class=\"elementor-widget-container\">\n\t\t\t\t\t\t\t<div class=\"elementor-tabs\">\n\t\t\t<div class=\"elementor-tabs-wrapper\" role=\"tablist\" >\n\t\t\t\t\t\t\t\t\t<div id=\"elementor-tab-title-4611\" class=\"elementor-tab-title elementor-tab-desktop-title\" aria-selected=\"true\" data-tab=\"1\" role=\"tab\" tabindex=\"0\" aria-controls=\"elementor-tab-content-4611\" aria-expanded=\"false\">11\/11\/2021<\/div>\n\t\t\t\t\t\t\t\t\t<div id=\"elementor-tab-title-4612\" class=\"elementor-tab-title elementor-tab-desktop-title\" aria-selected=\"false\" data-tab=\"2\" role=\"tab\" tabindex=\"-1\" aria-controls=\"elementor-tab-content-4612\" aria-expanded=\"false\">12\/11\/2021<\/div>\n\t\t\t\t\t\t\t<\/div>\n\t\t\t<div class=\"elementor-tabs-content-wrapper\" role=\"tablist\" aria-orientation=\"vertical\">\n\t\t\t\t\t\t\t\t\t<div class=\"elementor-tab-title elementor-tab-mobile-title\" aria-selected=\"true\" data-tab=\"1\" role=\"tab\" tabindex=\"0\" aria-controls=\"elementor-tab-content-4611\" aria-expanded=\"false\">11\/11\/2021<\/div>\n\t\t\t\t\t<div id=\"elementor-tab-content-4611\" class=\"elementor-tab-content elementor-clearfix\" data-tab=\"1\" role=\"tabpanel\" aria-labelledby=\"elementor-tab-title-4611\" tabindex=\"0\" hidden=\"false\"><ul><li><strong>9h30 &#8211; ABERTURA OFICIAL<\/strong>;<\/li><li><strong>10H &#8211; CONFER\u00caNCIA DE ABERTURA<\/strong>: &#8220;Forma\u00e7\u00e3o de professores para ensino tecnol\u00f3gico &#8211; Contextos e Perspectivas&#8221; : Prof. Dra. Rita Esther (UFAM) ;<\/li><li><strong>14H &#8211; MESA-REDONDA: : <\/strong>&#8220;Avalia\u00e7\u00e3o de Programas de P\u00f3s-Gradua\u00e7\u00e3o na \u00e1rea de Ensino&#8221;: Prof; Dra. Andrea Pereira Mendon\u00e7a (IFAM); Dra. Cleci Werner da Rosa ( Universidade de Passo Fundo); Dra. Ivanise Rizzati (Coordenadora Adjunta da \u00c1rea de Ensino Capes); Prof Dr. Marcus Vinicius Pereira (IFRJ);<\/li><li><strong>16H &#8211; GALERIA VIRTUAL DE PRODUTOS EDUCACIONAIS<\/strong>;<\/li><\/ul><\/div>\n\t\t\t\t\t\t\t\t\t<div class=\"elementor-tab-title elementor-tab-mobile-title\" aria-selected=\"false\" data-tab=\"2\" role=\"tab\" tabindex=\"-1\" aria-controls=\"elementor-tab-content-4612\" aria-expanded=\"false\">12\/11\/2021<\/div>\n\t\t\t\t\t<div id=\"elementor-tab-content-4612\" class=\"elementor-tab-content elementor-clearfix\" data-tab=\"2\" role=\"tabpanel\" aria-labelledby=\"elementor-tab-title-4612\" tabindex=\"0\" hidden=\"hidden\"><ul><li>9H &#8211; OFICINAS;<\/li><li>9H &#8211; COMUNICA\u00c7\u00c3O ORAL DE ARTIGOS APROVADOS;<\/li><li>9H &#8211; COMUNICA\u00c7\u00c3O ORAL DE RELATOS APROVADOS;<\/li><li>16H &#8211; CONFER\u00caNCIA DE ENCERRAMENTO: <strong>&#8220;Ensino tecnol\u00f3gico em contexto: limites e possibilidades para o s\u00e9culo XXI.&#8221; <\/strong>Prof\u00ba. Dr. Dante Henrique Moura ( IFRN)<\/li><li>Link ao vivo!! <a href=\"https:\/\/www.youtube.com\/watch?v=RV_T5sMvEzI\">https:\/\/www.youtube.com\/watch?v=RV_T5sMvEzI<\/a><\/li><li>17H &#8211; CERIM\u00d4NIA DE ENCERRAMENTO;<\/li><\/ul><\/div>\n\t\t\t\t\t\t\t<\/div>\n\t\t<\/div>\n\t\t\t\t\t\t<\/div>\n\t\t\t\t<\/div>\n\t\t\t\t\t<\/div>\n\t\t<\/div>\n\t\t\t\t\t<\/div>\n\t\t<\/section>\n\t\t\t\t<\/div>\n\t\t","protected":false},"excerpt":{"rendered":"<p>11\/11\/2021 12\/11\/2021 11\/11\/2021 9h30 \u2013 ABERTURA OFICIAL; 10H \u2013 CONFER\u00caNCIA DE ABERTURA: \u201cForma\u00e7\u00e3o de professores para ensino tecnol\u00f3gico \u2013 Contextos e Perspectivas\u201d : Prof. Dra. Rita Esther (UFAM) ; 14H &#8230;<\/p>\n","protected":false},"author":1,"featured_media":0,"parent":0,"menu_order":0,"comment_status":"closed","ping_status":"closed","template":"","meta":{"_uag_custom_page_level_css":"","footnotes":""},"class_list":["post-1692","page","type-page","status-publish","hentry"],"uagb_featured_image_src":{"full":false,"thumbnail":false,"medium":false,"medium_large":false,"large":false,"1536x1536":false,"2048x2048":false,"onepress-blog-small":false,"onepress-small":false,"onepress-medium":false},"uagb_author_info":{"display_name":"ppget_admin","author_link":"https:\/\/ppget.ifam.edu.br\/w_seta_novo\/index.php\/author\/ppget_admin\/"},"uagb_comment_info":0,"uagb_excerpt":"11\/11\/2021 12\/11\/2021 11\/11\/2021 9h30 \u2013 ABERTURA OFICIAL; 10H \u2013 CONFER\u00caNCIA DE ABERTURA: \u201cForma\u00e7\u00e3o de professores para ensino tecnol\u00f3gico \u2013 Contextos e Perspectivas\u201d : Prof. Dra. Rita Esther (UFAM) ; 14H ...","_links":{"self":[{"href":"https:\/\/ppget.ifam.edu.br\/w_seta_novo\/index.php\/wp-json\/wp\/v2\/pages\/1692","targetHints":{"allow":["GET"]}}],"collection":[{"href":"https:\/\/ppget.ifam.edu.br\/w_seta_novo\/index.php\/wp-json\/wp\/v2\/pages"}],"about":[{"href":"https:\/\/ppget.ifam.edu.br\/w_seta_novo\/index.php\/wp-json\/wp\/v2\/types\/page"}],"author":[{"embeddable":true,"href":"https:\/\/ppget.ifam.edu.br\/w_seta_novo\/index.php\/wp-json\/wp\/v2\/users\/1"}],"replies":[{"embeddable":true,"href":"https:\/\/ppget.ifam.edu.br\/w_seta_novo\/index.php\/wp-json\/wp\/v2\/comments?post=1692"}],"version-history":[{"count":31,"href":"https:\/\/ppget.ifam.edu.br\/w_seta_novo\/index.php\/wp-json\/wp\/v2\/pages\/1692\/revisions"}],"predecessor-version":[{"id":2835,"href":"https:\/\/ppget.ifam.edu.br\/w_seta_novo\/index.php\/wp-json\/wp\/v2\/pages\/1692\/revisions\/2835"}],"wp:attachment":[{"href":"https:\/\/ppget.ifam.edu.br\/w_seta_novo\/index.php\/wp-json\/wp\/v2\/media?parent=1692"}],"curies":[{"name":"wp","href":"https:\/\/api.w.org\/{rel}","templated":true}]}}