{"id":111,"date":"2016-05-04T03:46:25","date_gmt":"2016-05-04T03:46:25","guid":{"rendered":"http:\/\/mpet.ifam.edu.br\/wp_seta\/?page_id=111"},"modified":"2022-07-24T16:11:58","modified_gmt":"2022-07-24T19:11:58","slug":"orientacoes-submissao","status":"publish","type":"page","link":"https:\/\/ppget.ifam.edu.br\/w_seta_novo\/index.php\/orientacoes-submissao\/","title":{"rendered":"Orienta\u00e7\u00f5es para Submiss\u00e3o"},"content":{"rendered":"\t\t<div data-elementor-type=\"wp-page\" data-elementor-id=\"111\" class=\"elementor elementor-111\">\n\t\t\t\t\t\t<section class=\"elementor-section elementor-top-section elementor-element elementor-element-fc99fcd elementor-section-boxed elementor-section-height-default elementor-section-height-default\" data-id=\"fc99fcd\" data-element_type=\"section\" data-e-type=\"section\">\n\t\t\t\t\t\t<div class=\"elementor-container elementor-column-gap-default\">\n\t\t\t\t\t<div class=\"elementor-column elementor-col-100 elementor-top-column elementor-element elementor-element-76e2995\" data-id=\"76e2995\" data-element_type=\"column\" data-e-type=\"column\">\n\t\t\t<div class=\"elementor-widget-wrap elementor-element-populated\">\n\t\t\t\t\t\t\t<\/div>\n\t\t<\/div>\n\t\t\t\t\t<\/div>\n\t\t<\/section>\n\t\t\t\t<section class=\"elementor-section elementor-top-section elementor-element elementor-element-1043281 elementor-section-boxed elementor-section-height-default elementor-section-height-default\" data-id=\"1043281\" data-element_type=\"section\" data-e-type=\"section\">\n\t\t\t\t\t\t<div class=\"elementor-container elementor-column-gap-default\">\n\t\t\t\t\t<div class=\"elementor-column elementor-col-100 elementor-top-column elementor-element elementor-element-3d865f3\" data-id=\"3d865f3\" data-element_type=\"column\" data-e-type=\"column\">\n\t\t\t<div class=\"elementor-widget-wrap elementor-element-populated\">\n\t\t\t\t\t\t<div class=\"elementor-element elementor-element-920af6b elementor-widget elementor-widget-image\" data-id=\"920af6b\" data-element_type=\"widget\" data-e-type=\"widget\" data-widget_type=\"image.default\">\n\t\t\t\t<div class=\"elementor-widget-container\">\n\t\t\t\t\t\t\t\t\t\t\t\t\t\t\t<img fetchpriority=\"high\" decoding=\"async\" width=\"2560\" height=\"640\" src=\"https:\/\/ppget.ifam.edu.br\/w_seta_novo\/wp-content\/uploads\/2021\/07\/banner-google_Prancheta-1-scaled.jpg\" class=\"attachment-full size-full wp-image-2570\" alt=\"\" srcset=\"https:\/\/ppget.ifam.edu.br\/w_seta_novo\/wp-content\/uploads\/2021\/07\/banner-google_Prancheta-1-scaled.jpg 2560w, https:\/\/ppget.ifam.edu.br\/w_seta_novo\/wp-content\/uploads\/2021\/07\/banner-google_Prancheta-1-300x75.jpg 300w, https:\/\/ppget.ifam.edu.br\/w_seta_novo\/wp-content\/uploads\/2021\/07\/banner-google_Prancheta-1-1024x256.jpg 1024w, https:\/\/ppget.ifam.edu.br\/w_seta_novo\/wp-content\/uploads\/2021\/07\/banner-google_Prancheta-1-768x192.jpg 768w, https:\/\/ppget.ifam.edu.br\/w_seta_novo\/wp-content\/uploads\/2021\/07\/banner-google_Prancheta-1-1536x384.jpg 1536w, https:\/\/ppget.ifam.edu.br\/w_seta_novo\/wp-content\/uploads\/2021\/07\/banner-google_Prancheta-1-2048x512.jpg 2048w\" sizes=\"(max-width: 2560px) 100vw, 2560px\" \/>\t\t\t\t\t\t\t\t\t\t\t\t\t\t\t<\/div>\n\t\t\t\t<\/div>\n\t\t\t\t<div class=\"elementor-element elementor-element-b5ebe95 elementor-widget elementor-widget-text-editor\" data-id=\"b5ebe95\" data-element_type=\"widget\" data-e-type=\"widget\" data-widget_type=\"text-editor.default\">\n\t\t\t\t<div class=\"elementor-widget-container\">\n\t\t\t\t\t\t\t\t\t<p><span class=\"fontstyle0\">O VII Simp\u00f3sio de Ensino Tecnol\u00f3gico no Amazonas -SETA, objetiva promover um espa\u00e7o de discuss\u00e3o, reflex\u00e3o e troca de experi\u00eancias sobre a elabora\u00e7\u00e3o de produtos educacionais e seus impactos sociais ou culturais, oportunizar debates sobre os processos e as metodologias envolvidas, e sobre os desafios\u00a0 a serem superados tanto em termos metodol\u00f3gicos quanto na socializa\u00e7\u00e3o e inser\u00e7\u00e3o junto ao p\u00fablico-alvo.<\/span><\/p><p>As submiss\u00f5es devem acontecer por meio dos links disponibilizados ao final desta p\u00e1gina ou no edital, no item 5.1.<\/p>\t\t\t\t\t\t\t\t<\/div>\n\t\t\t\t<\/div>\n\t\t\t\t<div class=\"elementor-element elementor-element-11d148d elementor-widget elementor-widget-heading\" data-id=\"11d148d\" data-element_type=\"widget\" data-e-type=\"widget\" data-widget_type=\"heading.default\">\n\t\t\t\t<div class=\"elementor-widget-container\">\n\t\t\t\t\t<h2 class=\"elementor-heading-title elementor-size-default\">Eixos Tem\u00e1ticos - SETA 2021<\/h2>\t\t\t\t<\/div>\n\t\t\t\t<\/div>\n\t\t\t\t<section class=\"elementor-section elementor-inner-section elementor-element elementor-element-eb71c4a elementor-section-boxed elementor-section-height-default elementor-section-height-default\" data-id=\"eb71c4a\" data-element_type=\"section\" data-e-type=\"section\">\n\t\t\t\t\t\t<div class=\"elementor-container elementor-column-gap-default\">\n\t\t\t\t\t<div class=\"elementor-column elementor-col-50 elementor-inner-column elementor-element elementor-element-5aaca13\" data-id=\"5aaca13\" data-element_type=\"column\" data-e-type=\"column\">\n\t\t\t<div class=\"elementor-widget-wrap elementor-element-populated\">\n\t\t\t\t\t\t<div class=\"elementor-element elementor-element-27eab6d elementor-widget elementor-widget-heading\" data-id=\"27eab6d\" data-element_type=\"widget\" data-e-type=\"widget\" data-widget_type=\"heading.default\">\n\t\t\t\t<div class=\"elementor-widget-container\">\n\t\t\t\t\t<h3 class=\"elementor-heading-title elementor-size-default\">Eixo 1 \u2013 Forma\u00e7\u00e3o de professores<\/h3>\t\t\t\t<\/div>\n\t\t\t\t<\/div>\n\t\t\t\t\t<\/div>\n\t\t<\/div>\n\t\t\t\t<div class=\"elementor-column elementor-col-50 elementor-inner-column elementor-element elementor-element-dfd9442\" data-id=\"dfd9442\" data-element_type=\"column\" data-e-type=\"column\">\n\t\t\t<div class=\"elementor-widget-wrap elementor-element-populated\">\n\t\t\t\t\t\t<div class=\"elementor-element elementor-element-529e417 elementor-widget elementor-widget-text-editor\" data-id=\"529e417\" data-element_type=\"widget\" data-e-type=\"widget\" data-widget_type=\"text-editor.default\">\n\t\t\t\t<div class=\"elementor-widget-container\">\n\t\t\t\t\t\t\t\t\t<p>Neste eixo dever\u00e3o congregar os trabalhos cient\u00edficos que discutem aspectos relacionados \u00e0 forma\u00e7\u00e3o de professores desde a forma\u00e7\u00e3o inicial \u00e0 forma\u00e7\u00e3o continuada, inclui pol\u00edticas de forma\u00e7\u00e3o, tend\u00eancias, abordagens te\u00f3rico-metodol\u00f3gicas no processo de forma\u00e7\u00e3o, pr\u00e1ticas no contexto formativo, aspectos hist\u00f3ricos da profissionaliza\u00e7\u00e3o, desafios contempor\u00e2neos para forma\u00e7\u00e3o docente, forma\u00e7\u00e3o como pr\u00e1tica cr\u00edtica-reflexiva.<\/p>\t\t\t\t\t\t\t\t<\/div>\n\t\t\t\t<\/div>\n\t\t\t\t\t<\/div>\n\t\t<\/div>\n\t\t\t\t\t<\/div>\n\t\t<\/section>\n\t\t\t\t\t<\/div>\n\t\t<\/div>\n\t\t\t\t\t<\/div>\n\t\t<\/section>\n\t\t\t\t<section class=\"elementor-section elementor-top-section elementor-element elementor-element-e07eb5a elementor-section-boxed elementor-section-height-default elementor-section-height-default\" data-id=\"e07eb5a\" data-element_type=\"section\" data-e-type=\"section\">\n\t\t\t\t\t\t<div class=\"elementor-container elementor-column-gap-default\">\n\t\t\t\t\t<div class=\"elementor-column elementor-col-100 elementor-top-column elementor-element elementor-element-b60aff6\" data-id=\"b60aff6\" data-element_type=\"column\" data-e-type=\"column\">\n\t\t\t<div class=\"elementor-widget-wrap elementor-element-populated\">\n\t\t\t\t\t\t<section class=\"elementor-section elementor-inner-section elementor-element elementor-element-f9e635e elementor-section-boxed elementor-section-height-default elementor-section-height-default\" data-id=\"f9e635e\" data-element_type=\"section\" data-e-type=\"section\">\n\t\t\t\t\t\t<div class=\"elementor-container elementor-column-gap-default\">\n\t\t\t\t\t<div class=\"elementor-column elementor-col-50 elementor-inner-column elementor-element elementor-element-7cac298\" data-id=\"7cac298\" data-element_type=\"column\" data-e-type=\"column\">\n\t\t\t<div class=\"elementor-widget-wrap elementor-element-populated\">\n\t\t\t\t\t\t<div class=\"elementor-element elementor-element-d7e4417 elementor-widget elementor-widget-heading\" data-id=\"d7e4417\" data-element_type=\"widget\" data-e-type=\"widget\" data-widget_type=\"heading.default\">\n\t\t\t\t<div class=\"elementor-widget-container\">\n\t\t\t\t\t<h2 class=\"elementor-heading-title elementor-size-default\">Eixo 2 -\nProcessos e recursos pedag\u00f3gicos em sala de aula <\/h2>\t\t\t\t<\/div>\n\t\t\t\t<\/div>\n\t\t\t\t\t<\/div>\n\t\t<\/div>\n\t\t\t\t<div class=\"elementor-column elementor-col-50 elementor-inner-column elementor-element elementor-element-96dba29\" data-id=\"96dba29\" data-element_type=\"column\" data-e-type=\"column\">\n\t\t\t<div class=\"elementor-widget-wrap elementor-element-populated\">\n\t\t\t\t\t\t<div class=\"elementor-element elementor-element-927f880 elementor-widget elementor-widget-text-editor\" data-id=\"927f880\" data-element_type=\"widget\" data-e-type=\"widget\" data-widget_type=\"text-editor.default\">\n\t\t\t\t<div class=\"elementor-widget-container\">\n\t\t\t\t\t\t\t\t\t<p><span class=\"fontstyle0\">Dever\u00e3o ser contempladas neste eixo as pesquisas dedicadas aos processos e recursos pedag\u00f3gicos que permeiam o ambiente da sala de aula presencial, remoto, h\u00edbrido, \u00e0 dist\u00e2ncia, que\u00a0 favore\u00e7am a resolu\u00e7\u00e3o de problem\u00e1ticas pertinentes a esse ambiente, na pr\u00e1tica docente e constru\u00e7\u00e3o do conhecimento do aluno.<\/span> <\/p>\t\t\t\t\t\t\t\t<\/div>\n\t\t\t\t<\/div>\n\t\t\t\t\t<\/div>\n\t\t<\/div>\n\t\t\t\t\t<\/div>\n\t\t<\/section>\n\t\t\t\t\t<\/div>\n\t\t<\/div>\n\t\t\t\t\t<\/div>\n\t\t<\/section>\n\t\t\t\t<section class=\"elementor-section elementor-top-section elementor-element elementor-element-83af871 elementor-section-boxed elementor-section-height-default elementor-section-height-default\" data-id=\"83af871\" data-element_type=\"section\" data-e-type=\"section\">\n\t\t\t\t\t\t<div class=\"elementor-container elementor-column-gap-default\">\n\t\t\t\t\t<div class=\"elementor-column elementor-col-100 elementor-top-column elementor-element elementor-element-8402960\" data-id=\"8402960\" data-element_type=\"column\" data-e-type=\"column\">\n\t\t\t<div class=\"elementor-widget-wrap elementor-element-populated\">\n\t\t\t\t\t\t<section class=\"elementor-section elementor-inner-section elementor-element elementor-element-6b9bbdc elementor-section-boxed elementor-section-height-default elementor-section-height-default\" data-id=\"6b9bbdc\" data-element_type=\"section\" data-e-type=\"section\">\n\t\t\t\t\t\t<div class=\"elementor-container elementor-column-gap-default\">\n\t\t\t\t\t<div class=\"elementor-column elementor-col-50 elementor-inner-column elementor-element elementor-element-fbc3361\" data-id=\"fbc3361\" data-element_type=\"column\" data-e-type=\"column\">\n\t\t\t<div class=\"elementor-widget-wrap elementor-element-populated\">\n\t\t\t\t\t\t<div class=\"elementor-element elementor-element-583ac09 elementor-widget elementor-widget-heading\" data-id=\"583ac09\" data-element_type=\"widget\" data-e-type=\"widget\" data-widget_type=\"heading.default\">\n\t\t\t\t<div class=\"elementor-widget-container\">\n\t\t\t\t\t<h2 class=\"elementor-heading-title elementor-size-default\">Eixo 3 - Educa\u00e7\u00e3o, Ci\u00eancia, Tecnologia e Sociedade.<\/h2>\t\t\t\t<\/div>\n\t\t\t\t<\/div>\n\t\t\t\t\t<\/div>\n\t\t<\/div>\n\t\t\t\t<div class=\"elementor-column elementor-col-50 elementor-inner-column elementor-element elementor-element-a22b5ac\" data-id=\"a22b5ac\" data-element_type=\"column\" data-e-type=\"column\">\n\t\t\t<div class=\"elementor-widget-wrap elementor-element-populated\">\n\t\t\t\t\t\t<div class=\"elementor-element elementor-element-5413a49 elementor-widget elementor-widget-text-editor\" data-id=\"5413a49\" data-element_type=\"widget\" data-e-type=\"widget\" data-widget_type=\"text-editor.default\">\n\t\t\t\t<div class=\"elementor-widget-container\">\n\t\t\t\t\t\t\t\t\t<p><span class=\"fontstyle0\">Privilegiam-se neste eixo os trabalhos que dialogam com a rela\u00e7\u00e3o a Educa\u00e7\u00e3o, Ci\u00eancia, Tecnologia e Sociedade, considerando os desafios da sociedade contempor\u00e2nea, contribui\u00e7\u00f5es dos avan\u00e7os da Ci\u00eancia e Tecnologia no ensino, inova\u00e7\u00e3o, avalia\u00e7\u00e3o social e impactos na educa\u00e7\u00e3o.<\/span><\/p>\t\t\t\t\t\t\t\t<\/div>\n\t\t\t\t<\/div>\n\t\t\t\t\t<\/div>\n\t\t<\/div>\n\t\t\t\t\t<\/div>\n\t\t<\/section>\n\t\t\t\t\t<\/div>\n\t\t<\/div>\n\t\t\t\t\t<\/div>\n\t\t<\/section>\n\t\t\t\t<section class=\"elementor-section elementor-top-section elementor-element elementor-element-44b4e46 elementor-section-boxed elementor-section-height-default elementor-section-height-default\" data-id=\"44b4e46\" data-element_type=\"section\" data-e-type=\"section\">\n\t\t\t\t\t\t<div class=\"elementor-container elementor-column-gap-default\">\n\t\t\t\t\t<div class=\"elementor-column elementor-col-100 elementor-top-column elementor-element elementor-element-38942c5\" data-id=\"38942c5\" data-element_type=\"column\" data-e-type=\"column\">\n\t\t\t<div class=\"elementor-widget-wrap elementor-element-populated\">\n\t\t\t\t\t\t<section class=\"elementor-section elementor-inner-section elementor-element elementor-element-467256b elementor-section-boxed elementor-section-height-default elementor-section-height-default\" data-id=\"467256b\" data-element_type=\"section\" data-e-type=\"section\">\n\t\t\t\t\t\t<div class=\"elementor-container elementor-column-gap-default\">\n\t\t\t\t\t<div class=\"elementor-column elementor-col-50 elementor-inner-column elementor-element elementor-element-54ec769\" data-id=\"54ec769\" data-element_type=\"column\" data-e-type=\"column\">\n\t\t\t<div class=\"elementor-widget-wrap elementor-element-populated\">\n\t\t\t\t\t\t<div class=\"elementor-element elementor-element-25ea093 elementor-widget elementor-widget-heading\" data-id=\"25ea093\" data-element_type=\"widget\" data-e-type=\"widget\" data-widget_type=\"heading.default\">\n\t\t\t\t<div class=\"elementor-widget-container\">\n\t\t\t\t\t<h2 class=\"elementor-heading-title elementor-size-default\">Eixo 4 - Diversidade e experi\u00eancias inclusivas.<\/h2>\t\t\t\t<\/div>\n\t\t\t\t<\/div>\n\t\t\t\t\t<\/div>\n\t\t<\/div>\n\t\t\t\t<div class=\"elementor-column elementor-col-50 elementor-inner-column elementor-element elementor-element-ad8a748\" data-id=\"ad8a748\" data-element_type=\"column\" data-e-type=\"column\">\n\t\t\t<div class=\"elementor-widget-wrap elementor-element-populated\">\n\t\t\t\t\t\t<div class=\"elementor-element elementor-element-3b466a0 elementor-widget elementor-widget-text-editor\" data-id=\"3b466a0\" data-element_type=\"widget\" data-e-type=\"widget\" data-widget_type=\"text-editor.default\">\n\t\t\t\t<div class=\"elementor-widget-container\">\n\t\t\t\t\t\t\t\t\t<p>Devem ser discutidos neste eixo aspectos da diversidade nas bases da educa\u00e7\u00e3o especial, experi\u00eancias pedag\u00f3gicas inclusivas advindas dos diferentes atores escolares, problem\u00e1ticas que envolvem quest\u00f5es \u00e9tnico-raciais, lingu\u00edsticas, culturais e de g\u00eanero, em espa\u00e7os escolares nas suas m\u00faltiplas dimens\u00f5es. Desafios da educa\u00e7\u00e3o para a diversidade, considerando avan\u00e7os e possibilidades neste campo.<\/p>\t\t\t\t\t\t\t\t<\/div>\n\t\t\t\t<\/div>\n\t\t\t\t\t<\/div>\n\t\t<\/div>\n\t\t\t\t\t<\/div>\n\t\t<\/section>\n\t\t\t\t\t<\/div>\n\t\t<\/div>\n\t\t\t\t\t<\/div>\n\t\t<\/section>\n\t\t\t\t<section class=\"elementor-section elementor-top-section elementor-element elementor-element-16d6d02 elementor-section-boxed elementor-section-height-default elementor-section-height-default\" data-id=\"16d6d02\" data-element_type=\"section\" data-e-type=\"section\">\n\t\t\t\t\t\t<div class=\"elementor-container elementor-column-gap-default\">\n\t\t\t\t\t<div class=\"elementor-column elementor-col-100 elementor-top-column elementor-element elementor-element-18c8ef6\" data-id=\"18c8ef6\" data-element_type=\"column\" data-e-type=\"column\">\n\t\t\t<div class=\"elementor-widget-wrap elementor-element-populated\">\n\t\t\t\t\t\t<div class=\"elementor-element elementor-element-f7920b0 elementor-widget elementor-widget-image\" data-id=\"f7920b0\" data-element_type=\"widget\" data-e-type=\"widget\" data-widget_type=\"image.default\">\n\t\t\t\t<div class=\"elementor-widget-container\">\n\t\t\t\t\t\t\t\t\t\t\t\t\t\t\t<img decoding=\"async\" width=\"150\" height=\"150\" src=\"https:\/\/ppget.ifam.edu.br\/w_seta_novo\/wp-content\/uploads\/2021\/07\/WhatsApp-Image-2021-07-18-at-22.23.04-150x150.jpeg\" class=\"attachment-thumbnail size-thumbnail wp-image-2678\" alt=\"\" srcset=\"https:\/\/ppget.ifam.edu.br\/w_seta_novo\/wp-content\/uploads\/2021\/07\/WhatsApp-Image-2021-07-18-at-22.23.04-150x150.jpeg 150w, https:\/\/ppget.ifam.edu.br\/w_seta_novo\/wp-content\/uploads\/2021\/07\/WhatsApp-Image-2021-07-18-at-22.23.04-300x300.jpeg 300w, https:\/\/ppget.ifam.edu.br\/w_seta_novo\/wp-content\/uploads\/2021\/07\/WhatsApp-Image-2021-07-18-at-22.23.04-768x768.jpeg 768w, https:\/\/ppget.ifam.edu.br\/w_seta_novo\/wp-content\/uploads\/2021\/07\/WhatsApp-Image-2021-07-18-at-22.23.04.jpeg 1000w\" sizes=\"(max-width: 150px) 100vw, 150px\" \/>\t\t\t\t\t\t\t\t\t\t\t\t\t\t\t<\/div>\n\t\t\t\t<\/div>\n\t\t\t\t\t<\/div>\n\t\t<\/div>\n\t\t\t\t\t<\/div>\n\t\t<\/section>\n\t\t\t\t<section class=\"elementor-section elementor-top-section elementor-element elementor-element-86c81da elementor-section-boxed elementor-section-height-default elementor-section-height-default\" data-id=\"86c81da\" data-element_type=\"section\" data-e-type=\"section\">\n\t\t\t\t\t\t<div class=\"elementor-container elementor-column-gap-default\">\n\t\t\t\t\t<div class=\"elementor-column elementor-col-100 elementor-top-column elementor-element elementor-element-efecc61\" data-id=\"efecc61\" data-element_type=\"column\" data-e-type=\"column\">\n\t\t\t<div class=\"elementor-widget-wrap elementor-element-populated\">\n\t\t\t\t\t\t<div class=\"elementor-element elementor-element-267d89a elementor-widget elementor-widget-text-editor\" data-id=\"267d89a\" data-element_type=\"widget\" data-e-type=\"widget\" data-widget_type=\"text-editor.default\">\n\t\t\t\t<div class=\"elementor-widget-container\">\n\t\t\t\t\t\t\t\t\t<p><span style=\"color: #404248; font-family: Graphik, -apple-system, BlinkMacSystemFont,;\" data-raofz=\"24\"><br \/><span data-raofz=\"24\"><strong>BAIXE O\u00a0<\/strong><\/span><strong style=\"color: #000000;\"><span style=\"color: #404248; font-family: Graphik, -apple-system, BlinkMacSystemFont,;\" data-raofz=\"24\">EDITAL COMPLETO AQUI: <\/span><a href=\"http:\/\/gg.gg\/edital_seta2021\">http:\/\/gg.gg\/edital_seta2021<\/a><\/strong><\/span><\/p>\t\t\t\t\t\t\t\t<\/div>\n\t\t\t\t<\/div>\n\t\t\t\t<div class=\"elementor-element elementor-element-406de77 elementor-widget elementor-widget-heading\" data-id=\"406de77\" data-element_type=\"widget\" data-e-type=\"widget\" data-widget_type=\"heading.default\">\n\t\t\t\t<div class=\"elementor-widget-container\">\n\t\t\t\t\t<h2 class=\"elementor-heading-title elementor-size-default\">Link's importantes<\/h2>\t\t\t\t<\/div>\n\t\t\t\t<\/div>\n\t\t\t\t<div class=\"elementor-element elementor-element-5f8cd06 elementor-widget elementor-widget-text-editor\" data-id=\"5f8cd06\" data-element_type=\"widget\" data-e-type=\"widget\" data-widget_type=\"text-editor.default\">\n\t\t\t\t<div class=\"elementor-widget-container\">\n\t\t\t\t\t\t\t\t\t<p style=\"color: #000000; font-family: Arial, sans-serif;\">Seguem os links abaixo para download dos templates e materiais importantes para elabora\u00e7\u00e3o dos artigos cient\u00edficos e relatos de experi\u00eancias, bem como suas submiss\u00f5es para este evento:<\/p><p><strong>Template Artigo Cient\u00edfico:\u00a0<a href=\"http:\/\/gg.gg\/template_seta_artigo_21\">http:\/\/gg.gg\/template_seta_artigo_21<\/a> <\/strong><\/p><p><strong>Template Relato de Experi\u00eancia: <a href=\"http:\/\/gg.gg\/template_seta_relato_21\">http:\/\/gg.gg\/template_seta_relato_21<\/a><\/strong><\/p><p><strong>Slide Apresenta\u00e7\u00e3o: <a href=\"http:\/\/gg.gg\/template_seta_apresentacao\">http:\/\/gg.gg\/template_seta_apresentacao<\/a><\/strong><\/p><p><strong>Orienta\u00e7\u00f5es para grava\u00e7\u00e3o de v\u00eddeo:<a href=\"http:\/\/gg.gg\/orientacao_video_seta\">http:\/\/gg.gg\/orientacao_video_seta<\/a><\/strong><\/p><p>Seguem os links para submiss\u00e3o de artigos cient\u00edficos e relatos de experi\u00eancia:<\/p><p><strong>Artigo Cient\u00edfico: <a href=\"http:\/\/gg.gg\/artigo2021\">http:\/\/gg.gg\/artigo2021<\/a><\/strong><br \/><strong>Relato de experi\u00eancia: <\/strong><a href=\"http:\/\/gg.gg\/relatosdeexperiencia2021\"><strong>http:\/\/gg.gg\/relatosdeexperiencia2021<\/strong> <\/a><\/p><p style=\"color: #000000; font-family: Arial, sans-serif;\"><span style=\"font-weight: bold;\">\u00a0<\/span><\/p>\t\t\t\t\t\t\t\t<\/div>\n\t\t\t\t<\/div>\n\t\t\t\t\t<\/div>\n\t\t<\/div>\n\t\t\t\t\t<\/div>\n\t\t<\/section>\n\t\t\t\t<\/div>\n\t\t","protected":false},"excerpt":{"rendered":"<p>O VII Simp\u00f3sio de Ensino Tecnol\u00f3gico no Amazonas -SETA, objetiva promover um espa\u00e7o de discuss\u00e3o, reflex\u00e3o e troca de experi\u00eancias sobre a elabora\u00e7\u00e3o de produtos educacionais e seus impactos sociais &#8230;<\/p>\n","protected":false},"author":1,"featured_media":0,"parent":0,"menu_order":0,"comment_status":"closed","ping_status":"closed","template":"","meta":{"_uag_custom_page_level_css":"","footnotes":""},"class_list":["post-111","page","type-page","status-publish","hentry"],"uagb_featured_image_src":{"full":false,"thumbnail":false,"medium":false,"medium_large":false,"large":false,"1536x1536":false,"2048x2048":false,"onepress-blog-small":false,"onepress-small":false,"onepress-medium":false},"uagb_author_info":{"display_name":"ppget_admin","author_link":"https:\/\/ppget.ifam.edu.br\/w_seta_novo\/index.php\/author\/ppget_admin\/"},"uagb_comment_info":0,"uagb_excerpt":"O VII Simp\u00f3sio de Ensino Tecnol\u00f3gico no Amazonas -SETA, objetiva promover um espa\u00e7o de discuss\u00e3o, reflex\u00e3o e troca de experi\u00eancias sobre a elabora\u00e7\u00e3o de produtos educacionais e seus impactos sociais ...","_links":{"self":[{"href":"https:\/\/ppget.ifam.edu.br\/w_seta_novo\/index.php\/wp-json\/wp\/v2\/pages\/111","targetHints":{"allow":["GET"]}}],"collection":[{"href":"https:\/\/ppget.ifam.edu.br\/w_seta_novo\/index.php\/wp-json\/wp\/v2\/pages"}],"about":[{"href":"https:\/\/ppget.ifam.edu.br\/w_seta_novo\/index.php\/wp-json\/wp\/v2\/types\/page"}],"author":[{"embeddable":true,"href":"https:\/\/ppget.ifam.edu.br\/w_seta_novo\/index.php\/wp-json\/wp\/v2\/users\/1"}],"replies":[{"embeddable":true,"href":"https:\/\/ppget.ifam.edu.br\/w_seta_novo\/index.php\/wp-json\/wp\/v2\/comments?post=111"}],"version-history":[{"count":51,"href":"https:\/\/ppget.ifam.edu.br\/w_seta_novo\/index.php\/wp-json\/wp\/v2\/pages\/111\/revisions"}],"predecessor-version":[{"id":2964,"href":"https:\/\/ppget.ifam.edu.br\/w_seta_novo\/index.php\/wp-json\/wp\/v2\/pages\/111\/revisions\/2964"}],"wp:attachment":[{"href":"https:\/\/ppget.ifam.edu.br\/w_seta_novo\/index.php\/wp-json\/wp\/v2\/media?parent=111"}],"curies":[{"name":"wp","href":"https:\/\/api.w.org\/{rel}","templated":true}]}}