{"id":101,"date":"2016-05-04T03:41:34","date_gmt":"2016-05-04T03:41:34","guid":{"rendered":"http:\/\/mpet.ifam.edu.br\/wp_seta\/?page_id=101"},"modified":"2023-08-02T18:21:19","modified_gmt":"2023-08-02T21:21:19","slug":"sobre-o-ifam","status":"publish","type":"page","link":"https:\/\/ppget.ifam.edu.br\/w_seta_novo\/index.php\/sobre-o-ifam\/","title":{"rendered":"Sobre o IFAM\/CMC"},"content":{"rendered":"\t\t<div data-elementor-type=\"wp-page\" data-elementor-id=\"101\" class=\"elementor elementor-101\">\n\t\t\t\t\t\t<section class=\"elementor-section elementor-top-section elementor-element elementor-element-dd82d00 elementor-section-boxed elementor-section-height-default elementor-section-height-default\" data-id=\"dd82d00\" data-element_type=\"section\" data-e-type=\"section\">\n\t\t\t\t\t\t<div class=\"elementor-container elementor-column-gap-default\">\n\t\t\t\t\t<div class=\"elementor-column elementor-col-100 elementor-top-column elementor-element elementor-element-fd3d385\" data-id=\"fd3d385\" data-element_type=\"column\" data-e-type=\"column\">\n\t\t\t<div class=\"elementor-widget-wrap elementor-element-populated\">\n\t\t\t\t\t\t<div class=\"elementor-element elementor-element-2dd3cbd elementor-widget elementor-widget-video\" data-id=\"2dd3cbd\" data-element_type=\"widget\" data-e-type=\"widget\" data-settings=\"{&quot;youtube_url&quot;:&quot;https:\\\/\\\/youtu.be\\\/TTjgILFibAI&quot;,&quot;video_type&quot;:&quot;youtube&quot;,&quot;controls&quot;:&quot;yes&quot;}\" data-widget_type=\"video.default\">\n\t\t\t\t<div class=\"elementor-widget-container\">\n\t\t\t\t\t\t\t<div class=\"elementor-wrapper elementor-open-inline\">\n\t\t\t<div class=\"elementor-video\"><\/div>\t\t<\/div>\n\t\t\t\t\t\t<\/div>\n\t\t\t\t<\/div>\n\t\t\t\t\t<\/div>\n\t\t<\/div>\n\t\t\t\t\t<\/div>\n\t\t<\/section>\n\t\t\t\t<section class=\"elementor-section elementor-top-section elementor-element elementor-element-7cfeb2a3 elementor-section-boxed elementor-section-height-default elementor-section-height-default\" data-id=\"7cfeb2a3\" data-element_type=\"section\" data-e-type=\"section\">\n\t\t\t\t\t\t<div class=\"elementor-container elementor-column-gap-default\">\n\t\t\t\t\t<div class=\"elementor-column elementor-col-100 elementor-top-column elementor-element elementor-element-61ad3b5e\" data-id=\"61ad3b5e\" data-element_type=\"column\" data-e-type=\"column\">\n\t\t\t<div class=\"elementor-widget-wrap elementor-element-populated\">\n\t\t\t\t\t\t<div class=\"elementor-element elementor-element-66538d1c elementor-widget elementor-widget-text-editor\" data-id=\"66538d1c\" data-element_type=\"widget\" data-e-type=\"widget\" data-widget_type=\"text-editor.default\">\n\t\t\t\t<div class=\"elementor-widget-container\">\n\t\t\t\t\t\t\t\t\t<p style=\"text-align: justify;\"><strong>Trajet\u00f3ria hist\u00f3rica<\/strong><br \/>A hist\u00f3ria do Instituto Federal de Educa\u00e7\u00e3o, Ci\u00eancia e Tecnologia do Amazonas se divide em quatro etapas. Em virtude do decreto do ent\u00e3o presidente da rep\u00fablica Nilo Pe\u00e7anha, em 1909 foi fundada a Escola de Aprendizes e Art\u00edfices do Amazonas.<br \/>Com a industrializa\u00e7\u00e3o do Brasil, a Escola foi obrigada a modificar seu perfil, e em 1937 passou a ser chamada Liceu Industrial. Durante o governo de Get\u00falio Vargas, a institui\u00e7\u00e3o ganhou espa\u00e7o e se tornou, em 1959, Escola T\u00e9cnica Federal do Amazonas.<\/p><p style=\"text-align: justify;\">Em 2001, com o decreto presidencial, a escola passou a oferecer cursos superiores de tecnologia e licenciaturas, sob o t\u00edtulo de Centro Federal de Educa\u00e7\u00e3o Tecnol\u00f3gica. Somente em dezembro de 2008, com a san\u00e7\u00e3o da lei n\u00ba 11.892, a escola passou a ser Instituto Federal de Educa\u00e7\u00e3o, Ci\u00eancia e Tecnologia.<\/p><p style=\"text-align: justify;\">Atualmente o IFAM \u00e9 composto por 14 Campi de Ensino conforme localiza\u00e7\u00e3o, a saber:<\/p><ul><li style=\"text-align: justify;\">Campus Coari: Estrada Coari Itap\u00e9ua Km 02, s\/n, Itamaraty &#8211; Coari\/AM. Telefone (92) 3561-2470<\/li><li style=\"text-align: justify;\">Campus Labrea: Rua 22 de Outubro, s\/n\u00ba, Vila Falc\u00e3o &#8211; L\u00e1brea\/AM. Telefone (97) 3331-1009<\/li><li style=\"text-align: justify;\">Manaus (Centro): Av. 7 de setembro, 1975, Centro \u2013 Manaus\/AM. Telefone: (92) 3621-6725.<\/li><li style=\"text-align: justify;\">Manaus (Distrito Industrial): Av. Danilo Areosa, 1672, Distrito Industrial \u2013 Manaus\/AM. Telefone: (92) 3614-6200<\/li><li style=\"text-align: justify;\">Manaus (Zona Leste): Av. Cosme Ferreira, 8045, S\u00e3o Jos\u00e9 Oper\u00e1rio &#8211; Manaus\/AM. Telefone (92) 3638-1779<\/li><li style=\"text-align: justify;\">Campus Mau\u00e9s: Estrada dos Moraes, s\/n\u00ba, Novo Mau\u00e9s &#8211; Mau\u00e9s\/AM. Telefone (92) 9213-8304<\/li><li style=\"text-align: justify;\">Campus Parintins: Estrada Odovaldo Novo, s\/n\u00ba, Comunidade Aninga-Paranapanema &#8211; Parintins\/AM. Telefone: (92) 3533-5237<\/li><li style=\"text-align: justify;\">Campus Presidente Figueiredo: Av. On\u00e7a Pintada, s\/n\u00ba, Galo da Serra &#8211; Presidente Figueiredo\/AM. Telefone: (92) 3324-1032<\/li><li style=\"text-align: justify;\">Campus S\u00e3o Gabriel da Cachoeira: Rod. BR 307, Km 03, S\/N\u00ba &#8211; Est. do Aeroporto, Cachoerinha &#8211; S\u00e3o Gabriel da Cachoeira\/AM. Telefone (97) 3471-1470<\/li><li style=\"text-align: justify;\">Campus Tabatinga: Av. Santos Dumont, s\/n\u00ba, Vila Verde &#8211; Tabatinga\/AM. Telefone (97) 3412-5281<\/li><li style=\"text-align: justify;\">Campus Humait\u00e1: Rod BR 230, S\/N.<\/li><li style=\"text-align: justify;\">Campus Eirunep\u00e9: R. Otaviano Melo, Eirunep\u00e9 &#8211; AM, 69880-000.<\/li><li style=\"text-align: justify;\">Campus Itacoatiara: AM-010 &#8211; Itacoatiara, AM, 69109-899.<\/li><li style=\"text-align: justify;\">Campus Tef\u00e9: em R. Jo\u00e3o Est\u00e9fano, 1-181, Tef\u00e9 &#8211; AM, 69470-000.<\/li><\/ul><p><strong>Como chegar ao Campus Manaus Centro (CMC)<\/strong><\/p><p><br \/><iframe style=\"border: 0;\" src=\"https:\/\/www.google.com\/maps\/embed?pb=!1m18!1m12!1m3!1d3983.8506214338163!2d-60.01517228524274!3d-3.13414199771785!2m3!1f0!2f0!3f0!3m2!1i1024!2i768!4f13.1!3m3!1m2!1s0x926c057715e51dc1%3A0x131a0659382fadd9!2sInstituto+Federal+de+Educa%C3%A7%C3%A3o%2C+Ci%C3%AAncia+e+Tecnologia+do+Amazonas+-+IFAM!5e0!3m2!1spt-BR!2sbr!4v1462848423230\" width=\"600\" height=\"450\" frameborder=\"0\" allowfullscreen=\"allowfullscreen\"><\/iframe><\/p><p style=\"text-align: center;\">Fonte: http:\/\/www2.ifam.edu.br\/instituicao\/historia-do-ifam<\/p>\t\t\t\t\t\t\t\t<\/div>\n\t\t\t\t<\/div>\n\t\t\t\t\t<\/div>\n\t\t<\/div>\n\t\t\t\t\t<\/div>\n\t\t<\/section>\n\t\t\t\t<\/div>\n\t\t","protected":false},"excerpt":{"rendered":"<p>https:\/\/youtu.be\/TTjgILFibAI Trajet\u00f3ria hist\u00f3ricaA hist\u00f3ria do Instituto Federal de Educa\u00e7\u00e3o, Ci\u00eancia e Tecnologia do Amazonas se divide em quatro etapas. Em virtude do decreto do ent\u00e3o presidente da rep\u00fablica Nilo Pe\u00e7anha, &#8230;<\/p>\n","protected":false},"author":1,"featured_media":0,"parent":0,"menu_order":0,"comment_status":"closed","ping_status":"closed","template":"","meta":{"_uag_custom_page_level_css":"","footnotes":""},"class_list":["post-101","page","type-page","status-publish","hentry"],"uagb_featured_image_src":{"full":false,"thumbnail":false,"medium":false,"medium_large":false,"large":false,"1536x1536":false,"2048x2048":false,"onepress-blog-small":false,"onepress-small":false,"onepress-medium":false},"uagb_author_info":{"display_name":"ppget_admin","author_link":"https:\/\/ppget.ifam.edu.br\/w_seta_novo\/index.php\/author\/ppget_admin\/"},"uagb_comment_info":0,"uagb_excerpt":"https:\/\/youtu.be\/TTjgILFibAI Trajet\u00f3ria hist\u00f3ricaA hist\u00f3ria do Instituto Federal de Educa\u00e7\u00e3o, Ci\u00eancia e Tecnologia do Amazonas se divide em quatro etapas. Em virtude do decreto do ent\u00e3o presidente da rep\u00fablica Nilo Pe\u00e7anha, ...","_links":{"self":[{"href":"https:\/\/ppget.ifam.edu.br\/w_seta_novo\/index.php\/wp-json\/wp\/v2\/pages\/101","targetHints":{"allow":["GET"]}}],"collection":[{"href":"https:\/\/ppget.ifam.edu.br\/w_seta_novo\/index.php\/wp-json\/wp\/v2\/pages"}],"about":[{"href":"https:\/\/ppget.ifam.edu.br\/w_seta_novo\/index.php\/wp-json\/wp\/v2\/types\/page"}],"author":[{"embeddable":true,"href":"https:\/\/ppget.ifam.edu.br\/w_seta_novo\/index.php\/wp-json\/wp\/v2\/users\/1"}],"replies":[{"embeddable":true,"href":"https:\/\/ppget.ifam.edu.br\/w_seta_novo\/index.php\/wp-json\/wp\/v2\/comments?post=101"}],"version-history":[{"count":8,"href":"https:\/\/ppget.ifam.edu.br\/w_seta_novo\/index.php\/wp-json\/wp\/v2\/pages\/101\/revisions"}],"predecessor-version":[{"id":3657,"href":"https:\/\/ppget.ifam.edu.br\/w_seta_novo\/index.php\/wp-json\/wp\/v2\/pages\/101\/revisions\/3657"}],"wp:attachment":[{"href":"https:\/\/ppget.ifam.edu.br\/w_seta_novo\/index.php\/wp-json\/wp\/v2\/media?parent=101"}],"curies":[{"name":"wp","href":"https:\/\/api.w.org\/{rel}","templated":true}]}}